{"id":935,"date":"2014-08-15T11:49:07","date_gmt":"2014-08-15T11:49:07","guid":{"rendered":"https:\/\/gerd-kramer.com\/?page_id=935"},"modified":"2014-08-15T11:49:07","modified_gmt":"2014-08-15T11:49:07","slug":"ueber-das-gitarrenspiel","status":"publish","type":"page","link":"https:\/\/gerd-kramer.com\/wordpress\/ueber-das-gitarrenspiel\/","title":{"rendered":"Blues \u00fcber das Gitarrenspiel"},"content":{"rendered":"<p><strong>Talking Guitar Blues\u00a0\u00a0<\/strong><\/p>\n<div class=\"s1\" align=\"justify\"><span style=\"color: #000000; font-size: 11pt;\">Es war Samstagabend, ich sa\u00df vor der Glotze. Im 1. lief Hansi Hinterseer und im 2. die Lustigen Musikanten. Seit ich auf Digital umgestellt hatte, konnte ich nur noch diese Programme empfangen. Ich trat vor Wut gegen den Fernseher, danach war nur noch Schnee zu sehen. Das gefiel mir zwar wesentlich besser, weil ich wusste, dass man darin das Echo des Urknalls sehen konnte, aber nach einiger Zeit fing die Langeweile wieder an.\u00a0<\/span><\/div>\n<div class=\"s1\" align=\"justify\"><span style=\"color: #000000; font-size: 11pt;\">Da fiel mir ein, dass Rudi mich zu seiner Fete eingeladen hatte. \u201eUnd bring deine Klampfe mit\u201c hatte er gesagt. Meine Stimmung hellte sich sofort wieder auf. \u00a0Ich packte noch schnell einen Schokoladenweihnachtsmann vom letzten Jahr in Geschenkpapier ein. Dann h\u00e4ngte ich mir die Gitarre um den Bauch und machte mich zu Fu\u00df auf den Weg. Unterwegs spielte ich schon mal einige meiner Lieblingsst\u00fccke. Passanten gr\u00fc\u00dften mich freundlich und h\u00fcbsche M\u00e4dchen l\u00e4chelten mich an.\u00a0<\/span><\/div>\n<div class=\"s1\" align=\"justify\"><span style=\"color: #000000; font-size: 11pt;\">Ich war in H\u00f6chstform, als ich bei Rudi eintraf. Ich \u00fcberreichte ihm mein Geschenk. Er bedankte sich herzlich und stellte es zu all den anderen noch verpackten Mitbringseln. Rudi gab mir eine Flasche Bier und zeigte auf einen Hocker, der mitten im Wohnzimmer stand. \u201eSetz dich auf den Hocker da und spiel schon mal was!\u201c sagte Rudi Ich setzte mich brav und stimmte meine Gitarre auf open D um.\u00a0<\/span><\/div>\n<div class=\"s1\" align=\"justify\"><span style=\"color: #000000; font-size: 11pt;\">Ich wollte unbedingt das wundersch\u00f6ne St\u00fcck von Klaus Weiland spielen: \u201eDas Loch in der Banane\u201c, das jeder als NDR-Pausenmusik kennt, mit dem Bild eines Hei\u00dfluftballons, der malerisch \u00fcber einer Stadt dahinschwebt. Zwei Jahre lang hatte ich an dem St\u00fcck ge\u00fcbt und ich spielte so gut wie nie zuvor in meinem Leben. Vor meinen Augen schwebte der Ballon \u00fcber die Stadt.\u00a0<\/span><\/div>\n<div class=\"s1\" align=\"justify\"><span style=\"color: #000000; font-size: 11pt;\">Offenbar nur vor meinen Augen. Rundherum standen die Partyg\u00e4ste und unterhielten sich laut. F\u00fcr Fingerpicker keine Chance, Geh\u00f6r zu finden. Ich spielte verbissen weiter, bis Willi mir auf die Schulter klopfte. \u201eHey Alter, du bringst das nicht\u201c, sagte er forsch und nahm mir die Gitarre ab. Er nahm auch meinen Platz ein und legte los. Willi konnte zwei Lieder spielen: \u201eBlowing in the wind\u201c und \u201eMarmor Stein und Eisen bricht\u201c. Weder er noch das Publikum merkten, dass die Gitarre noch in D gestimmt war. Die G\u00e4ste fingen augenblicklich an, mitzugr\u00f6len. Da alle nur die 1. Strophe auswendig kannten, wiederholten sie diese immer wieder.\u00a0<\/span><\/div>\n<div class=\"s1\" align=\"justify\"><span style=\"color: #000000; font-size: 11pt;\">Willi haute immer mehr in die Seiten. Eine nach der anderen riss, bis nur noch die tiefe E-Seite \u00fcbrig war, gestimmt in D. Mir kamen die Tr\u00e4nen. Marion sah meine Tr\u00e4nen und versuchte mich zu tr\u00f6sten: \u201ewenn du noch ein bisschen \u00fcbst, kriegst du das bestimmt auch hin\u201c.\u00a0<\/span><\/div>\n<div class=\"s1\" align=\"justify\"><span style=\"color: #000000; font-size: 11pt;\">Das munterte mich nicht wirklich auf. Nachdem Willi mir triumphierend die Gitarre zur\u00fcckgegeben hatte, verlie\u00df ich das Wohnzimmer, bedankte mich bei Rudi f\u00fcr den sch\u00f6nen Abend und trat den Heimweg an. Vorher ging ich noch kurz in die K\u00fcche und nahm mir das am sch\u00f6nsten verpackte Geschenk als kleine Entsch\u00e4digung und versteckte es in meiner Manteltasche.\u00a0<\/span><\/div>\n<div class=\"s1\" align=\"justify\"><span style=\"color: #000000; font-size: 11pt;\">Drau\u00dfen regnete es. Deprimiert lief ich durch die nassen Stra\u00dfen, kein Passant nahm Notiz von mir und kein M\u00e4dchen l\u00e4chelte mich an. Pl\u00f6tzlich trat ich auf eine der herunterbaumelnden Gitarrenseiten (es war die G-Seite). Das riss mir die Gitarre vom Hals, ich stolperte und landete in einer tiefen schmutzigen Pf\u00fctze. In meiner Manteltasche klirrte es und eine dunkelrote Fl\u00fcssigkeit ergoss sich \u00fcber mich. Das so sch\u00f6n verpackte Geschenk war eine Flasche Rotwein gewesen.\u00a0<\/span><\/div>\n<div class=\"s1\" align=\"justify\"><\/div>\n<div class=\"s1\" align=\"justify\"><span style=\"color: #000000; font-size: 11pt;\">Nie wieder w\u00fcrde ich auf einer Fete Gitarre spielen!\u00a0<\/span><\/div>\n<div class=\"s1\" align=\"justify\"><span style=\"color: #000000; font-size: 11pt;\"><b>\u00a0<\/b><\/span><\/div>\n<div class=\"s1\" align=\"justify\"><span style=\"color: #800000; font-size: 11pt;\"><b>Musik und Text: Gerd Kramer\u00a0<\/b><\/span><\/div>\n<p>&nbsp;<\/p>\n<p><iframe src=\"\/\/www.youtube.com\/embed\/oGTc24_KrKY\" width=\"640\" height=\"390\" frameborder=\"0\" allowfullscreen=\"allowfullscreen\"><\/iframe><\/p>\n","protected":false},"excerpt":{"rendered":"<p>Talking Guitar Blues\u00a0\u00a0 Es war Samstagabend, ich sa\u00df vor der Glotze. Im 1. lief Hansi Hinterseer und im 2. die Lustigen Musikanten. Seit ich auf Digital umgestellt hatte, konnte ich nur noch diese Programme empfangen. Ich trat vor Wut gegen den Fernseher, danach war nur noch Schnee zu sehen. Das gefiel mir zwar wesentlich besser, &hellip; <a href=\"https:\/\/gerd-kramer.com\/wordpress\/ueber-das-gitarrenspiel\/\" class=\"more-link\"><span class=\"screen-reader-text\">Blues \u00fcber das Gitarrenspiel<\/span> weiterlesen <span class=\"meta-nav\">&rarr;<\/span><\/a><\/p>\n","protected":false},"author":1,"featured_media":0,"parent":0,"menu_order":0,"comment_status":"open","ping_status":"open","template":"","meta":{"ngg_post_thumbnail":0},"yoast_head":"<!-- This site is optimized with the Yoast SEO plugin v15.9.2 - https:\/\/yoast.com\/wordpress\/plugins\/seo\/ -->\n<meta name=\"robots\" content=\"index, follow, max-snippet:-1, max-image-preview:large, max-video-preview:-1\" \/>\n<link rel=\"canonical\" href=\"https:\/\/gerd-kramer.com\/wordpress\/ueber-das-gitarrenspiel\/\" \/>\n<meta property=\"og:locale\" content=\"de_DE\" \/>\n<meta property=\"og:type\" content=\"article\" \/>\n<meta property=\"og:title\" content=\"Blues \u00fcber das Gitarrenspiel - Gerd Kramer\" \/>\n<meta property=\"og:description\" content=\"Talking Guitar Blues\u00a0\u00a0 Es war Samstagabend, ich sa\u00df vor der Glotze. Im 1. lief Hansi Hinterseer und im 2. die Lustigen Musikanten. Seit ich auf Digital umgestellt hatte, konnte ich nur noch diese Programme empfangen. Ich trat vor Wut gegen den Fernseher, danach war nur noch Schnee zu sehen. Das gefiel mir zwar wesentlich besser, &hellip; Blues \u00fcber das Gitarrenspiel weiterlesen &rarr;\" \/>\n<meta property=\"og:url\" content=\"https:\/\/gerd-kramer.com\/wordpress\/ueber-das-gitarrenspiel\/\" \/>\n<meta property=\"og:site_name\" content=\"Gerd Kramer\" \/>\n<meta name=\"twitter:card\" content=\"summary_large_image\" \/>\n<meta name=\"twitter:label1\" content=\"Gesch\u00e4tzte Lesezeit\">\n\t<meta name=\"twitter:data1\" content=\"3 Minuten\">\n<script type=\"application\/ld+json\" class=\"yoast-schema-graph\">{\"@context\":\"https:\/\/schema.org\",\"@graph\":[{\"@type\":\"WebSite\",\"@id\":\"https:\/\/gerd-kramer.com\/wordpress\/#website\",\"url\":\"https:\/\/gerd-kramer.com\/wordpress\/\",\"name\":\"Gerd Kramer\",\"description\":\"Autor\",\"potentialAction\":[{\"@type\":\"SearchAction\",\"target\":\"https:\/\/gerd-kramer.com\/wordpress\/?s={search_term_string}\",\"query-input\":\"required name=search_term_string\"}],\"inLanguage\":\"de-DE\"},{\"@type\":\"WebPage\",\"@id\":\"https:\/\/gerd-kramer.com\/wordpress\/ueber-das-gitarrenspiel\/#webpage\",\"url\":\"https:\/\/gerd-kramer.com\/wordpress\/ueber-das-gitarrenspiel\/\",\"name\":\"Blues \\u00fcber das Gitarrenspiel - Gerd Kramer\",\"isPartOf\":{\"@id\":\"https:\/\/gerd-kramer.com\/wordpress\/#website\"},\"datePublished\":\"2014-08-15T11:49:07+00:00\",\"dateModified\":\"2014-08-15T11:49:07+00:00\",\"breadcrumb\":{\"@id\":\"https:\/\/gerd-kramer.com\/wordpress\/ueber-das-gitarrenspiel\/#breadcrumb\"},\"inLanguage\":\"de-DE\",\"potentialAction\":[{\"@type\":\"ReadAction\",\"target\":[\"https:\/\/gerd-kramer.com\/wordpress\/ueber-das-gitarrenspiel\/\"]}]},{\"@type\":\"BreadcrumbList\",\"@id\":\"https:\/\/gerd-kramer.com\/wordpress\/ueber-das-gitarrenspiel\/#breadcrumb\",\"itemListElement\":[{\"@type\":\"ListItem\",\"position\":1,\"item\":{\"@type\":\"WebPage\",\"@id\":\"https:\/\/gerd-kramer.com\/wordpress\/\",\"url\":\"https:\/\/gerd-kramer.com\/wordpress\/\",\"name\":\"Home\"}},{\"@type\":\"ListItem\",\"position\":2,\"item\":{\"@type\":\"WebPage\",\"@id\":\"https:\/\/gerd-kramer.com\/wordpress\/ueber-das-gitarrenspiel\/\",\"url\":\"https:\/\/gerd-kramer.com\/wordpress\/ueber-das-gitarrenspiel\/\",\"name\":\"Blues \\u00fcber das Gitarrenspiel\"}}]}]}<\/script>\n<!-- \/ Yoast SEO plugin. -->","_links":{"self":[{"href":"https:\/\/gerd-kramer.com\/wordpress\/wp-json\/wp\/v2\/pages\/935"}],"collection":[{"href":"https:\/\/gerd-kramer.com\/wordpress\/wp-json\/wp\/v2\/pages"}],"about":[{"href":"https:\/\/gerd-kramer.com\/wordpress\/wp-json\/wp\/v2\/types\/page"}],"author":[{"embeddable":true,"href":"https:\/\/gerd-kramer.com\/wordpress\/wp-json\/wp\/v2\/users\/1"}],"replies":[{"embeddable":true,"href":"https:\/\/gerd-kramer.com\/wordpress\/wp-json\/wp\/v2\/comments?post=935"}],"version-history":[{"count":0,"href":"https:\/\/gerd-kramer.com\/wordpress\/wp-json\/wp\/v2\/pages\/935\/revisions"}],"wp:attachment":[{"href":"https:\/\/gerd-kramer.com\/wordpress\/wp-json\/wp\/v2\/media?parent=935"}],"curies":[{"name":"wp","href":"https:\/\/api.w.org\/{rel}","templated":true}]}}