{"id":933,"date":"2014-08-15T11:47:40","date_gmt":"2014-08-15T11:47:40","guid":{"rendered":"https:\/\/gerd-kramer.com\/?page_id=933"},"modified":"2021-12-28T14:33:55","modified_gmt":"2021-12-28T14:33:55","slug":"hoerbeispiele","status":"publish","type":"page","link":"https:\/\/gerd-kramer.com\/wordpress\/hoerbeispiele\/","title":{"rendered":"H\u00f6rbeispiele"},"content":{"rendered":"<p><iframe title=\"K\u00fcsten-Krimis von Gerd Kramer (Song und Trailer)\" width=\"474\" height=\"267\" src=\"https:\/\/www.youtube.com\/embed\/GaLI17O_Pps?feature=oembed\" frameborder=\"0\" allow=\"accelerometer; autoplay; clipboard-write; encrypted-media; gyroscope; picture-in-picture\" allowfullscreen><\/iframe><\/p>\n<p><em><span style=\"color: #993300;\">Hab Acht<\/span> &#8211; ein Krimi-Song<\/em><\/p>\n<p>&nbsp;<\/p>\n<p><iframe src=\"\/\/www.youtube.com\/embed\/hm51NqRrQSU\" width=\"640\" height=\"390\" frameborder=\"0\" allowfullscreen=\"allowfullscreen\"><\/iframe><br \/>\n<em><span style=\"color: #993300;\">Spuren<\/span> &#8211; Was bleibt, wenn man gegangen ist?<\/em><\/p>\n<p><iframe src=\"\/\/www.youtube.com\/embed\/GquzHsitwaQ\" width=\"640\" height=\"390\" frameborder=\"0\" allowfullscreen=\"allowfullscreen\"><\/iframe><br \/>\n<em><span style=\"color: #993300;\">Mein Freund der Tinnitus<\/span> &#8211; L\u00e4rm macht krank<\/em><\/p>\n<p><iframe src=\"\/\/www.youtube.com\/embed\/8HK5brugC1A\" width=\"640\" height=\"390\" frameborder=\"0\" allowfullscreen=\"allowfullscreen\"><\/iframe><br \/>\n<em><span style=\"color: #993300;\">Hab an dich gedacht<\/span> &#8211; Ein Liebeslied (Cover von musicsony)<\/em><\/p>\n<p><iframe src=\"\/\/www.youtube.com\/embed\/GYZS55F5JoE\" width=\"640\" height=\"390\" frameborder=\"0\" allowfullscreen=\"allowfullscreen\"><\/iframe><br \/>\n<em><span style=\"color: #993300;\">L\u00fctt Matten<\/span> &#8211; \u00dcber die Musikantenkneipe in Garding<\/em><\/p>\n<p><iframe src=\"\/\/www.youtube.com\/embed\/Gv_bFD1_JjE\" width=\"640\" height=\"390\" frameborder=\"0\" allowfullscreen=\"allowfullscreen\"><\/iframe><br \/>\n<em><span style=\"color: #993300;\">Anne<\/span> &#8211; Ein Lied f\u00fcr meine Nichte<\/em><\/p>\n<p><iframe src=\"\/\/www.youtube.com\/embed\/Yesgk8vkpuc\" width=\"640\" height=\"390\" frameborder=\"0\" allowfullscreen=\"allowfullscreen\"><\/iframe><br \/>\n<em><span style=\"color: #993300;\">Sisyphos<\/span> &#8211; Die Tretm\u00fchle verlassen und das tun, was einem wichtig ist<\/em><\/p>\n<p><iframe src=\"\/\/www.youtube.com\/embed\/tGS1Ryb48i0\" width=\"640\" height=\"390\" frameborder=\"0\" allowfullscreen=\"allowfullscreen\"><\/iframe><br \/>\n<em><span style=\"color: #993300;\">F\u00fcr einen Tag<\/span> &#8211; Einmal ein Macho sein<\/em><\/p>\n<p><iframe src=\"\/\/www.youtube.com\/embed\/DPVhlhWNRow\" width=\"640\" height=\"390\" frameborder=\"0\" allowfullscreen=\"allowfullscreen\"><\/iframe><br \/>\n<em><span style=\"color: #993300;\">Schleswig-Holstein<\/span> &#8211; SH rockt<\/em><\/p>\n<p><iframe src=\"\/\/www.youtube.com\/embed\/uoesxYdUkEU\" width=\"640\" height=\"390\" frameborder=\"0\" allowfullscreen=\"allowfullscreen\"><\/iframe><br \/>\n<em><span style=\"color: #993300;\">Der Planeten-Song<\/span> &#8211; Kinderlied \u00fcber die acht Planeten<\/em><\/p>\n","protected":false},"excerpt":{"rendered":"<p>Hab Acht &#8211; ein Krimi-Song &nbsp; Spuren &#8211; Was bleibt, wenn man gegangen ist? Mein Freund der Tinnitus &#8211; L\u00e4rm macht krank Hab an dich gedacht &#8211; Ein Liebeslied (Cover von musicsony) L\u00fctt Matten &#8211; \u00dcber die Musikantenkneipe in Garding Anne &#8211; Ein Lied f\u00fcr meine Nichte Sisyphos &#8211; Die Tretm\u00fchle verlassen und das tun, &hellip; <a href=\"https:\/\/gerd-kramer.com\/wordpress\/hoerbeispiele\/\" class=\"more-link\"><span class=\"screen-reader-text\">H\u00f6rbeispiele<\/span> weiterlesen <span class=\"meta-nav\">&rarr;<\/span><\/a><\/p>\n","protected":false},"author":1,"featured_media":0,"parent":0,"menu_order":0,"comment_status":"closed","ping_status":"closed","template":"","meta":{"ngg_post_thumbnail":0},"yoast_head":"<!-- This site is optimized with the Yoast SEO plugin v15.9.2 - https:\/\/yoast.com\/wordpress\/plugins\/seo\/ -->\n<meta name=\"robots\" content=\"index, follow, max-snippet:-1, max-image-preview:large, max-video-preview:-1\" \/>\n<link rel=\"canonical\" href=\"https:\/\/gerd-kramer.com\/wordpress\/hoerbeispiele\/\" \/>\n<meta property=\"og:locale\" content=\"de_DE\" \/>\n<meta property=\"og:type\" content=\"article\" \/>\n<meta property=\"og:title\" content=\"H\u00f6rbeispiele - Gerd Kramer\" \/>\n<meta property=\"og:description\" content=\"Hab Acht &#8211; ein Krimi-Song &nbsp; Spuren &#8211; Was bleibt, wenn man gegangen ist? Mein Freund der Tinnitus &#8211; L\u00e4rm macht krank Hab an dich gedacht &#8211; Ein Liebeslied (Cover von musicsony) L\u00fctt Matten &#8211; \u00dcber die Musikantenkneipe in Garding Anne &#8211; Ein Lied f\u00fcr meine Nichte Sisyphos &#8211; Die Tretm\u00fchle verlassen und das tun, &hellip; H\u00f6rbeispiele weiterlesen &rarr;\" \/>\n<meta property=\"og:url\" content=\"https:\/\/gerd-kramer.com\/wordpress\/hoerbeispiele\/\" \/>\n<meta property=\"og:site_name\" content=\"Gerd Kramer\" \/>\n<meta property=\"article:modified_time\" content=\"2021-12-28T14:33:55+00:00\" \/>\n<meta name=\"twitter:card\" content=\"summary_large_image\" \/>\n<meta name=\"twitter:label1\" content=\"Gesch\u00e4tzte Lesezeit\">\n\t<meta name=\"twitter:data1\" content=\"1 Minute\">\n<script type=\"application\/ld+json\" class=\"yoast-schema-graph\">{\"@context\":\"https:\/\/schema.org\",\"@graph\":[{\"@type\":\"WebSite\",\"@id\":\"https:\/\/gerd-kramer.com\/wordpress\/#website\",\"url\":\"https:\/\/gerd-kramer.com\/wordpress\/\",\"name\":\"Gerd Kramer\",\"description\":\"Autor\",\"potentialAction\":[{\"@type\":\"SearchAction\",\"target\":\"https:\/\/gerd-kramer.com\/wordpress\/?s={search_term_string}\",\"query-input\":\"required name=search_term_string\"}],\"inLanguage\":\"de-DE\"},{\"@type\":\"WebPage\",\"@id\":\"https:\/\/gerd-kramer.com\/wordpress\/hoerbeispiele\/#webpage\",\"url\":\"https:\/\/gerd-kramer.com\/wordpress\/hoerbeispiele\/\",\"name\":\"H\\u00f6rbeispiele - Gerd Kramer\",\"isPartOf\":{\"@id\":\"https:\/\/gerd-kramer.com\/wordpress\/#website\"},\"datePublished\":\"2014-08-15T11:47:40+00:00\",\"dateModified\":\"2021-12-28T14:33:55+00:00\",\"breadcrumb\":{\"@id\":\"https:\/\/gerd-kramer.com\/wordpress\/hoerbeispiele\/#breadcrumb\"},\"inLanguage\":\"de-DE\",\"potentialAction\":[{\"@type\":\"ReadAction\",\"target\":[\"https:\/\/gerd-kramer.com\/wordpress\/hoerbeispiele\/\"]}]},{\"@type\":\"BreadcrumbList\",\"@id\":\"https:\/\/gerd-kramer.com\/wordpress\/hoerbeispiele\/#breadcrumb\",\"itemListElement\":[{\"@type\":\"ListItem\",\"position\":1,\"item\":{\"@type\":\"WebPage\",\"@id\":\"https:\/\/gerd-kramer.com\/wordpress\/\",\"url\":\"https:\/\/gerd-kramer.com\/wordpress\/\",\"name\":\"Home\"}},{\"@type\":\"ListItem\",\"position\":2,\"item\":{\"@type\":\"WebPage\",\"@id\":\"https:\/\/gerd-kramer.com\/wordpress\/hoerbeispiele\/\",\"url\":\"https:\/\/gerd-kramer.com\/wordpress\/hoerbeispiele\/\",\"name\":\"H\\u00f6rbeispiele\"}}]}]}<\/script>\n<!-- \/ Yoast SEO plugin. -->","_links":{"self":[{"href":"https:\/\/gerd-kramer.com\/wordpress\/wp-json\/wp\/v2\/pages\/933"}],"collection":[{"href":"https:\/\/gerd-kramer.com\/wordpress\/wp-json\/wp\/v2\/pages"}],"about":[{"href":"https:\/\/gerd-kramer.com\/wordpress\/wp-json\/wp\/v2\/types\/page"}],"author":[{"embeddable":true,"href":"https:\/\/gerd-kramer.com\/wordpress\/wp-json\/wp\/v2\/users\/1"}],"replies":[{"embeddable":true,"href":"https:\/\/gerd-kramer.com\/wordpress\/wp-json\/wp\/v2\/comments?post=933"}],"version-history":[{"count":6,"href":"https:\/\/gerd-kramer.com\/wordpress\/wp-json\/wp\/v2\/pages\/933\/revisions"}],"predecessor-version":[{"id":2244,"href":"https:\/\/gerd-kramer.com\/wordpress\/wp-json\/wp\/v2\/pages\/933\/revisions\/2244"}],"wp:attachment":[{"href":"https:\/\/gerd-kramer.com\/wordpress\/wp-json\/wp\/v2\/media?parent=933"}],"curies":[{"name":"wp","href":"https:\/\/api.w.org\/{rel}","templated":true}]}}