{"id":886,"date":"2014-08-15T09:21:08","date_gmt":"2014-08-15T09:21:08","guid":{"rendered":"https:\/\/gerd-kramer.com\/?page_id=886"},"modified":"2014-08-15T09:21:08","modified_gmt":"2014-08-15T09:21:08","slug":"liedertexte","status":"publish","type":"page","link":"https:\/\/gerd-kramer.com\/wordpress\/liedertexte\/","title":{"rendered":"Liedertexte"},"content":{"rendered":"<p><a href=\"https:\/\/gerd-kramer.com\/wordpress\/wp-content\/uploads\/2014\/08\/Cd_Tinnitus-1.jpg\"><img loading=\"lazy\" class=\"alignnone wp-image-889 size-full\" src=\"https:\/\/gerd-kramer.com\/wordpress\/wp-content\/uploads\/2014\/08\/Cd_Tinnitus-1.jpg\" alt=\"Cd_Tinnitus\" width=\"1431\" height=\"1483\" srcset=\"https:\/\/gerd-kramer.com\/wordpress\/wp-content\/uploads\/2014\/08\/Cd_Tinnitus-1.jpg 1431w, https:\/\/gerd-kramer.com\/wordpress\/wp-content\/uploads\/2014\/08\/Cd_Tinnitus-1-289x300.jpg 289w, https:\/\/gerd-kramer.com\/wordpress\/wp-content\/uploads\/2014\/08\/Cd_Tinnitus-1-988x1024.jpg 988w, https:\/\/gerd-kramer.com\/wordpress\/wp-content\/uploads\/2014\/08\/Cd_Tinnitus-1-768x796.jpg 768w\" sizes=\"(max-width: 1431px) 100vw, 1431px\" \/><\/a><\/p>\n<p><a href=\"https:\/\/www.youtube.com\/watch?v=GquzHsitwaQ\" target=\"_blank\" rel=\"noopener noreferrer\">Auf Youtube<\/a><\/p>\n<p><a href=\"https:\/\/gerd-kramer.com\/wordpress\/wp-content\/uploads\/2014\/08\/CD_Anne-1.jpg\"><img loading=\"lazy\" class=\"alignnone wp-image-893 size-full\" src=\"https:\/\/gerd-kramer.com\/wordpress\/wp-content\/uploads\/2014\/08\/CD_Anne-1.jpg\" alt=\"CD_Anne\" width=\"1499\" height=\"1486\" srcset=\"https:\/\/gerd-kramer.com\/wordpress\/wp-content\/uploads\/2014\/08\/CD_Anne-1.jpg 1499w, https:\/\/gerd-kramer.com\/wordpress\/wp-content\/uploads\/2014\/08\/CD_Anne-1-300x297.jpg 300w, https:\/\/gerd-kramer.com\/wordpress\/wp-content\/uploads\/2014\/08\/CD_Anne-1-1024x1015.jpg 1024w, https:\/\/gerd-kramer.com\/wordpress\/wp-content\/uploads\/2014\/08\/CD_Anne-1-150x150.jpg 150w, https:\/\/gerd-kramer.com\/wordpress\/wp-content\/uploads\/2014\/08\/CD_Anne-1-768x761.jpg 768w\" sizes=\"(max-width: 1499px) 100vw, 1499px\" \/><\/a><\/p>\n<p><a href=\"https:\/\/gerd-kramer.com\/wordpress\/wp-content\/uploads\/2014\/08\/CD_HabAnDich-gedacht-1.jpg\"><img loading=\"lazy\" class=\"alignnone wp-image-897 size-full\" src=\"https:\/\/gerd-kramer.com\/wordpress\/wp-content\/uploads\/2014\/08\/CD_HabAnDich-gedacht-1.jpg\" alt=\"CD_HabAnDich gedacht\" width=\"1473\" height=\"1486\" srcset=\"https:\/\/gerd-kramer.com\/wordpress\/wp-content\/uploads\/2014\/08\/CD_HabAnDich-gedacht-1.jpg 1473w, https:\/\/gerd-kramer.com\/wordpress\/wp-content\/uploads\/2014\/08\/CD_HabAnDich-gedacht-1-297x300.jpg 297w, https:\/\/gerd-kramer.com\/wordpress\/wp-content\/uploads\/2014\/08\/CD_HabAnDich-gedacht-1-1015x1024.jpg 1015w, https:\/\/gerd-kramer.com\/wordpress\/wp-content\/uploads\/2014\/08\/CD_HabAnDich-gedacht-1-150x150.jpg 150w, https:\/\/gerd-kramer.com\/wordpress\/wp-content\/uploads\/2014\/08\/CD_HabAnDich-gedacht-1-768x775.jpg 768w\" sizes=\"(max-width: 1473px) 100vw, 1473px\" \/><\/a><\/p>\n<p><a href=\"https:\/\/gerd-kramer.com\/wordpress\/wp-content\/uploads\/2014\/08\/Spuren-1.jpg\"><img loading=\"lazy\" class=\"alignnone wp-image-899 size-full\" src=\"https:\/\/gerd-kramer.com\/wordpress\/wp-content\/uploads\/2014\/08\/Spuren-1.jpg\" alt=\"Spuren\" width=\"1447\" height=\"1482\" srcset=\"https:\/\/gerd-kramer.com\/wordpress\/wp-content\/uploads\/2014\/08\/Spuren-1.jpg 1447w, https:\/\/gerd-kramer.com\/wordpress\/wp-content\/uploads\/2014\/08\/Spuren-1-293x300.jpg 293w, https:\/\/gerd-kramer.com\/wordpress\/wp-content\/uploads\/2014\/08\/Spuren-1-1000x1024.jpg 1000w, https:\/\/gerd-kramer.com\/wordpress\/wp-content\/uploads\/2014\/08\/Spuren-1-768x787.jpg 768w\" sizes=\"(max-width: 1447px) 100vw, 1447px\" \/><\/a><\/p>\n<p><a href=\"https:\/\/gerd-kramer.com\/wordpress\/wp-content\/uploads\/2014\/08\/LuettMatten.jpg\"><img loading=\"lazy\" class=\"alignnone wp-image-901 size-full\" src=\"https:\/\/gerd-kramer.com\/wordpress\/wp-content\/uploads\/2014\/08\/LuettMatten.jpg\" alt=\"L\u00fcttMatten\" width=\"1455\" height=\"1486\" srcset=\"https:\/\/gerd-kramer.com\/wordpress\/wp-content\/uploads\/2014\/08\/LuettMatten.jpg 1455w, https:\/\/gerd-kramer.com\/wordpress\/wp-content\/uploads\/2014\/08\/LuettMatten-294x300.jpg 294w, https:\/\/gerd-kramer.com\/wordpress\/wp-content\/uploads\/2014\/08\/LuettMatten-1003x1024.jpg 1003w, https:\/\/gerd-kramer.com\/wordpress\/wp-content\/uploads\/2014\/08\/LuettMatten-768x784.jpg 768w\" sizes=\"(max-width: 1455px) 100vw, 1455px\" \/><\/a><\/p>\n<p><a href=\"https:\/\/gerd-kramer.com\/wordpress\/wp-content\/uploads\/2014\/08\/CD_FuerEinenTag.jpg\"><img loading=\"lazy\" class=\"alignnone wp-image-903 size-full\" src=\"https:\/\/gerd-kramer.com\/wordpress\/wp-content\/uploads\/2014\/08\/CD_FuerEinenTag.jpg\" alt=\"CD_F\u00fcrEinenTag\" width=\"1477\" height=\"1484\" srcset=\"https:\/\/gerd-kramer.com\/wordpress\/wp-content\/uploads\/2014\/08\/CD_FuerEinenTag.jpg 1477w, https:\/\/gerd-kramer.com\/wordpress\/wp-content\/uploads\/2014\/08\/CD_FuerEinenTag-300x300.jpg 300w, https:\/\/gerd-kramer.com\/wordpress\/wp-content\/uploads\/2014\/08\/CD_FuerEinenTag-1019x1024.jpg 1019w, https:\/\/gerd-kramer.com\/wordpress\/wp-content\/uploads\/2014\/08\/CD_FuerEinenTag-150x150.jpg 150w, https:\/\/gerd-kramer.com\/wordpress\/wp-content\/uploads\/2014\/08\/CD_FuerEinenTag-768x772.jpg 768w\" sizes=\"(max-width: 1477px) 100vw, 1477px\" \/><\/a><\/p>\n<p><a href=\"https:\/\/gerd-kramer.com\/wordpress\/wp-content\/uploads\/2014\/08\/CD_Liebling-1.jpg\"><img loading=\"lazy\" class=\"alignnone wp-image-906 size-full\" src=\"https:\/\/gerd-kramer.com\/wordpress\/wp-content\/uploads\/2014\/08\/CD_Liebling-1.jpg\" alt=\"CD_Liebling\" width=\"1493\" height=\"1486\" srcset=\"https:\/\/gerd-kramer.com\/wordpress\/wp-content\/uploads\/2014\/08\/CD_Liebling-1.jpg 1493w, https:\/\/gerd-kramer.com\/wordpress\/wp-content\/uploads\/2014\/08\/CD_Liebling-1-300x300.jpg 300w, https:\/\/gerd-kramer.com\/wordpress\/wp-content\/uploads\/2014\/08\/CD_Liebling-1-1024x1019.jpg 1024w, https:\/\/gerd-kramer.com\/wordpress\/wp-content\/uploads\/2014\/08\/CD_Liebling-1-150x150.jpg 150w, https:\/\/gerd-kramer.com\/wordpress\/wp-content\/uploads\/2014\/08\/CD_Liebling-1-768x764.jpg 768w\" sizes=\"(max-width: 1493px) 100vw, 1493px\" \/><\/a><\/p>\n<p><a href=\"https:\/\/gerd-kramer.com\/wordpress\/wp-content\/uploads\/2014\/08\/CD_Schweinehund-1.jpg\"><img loading=\"lazy\" class=\"alignnone wp-image-908 size-full\" src=\"https:\/\/gerd-kramer.com\/wordpress\/wp-content\/uploads\/2014\/08\/CD_Schweinehund-1.jpg\" alt=\"CD_Schweinehund\" width=\"1469\" height=\"1486\" srcset=\"https:\/\/gerd-kramer.com\/wordpress\/wp-content\/uploads\/2014\/08\/CD_Schweinehund-1.jpg 1469w, https:\/\/gerd-kramer.com\/wordpress\/wp-content\/uploads\/2014\/08\/CD_Schweinehund-1-297x300.jpg 297w, https:\/\/gerd-kramer.com\/wordpress\/wp-content\/uploads\/2014\/08\/CD_Schweinehund-1-1012x1024.jpg 1012w, https:\/\/gerd-kramer.com\/wordpress\/wp-content\/uploads\/2014\/08\/CD_Schweinehund-1-768x777.jpg 768w\" sizes=\"(max-width: 1469px) 100vw, 1469px\" \/><\/a><\/p>\n<p><a href=\"https:\/\/gerd-kramer.com\/wordpress\/wp-content\/uploads\/2014\/08\/cd_Sisyphos-1.jpg\"><img loading=\"lazy\" class=\"alignnone wp-image-910 size-full\" src=\"https:\/\/gerd-kramer.com\/wordpress\/wp-content\/uploads\/2014\/08\/cd_Sisyphos-1.jpg\" alt=\"cd_Sisyphos\" width=\"1431\" height=\"1487\" srcset=\"https:\/\/gerd-kramer.com\/wordpress\/wp-content\/uploads\/2014\/08\/cd_Sisyphos-1.jpg 1431w, https:\/\/gerd-kramer.com\/wordpress\/wp-content\/uploads\/2014\/08\/cd_Sisyphos-1-289x300.jpg 289w, https:\/\/gerd-kramer.com\/wordpress\/wp-content\/uploads\/2014\/08\/cd_Sisyphos-1-985x1024.jpg 985w, https:\/\/gerd-kramer.com\/wordpress\/wp-content\/uploads\/2014\/08\/cd_Sisyphos-1-768x798.jpg 768w\" sizes=\"(max-width: 1431px) 100vw, 1431px\" \/><\/a><\/p>\n<p><a href=\"https:\/\/gerd-kramer.com\/wordpress\/wp-content\/uploads\/2014\/08\/CD_ZurueckAnsMeer.jpg\"><img loading=\"lazy\" class=\"alignnone wp-image-912 size-full\" src=\"https:\/\/gerd-kramer.com\/wordpress\/wp-content\/uploads\/2014\/08\/CD_ZurueckAnsMeer.jpg\" alt=\"CD_Zur\u00fcckAnsMeer\" width=\"1481\" height=\"1484\" srcset=\"https:\/\/gerd-kramer.com\/wordpress\/wp-content\/uploads\/2014\/08\/CD_ZurueckAnsMeer.jpg 1481w, https:\/\/gerd-kramer.com\/wordpress\/wp-content\/uploads\/2014\/08\/CD_ZurueckAnsMeer-300x300.jpg 300w, https:\/\/gerd-kramer.com\/wordpress\/wp-content\/uploads\/2014\/08\/CD_ZurueckAnsMeer-1022x1024.jpg 1022w, https:\/\/gerd-kramer.com\/wordpress\/wp-content\/uploads\/2014\/08\/CD_ZurueckAnsMeer-150x150.jpg 150w, https:\/\/gerd-kramer.com\/wordpress\/wp-content\/uploads\/2014\/08\/CD_ZurueckAnsMeer-768x770.jpg 768w\" sizes=\"(max-width: 1481px) 100vw, 1481px\" \/><\/a><\/p>\n<p><a href=\"https:\/\/gerd-kramer.com\/wordpress\/wp-content\/uploads\/2014\/08\/CD_HierKochtDerChef-1.jpg\"><img loading=\"lazy\" class=\"alignnone wp-image-914 size-full\" src=\"https:\/\/gerd-kramer.com\/wordpress\/wp-content\/uploads\/2014\/08\/CD_HierKochtDerChef-1.jpg\" alt=\"CD_HierKochtDerChef\" width=\"1449\" height=\"1486\" srcset=\"https:\/\/gerd-kramer.com\/wordpress\/wp-content\/uploads\/2014\/08\/CD_HierKochtDerChef-1.jpg 1449w, https:\/\/gerd-kramer.com\/wordpress\/wp-content\/uploads\/2014\/08\/CD_HierKochtDerChef-1-293x300.jpg 293w, https:\/\/gerd-kramer.com\/wordpress\/wp-content\/uploads\/2014\/08\/CD_HierKochtDerChef-1-999x1024.jpg 999w, https:\/\/gerd-kramer.com\/wordpress\/wp-content\/uploads\/2014\/08\/CD_HierKochtDerChef-1-768x788.jpg 768w\" sizes=\"(max-width: 1449px) 100vw, 1449px\" \/><\/a><\/p>\n<table>\n<tbody>\n<tr>\n<td>\n<h1><strong><em>Gelis geele K\u00f6m \u00a0\u00a0\u00a0\u00a0\u00a0\u00a0<\/em><\/strong><\/h1>\n<div class=\"s16\"><span style=\"font-size: 14pt;\">\u00a0<\/span><\/div>\n<div class=\"s16\"><span style=\"font-size: 11pt;\"><b>F\u00f6r lange Winter un koole S\u00f6mmern\u00e4chte\u00a0<\/b><\/span><\/div>\n<div class=\"s16\"><span style=\"font-size: 11pt;\"><b>Is disse K\u00f6m f\u00f6r di dat allerbeste.\u00a0<\/b><\/span><\/div>\n<div class=\"s16\"><span style=\"font-size: 11pt;\"><b>Freesescher Tee, twee L\u00f6ppel Zucker,\u00a0<\/b><\/span><\/div>\n<div class=\"s16\"><span style=\"font-size: 11pt;\"><b>een \u00a0drittel K\u00f6m, dann is alln\u201as in Butter.\u00a0<\/b><\/span><\/div>\n<div class=\"s16\"><span style=\"font-size: 11pt;\"><b>\u00a0<\/b><\/span><\/div>\n<div class=\"s16\"><span style=\"font-size: 11pt;\"><b><i>Hest du mool koole F\u00f6\u00f6t, hest du mool koole F\u00f6t,\u00a0<\/i><\/b><\/span><\/div>\n<div class=\"s16\"><span style=\"font-size: 11pt;\"><b><i>dor \u201as Teepunsch in de Kann.\u00a0<\/i><\/b><\/span><\/div>\n<div class=\"s16\"><span style=\"font-size: 11pt;\"><b><i>\u00a0<\/i><\/b><\/span><\/div>\n<div class=\"s16\"><span style=\"font-size: 11pt;\"><b>De Fresen s\u00fcnd hier bis\u00fcnners zerstritten:\u00a0<\/b><\/span><\/div>\n<div class=\"s16\"><span style=\"font-size: 11pt;\"><b>s\u00f6dli de Arlau dor drinkt man de witten.\u00a0<\/b><\/span><\/div>\n<div class=\"s16\"><span style=\"font-size: 11pt;\"><b>Ook \u00a0dat s\u00f6d wi \u00a0noch besonders erw\u00e4hnen, \u00a0<\/b><\/span><\/div>\n<div class=\"s16\"><span style=\"font-size: 11pt;\"><b>n\u00f6rdli de Arlau dor drinkt man de geelen.\u00a0<\/b><\/span><\/div>\n<div class=\"s16\"><span style=\"font-size: 11pt;\"><b>\u00a0<\/b><\/span><\/div>\n<div class=\"s16\"><span style=\"font-size: 11pt;\"><b><i>Hest du mool koole F\u00f6\u00f6t, hest du mool koole F\u00f6t,\u00a0<\/i><\/b><\/span><\/div>\n<div class=\"s16\"><span style=\"font-size: 11pt;\"><b><i>dor \u201as Teepunsch in de Kann.\u00a0<\/i><\/b><\/span><\/div>\n<div class=\"s16\"><span style=\"font-size: 11pt;\"><b><i>\u00a0<\/i><\/b><\/span><\/div>\n<div class=\"s18\"><span style=\"font-size: 11pt;\"><b><i>Is di mool kold, dann drink dissen K\u00fcmmel,\u00a0<\/i><\/b><\/span><\/div>\n<div class=\"s16\"><span style=\"font-size: 11pt;\"><b>du f\u00f6hlst di dann gliek wie im s\u00f6ventem Himmel.\u00a0<\/b><\/span><\/div>\n<div class=\"s18\"><span style=\"font-size: 11pt;\"><b><i>Wenn Du mal dull frerst dann sup twee or dree\u00a0<\/i><\/b><\/span><\/div>\n<div class=\"s16\"><span style=\"font-size: 11pt;\"><b>doch gl\u00f6v me leev Geli, dann has\u2019d een in Tee.\u00a0<\/b><\/span><\/div>\n<div class=\"s16\"><span style=\"font-size: 11pt;\"><b>\u00a0<\/b><\/span><\/div>\n<div class=\"s16\"><span style=\"font-size: 11pt;\"><b><i>Hest du mool koole F\u00f6\u00f6t, hest du mool koole F\u00f6t,\u00a0<\/i><\/b><\/span><\/div>\n<div class=\"s16\"><span style=\"font-size: 11pt;\"><b><i>dor \u201as Teepunsch in de Kann.\u00a0<\/i><\/b><\/span><\/div>\n<div class=\"s16\"><span style=\"font-size: 11pt;\"><b>\u00a0<\/b><\/span><\/div>\n<div class=\"s19\"><span style=\"font-size: 11pt;\"><b><\/b><b>Solo\u00a0<\/b><\/span><\/div>\n<div class=\"s16\"><span style=\"font-size: 11pt;\"><b>\u00a0<\/b><\/span><\/div>\n<div class=\"s16\"><span style=\"font-size: 11pt;\"><b>Wenn ick nich dor bin un kann di nich w\u00e4rmen,\u00a0<\/b><\/span><\/div>\n<div class=\"s16\"><span style=\"font-size: 11pt;\"><b>hier is wat du von de Fresen kannst lernen:\u00a0<\/b><\/span><\/div>\n<div class=\"s16\"><span style=\"font-size: 11pt;\"><b>K\u00f6m warmt von innen, so mok di keen Sorgen,\u00a0<\/b><\/span><\/div>\n<div class=\"s16\"><span style=\"font-size: 11pt;\"><b>Teepunsch so seggt man, is de Hizung des Nordens.\u00a0<\/b><\/span><\/div>\n<div class=\"s16\"><span style=\"font-size: 11pt;\"><b>\u00a0<\/b><\/span><\/div>\n<div class=\"s16\"><span style=\"font-size: 11pt;\"><b><i>Hest du mool koole F\u00f6\u00f6t, hest du mool koole F\u00f6t,\u00a0<\/i><\/b><\/span><\/div>\n<div class=\"s16\"><span style=\"font-size: 11pt;\"><b><i>dor \u201as Teepunsch in de Kann.\u00a0<\/i><\/b><\/span><\/div>\n<\/td>\n<\/tr>\n<tr>\n<td><\/td>\n<\/tr>\n<\/tbody>\n<\/table>\n<p>&nbsp;<\/p>\n","protected":false},"excerpt":{"rendered":"<p>Auf Youtube Gelis geele K\u00f6m \u00a0\u00a0\u00a0\u00a0\u00a0\u00a0 \u00a0 F\u00f6r lange Winter un koole S\u00f6mmern\u00e4chte\u00a0 Is disse K\u00f6m f\u00f6r di dat allerbeste.\u00a0 Freesescher Tee, twee L\u00f6ppel Zucker,\u00a0 een \u00a0drittel K\u00f6m, dann is alln\u201as in Butter.\u00a0 \u00a0 Hest du mool koole F\u00f6\u00f6t, hest du mool koole F\u00f6t,\u00a0 dor \u201as Teepunsch in de Kann.\u00a0 \u00a0 De Fresen s\u00fcnd hier &hellip; <a href=\"https:\/\/gerd-kramer.com\/wordpress\/liedertexte\/\" class=\"more-link\"><span class=\"screen-reader-text\">Liedertexte<\/span> weiterlesen <span class=\"meta-nav\">&rarr;<\/span><\/a><\/p>\n","protected":false},"author":1,"featured_media":0,"parent":0,"menu_order":0,"comment_status":"open","ping_status":"open","template":"","meta":{"ngg_post_thumbnail":0},"yoast_head":"<!-- This site is optimized with the Yoast SEO plugin v15.9.2 - https:\/\/yoast.com\/wordpress\/plugins\/seo\/ -->\n<meta name=\"robots\" content=\"index, follow, max-snippet:-1, max-image-preview:large, max-video-preview:-1\" \/>\n<link rel=\"canonical\" href=\"https:\/\/gerd-kramer.com\/wordpress\/liedertexte\/\" \/>\n<meta property=\"og:locale\" content=\"de_DE\" \/>\n<meta property=\"og:type\" content=\"article\" \/>\n<meta property=\"og:title\" content=\"Liedertexte - Gerd Kramer\" \/>\n<meta property=\"og:description\" content=\"Auf Youtube Gelis geele K\u00f6m \u00a0\u00a0\u00a0\u00a0\u00a0\u00a0 \u00a0 F\u00f6r lange Winter un koole S\u00f6mmern\u00e4chte\u00a0 Is disse K\u00f6m f\u00f6r di dat allerbeste.\u00a0 Freesescher Tee, twee L\u00f6ppel Zucker,\u00a0 een \u00a0drittel K\u00f6m, dann is alln\u201as in Butter.\u00a0 \u00a0 Hest du mool koole F\u00f6\u00f6t, hest du mool koole F\u00f6t,\u00a0 dor \u201as Teepunsch in de Kann.\u00a0 \u00a0 De Fresen s\u00fcnd hier &hellip; Liedertexte weiterlesen &rarr;\" \/>\n<meta property=\"og:url\" content=\"https:\/\/gerd-kramer.com\/wordpress\/liedertexte\/\" \/>\n<meta property=\"og:site_name\" content=\"Gerd Kramer\" \/>\n<meta property=\"og:image\" content=\"https:\/\/gerd-kramer.com\/wordpress\/wp-content\/uploads\/2014\/08\/Cd_Tinnitus-1.jpg\" \/>\n<meta name=\"twitter:card\" content=\"summary_large_image\" \/>\n<meta name=\"twitter:label1\" content=\"Gesch\u00e4tzte Lesezeit\">\n\t<meta name=\"twitter:data1\" content=\"1 Minute\">\n<script type=\"application\/ld+json\" class=\"yoast-schema-graph\">{\"@context\":\"https:\/\/schema.org\",\"@graph\":[{\"@type\":\"WebSite\",\"@id\":\"https:\/\/gerd-kramer.com\/wordpress\/#website\",\"url\":\"https:\/\/gerd-kramer.com\/wordpress\/\",\"name\":\"Gerd Kramer\",\"description\":\"Autor\",\"potentialAction\":[{\"@type\":\"SearchAction\",\"target\":\"https:\/\/gerd-kramer.com\/wordpress\/?s={search_term_string}\",\"query-input\":\"required name=search_term_string\"}],\"inLanguage\":\"de-DE\"},{\"@type\":\"ImageObject\",\"@id\":\"https:\/\/gerd-kramer.com\/wordpress\/liedertexte\/#primaryimage\",\"inLanguage\":\"de-DE\",\"url\":\"https:\/\/gerd-kramer.com\/wordpress\/wp-content\/uploads\/2014\/08\/Cd_Tinnitus-1.jpg\",\"width\":1431,\"height\":1483},{\"@type\":\"WebPage\",\"@id\":\"https:\/\/gerd-kramer.com\/wordpress\/liedertexte\/#webpage\",\"url\":\"https:\/\/gerd-kramer.com\/wordpress\/liedertexte\/\",\"name\":\"Liedertexte - Gerd Kramer\",\"isPartOf\":{\"@id\":\"https:\/\/gerd-kramer.com\/wordpress\/#website\"},\"primaryImageOfPage\":{\"@id\":\"https:\/\/gerd-kramer.com\/wordpress\/liedertexte\/#primaryimage\"},\"datePublished\":\"2014-08-15T09:21:08+00:00\",\"dateModified\":\"2014-08-15T09:21:08+00:00\",\"breadcrumb\":{\"@id\":\"https:\/\/gerd-kramer.com\/wordpress\/liedertexte\/#breadcrumb\"},\"inLanguage\":\"de-DE\",\"potentialAction\":[{\"@type\":\"ReadAction\",\"target\":[\"https:\/\/gerd-kramer.com\/wordpress\/liedertexte\/\"]}]},{\"@type\":\"BreadcrumbList\",\"@id\":\"https:\/\/gerd-kramer.com\/wordpress\/liedertexte\/#breadcrumb\",\"itemListElement\":[{\"@type\":\"ListItem\",\"position\":1,\"item\":{\"@type\":\"WebPage\",\"@id\":\"https:\/\/gerd-kramer.com\/wordpress\/\",\"url\":\"https:\/\/gerd-kramer.com\/wordpress\/\",\"name\":\"Home\"}},{\"@type\":\"ListItem\",\"position\":2,\"item\":{\"@type\":\"WebPage\",\"@id\":\"https:\/\/gerd-kramer.com\/wordpress\/liedertexte\/\",\"url\":\"https:\/\/gerd-kramer.com\/wordpress\/liedertexte\/\",\"name\":\"Liedertexte\"}}]}]}<\/script>\n<!-- \/ Yoast SEO plugin. -->","_links":{"self":[{"href":"https:\/\/gerd-kramer.com\/wordpress\/wp-json\/wp\/v2\/pages\/886"}],"collection":[{"href":"https:\/\/gerd-kramer.com\/wordpress\/wp-json\/wp\/v2\/pages"}],"about":[{"href":"https:\/\/gerd-kramer.com\/wordpress\/wp-json\/wp\/v2\/types\/page"}],"author":[{"embeddable":true,"href":"https:\/\/gerd-kramer.com\/wordpress\/wp-json\/wp\/v2\/users\/1"}],"replies":[{"embeddable":true,"href":"https:\/\/gerd-kramer.com\/wordpress\/wp-json\/wp\/v2\/comments?post=886"}],"version-history":[{"count":0,"href":"https:\/\/gerd-kramer.com\/wordpress\/wp-json\/wp\/v2\/pages\/886\/revisions"}],"wp:attachment":[{"href":"https:\/\/gerd-kramer.com\/wordpress\/wp-json\/wp\/v2\/media?parent=886"}],"curies":[{"name":"wp","href":"https:\/\/api.w.org\/{rel}","templated":true}]}}