{"id":709,"date":"2014-08-14T06:41:03","date_gmt":"2014-08-14T06:41:03","guid":{"rendered":"https:\/\/gerd-kramer.com\/?page_id=709"},"modified":"2014-08-14T06:41:03","modified_gmt":"2014-08-14T06:41:03","slug":"schwarze-loecher","status":"publish","type":"page","link":"https:\/\/gerd-kramer.com\/wordpress\/schwarze-loecher\/","title":{"rendered":"Schwarze L\u00f6cher"},"content":{"rendered":"<p>Ein Schwarzes Loch entsteht, wenn ein massereicher Stern als Supernova explodiert und gen\u00fcgend verdichtete Restmasse \u00fcbrig bleibt. Die Restmasse verdichtet sich weiter, bis die Gravitation dieses kompakten Gebildes schlie\u00dflich so stark wird, dass kein Licht mehr entweichen kann. Es gibt sogenannte Supermassereiche Schwarze L\u00f6cher mit Millionen oder gar Milliarden Sonnenmassen. Auch im Zentrum unserer Galaxie, der Milchstra\u00dfe, be<span style=\"font-size: 13pt;\">findet sich solch ein Schwarzes Loch mit dem Namen Sagittarius A*. Bei Versuchen im LHC (Large Hadron Collider) in Cern \u00a0k\u00f6nnten kleine Schwarze L\u00f6cher entstehen. Besteht die Gefahr, dass diese die Massen der Umgebung anziehen und die ganze Erde auffressen?\u00a0<\/span><\/p>\n<div class=\"s0\"><\/div>\n<div class=\"s0\">\n<div class=\"s16\"><b>Das versteckte Experiment &#8211; Im Netz der Hydra<\/b><\/div>\n<div class=\"s16\"><em><b>Themen, Stichworte:<br \/>\n<\/b><\/em><span style=\"color: #000000; font-size: 12pt;\">Hohlraumstrahlung, Supermassereiche Schwarze L\u00f6cher, LHC\u00a0<\/span><\/div>\n<\/div>\n<p>&nbsp;<\/p>\n<div class=\"s0\"><a href=\"https:\/\/gerd-kramer.com\/wordpress\/wp-content\/uploads\/2014\/08\/black-hole-92358_1280-1.jpg\"><img loading=\"lazy\" class=\"alignnone size-medium wp-image-710\" src=\"https:\/\/gerd-kramer.com\/wp-content\/uploads\/2014\/08\/black-hole-92358_1280-300x168.jpg\" alt=\"black-hole-92358_1280\" width=\"300\" height=\"168\" \/><\/a><\/div>\n","protected":false},"excerpt":{"rendered":"<p>Ein Schwarzes Loch entsteht, wenn ein massereicher Stern als Supernova explodiert und gen\u00fcgend verdichtete Restmasse \u00fcbrig bleibt. Die Restmasse verdichtet sich weiter, bis die Gravitation dieses kompakten Gebildes schlie\u00dflich so stark wird, dass kein Licht mehr entweichen kann. Es gibt sogenannte Supermassereiche Schwarze L\u00f6cher mit Millionen oder gar Milliarden Sonnenmassen. Auch im Zentrum unserer Galaxie, &hellip; <a href=\"https:\/\/gerd-kramer.com\/wordpress\/schwarze-loecher\/\" class=\"more-link\"><span class=\"screen-reader-text\">Schwarze L\u00f6cher<\/span> weiterlesen <span class=\"meta-nav\">&rarr;<\/span><\/a><\/p>\n","protected":false},"author":1,"featured_media":0,"parent":0,"menu_order":0,"comment_status":"open","ping_status":"open","template":"","meta":{"ngg_post_thumbnail":0},"yoast_head":"<!-- This site is optimized with the Yoast SEO plugin v15.9.2 - https:\/\/yoast.com\/wordpress\/plugins\/seo\/ -->\n<meta name=\"robots\" content=\"index, follow, max-snippet:-1, max-image-preview:large, max-video-preview:-1\" \/>\n<link rel=\"canonical\" href=\"https:\/\/gerd-kramer.com\/wordpress\/schwarze-loecher\/\" \/>\n<meta property=\"og:locale\" content=\"de_DE\" \/>\n<meta property=\"og:type\" content=\"article\" \/>\n<meta property=\"og:title\" content=\"Schwarze L\u00f6cher - Gerd Kramer\" \/>\n<meta property=\"og:description\" content=\"Ein Schwarzes Loch entsteht, wenn ein massereicher Stern als Supernova explodiert und gen\u00fcgend verdichtete Restmasse \u00fcbrig bleibt. Die Restmasse verdichtet sich weiter, bis die Gravitation dieses kompakten Gebildes schlie\u00dflich so stark wird, dass kein Licht mehr entweichen kann. Es gibt sogenannte Supermassereiche Schwarze L\u00f6cher mit Millionen oder gar Milliarden Sonnenmassen. Auch im Zentrum unserer Galaxie, &hellip; Schwarze L\u00f6cher weiterlesen &rarr;\" \/>\n<meta property=\"og:url\" content=\"https:\/\/gerd-kramer.com\/wordpress\/schwarze-loecher\/\" \/>\n<meta property=\"og:site_name\" content=\"Gerd Kramer\" \/>\n<meta property=\"og:image\" content=\"http:\/\/gerd-kramer.com\/wp-content\/uploads\/2014\/08\/black-hole-92358_1280-300x168.jpg\" \/>\n<meta name=\"twitter:card\" content=\"summary_large_image\" \/>\n<meta name=\"twitter:label1\" content=\"Gesch\u00e4tzte Lesezeit\">\n\t<meta name=\"twitter:data1\" content=\"1 Minute\">\n<script type=\"application\/ld+json\" class=\"yoast-schema-graph\">{\"@context\":\"https:\/\/schema.org\",\"@graph\":[{\"@type\":\"WebSite\",\"@id\":\"https:\/\/gerd-kramer.com\/wordpress\/#website\",\"url\":\"https:\/\/gerd-kramer.com\/wordpress\/\",\"name\":\"Gerd Kramer\",\"description\":\"Autor\",\"potentialAction\":[{\"@type\":\"SearchAction\",\"target\":\"https:\/\/gerd-kramer.com\/wordpress\/?s={search_term_string}\",\"query-input\":\"required name=search_term_string\"}],\"inLanguage\":\"de-DE\"},{\"@type\":\"ImageObject\",\"@id\":\"https:\/\/gerd-kramer.com\/wordpress\/schwarze-loecher\/#primaryimage\",\"inLanguage\":\"de-DE\",\"url\":\"https:\/\/gerd-kramer.com\/wp-content\/uploads\/2014\/08\/black-hole-92358_1280-300x168.jpg\"},{\"@type\":\"WebPage\",\"@id\":\"https:\/\/gerd-kramer.com\/wordpress\/schwarze-loecher\/#webpage\",\"url\":\"https:\/\/gerd-kramer.com\/wordpress\/schwarze-loecher\/\",\"name\":\"Schwarze L\\u00f6cher - Gerd Kramer\",\"isPartOf\":{\"@id\":\"https:\/\/gerd-kramer.com\/wordpress\/#website\"},\"primaryImageOfPage\":{\"@id\":\"https:\/\/gerd-kramer.com\/wordpress\/schwarze-loecher\/#primaryimage\"},\"datePublished\":\"2014-08-14T06:41:03+00:00\",\"dateModified\":\"2014-08-14T06:41:03+00:00\",\"breadcrumb\":{\"@id\":\"https:\/\/gerd-kramer.com\/wordpress\/schwarze-loecher\/#breadcrumb\"},\"inLanguage\":\"de-DE\",\"potentialAction\":[{\"@type\":\"ReadAction\",\"target\":[\"https:\/\/gerd-kramer.com\/wordpress\/schwarze-loecher\/\"]}]},{\"@type\":\"BreadcrumbList\",\"@id\":\"https:\/\/gerd-kramer.com\/wordpress\/schwarze-loecher\/#breadcrumb\",\"itemListElement\":[{\"@type\":\"ListItem\",\"position\":1,\"item\":{\"@type\":\"WebPage\",\"@id\":\"https:\/\/gerd-kramer.com\/wordpress\/\",\"url\":\"https:\/\/gerd-kramer.com\/wordpress\/\",\"name\":\"Home\"}},{\"@type\":\"ListItem\",\"position\":2,\"item\":{\"@type\":\"WebPage\",\"@id\":\"https:\/\/gerd-kramer.com\/wordpress\/schwarze-loecher\/\",\"url\":\"https:\/\/gerd-kramer.com\/wordpress\/schwarze-loecher\/\",\"name\":\"Schwarze L\\u00f6cher\"}}]}]}<\/script>\n<!-- \/ Yoast SEO plugin. -->","_links":{"self":[{"href":"https:\/\/gerd-kramer.com\/wordpress\/wp-json\/wp\/v2\/pages\/709"}],"collection":[{"href":"https:\/\/gerd-kramer.com\/wordpress\/wp-json\/wp\/v2\/pages"}],"about":[{"href":"https:\/\/gerd-kramer.com\/wordpress\/wp-json\/wp\/v2\/types\/page"}],"author":[{"embeddable":true,"href":"https:\/\/gerd-kramer.com\/wordpress\/wp-json\/wp\/v2\/users\/1"}],"replies":[{"embeddable":true,"href":"https:\/\/gerd-kramer.com\/wordpress\/wp-json\/wp\/v2\/comments?post=709"}],"version-history":[{"count":0,"href":"https:\/\/gerd-kramer.com\/wordpress\/wp-json\/wp\/v2\/pages\/709\/revisions"}],"wp:attachment":[{"href":"https:\/\/gerd-kramer.com\/wordpress\/wp-json\/wp\/v2\/media?parent=709"}],"curies":[{"name":"wp","href":"https:\/\/api.w.org\/{rel}","templated":true}]}}