{"id":699,"date":"2014-08-14T06:28:58","date_gmt":"2014-08-14T06:28:58","guid":{"rendered":"https:\/\/gerd-kramer.com\/?page_id=699"},"modified":"2014-08-14T06:28:58","modified_gmt":"2014-08-14T06:28:58","slug":"wir-sind-nicht-allein","status":"publish","type":"page","link":"https:\/\/gerd-kramer.com\/wordpress\/wir-sind-nicht-allein\/","title":{"rendered":"Wir sind nicht allein"},"content":{"rendered":"<p>Sind wir alleine? Vieles spricht daf\u00fcr, dass die Entwicklung des Lebens kein Zufall, sondern das Ergebnis von sich selbst organisierender Materie war. Dieser Prozess k\u00f6nnten \u00fcberall im Weltall stattfinden. Heute wei\u00df man, dass es sehr viele Planeten au\u00dferhalb unseres Sonnensystems gibt. Auch die Grundvoraussetzungen f\u00fcr die Entstehung von Lebens sind weit verbreitet. Der Autor ist sich sicher: es gibt au\u00dferirdisches, intelligentes Leben. Das bedeutet aber nicht, dass uns Au\u00dferirdische besuchen k\u00f6nnen. Zu gro\u00df sind die Entfernungen und auch Aliens kommen an der Physik nicht vorbei. Reisen mit Lichtgeschwindigkeit (oder gar schneller) sind nicht m\u00f6glich.<\/p>\n<div class=\"s0\"><\/div>\n<div class=\"s0\">\n<div class=\"s0\"><b>Das versteckte Experiment &#8211; Im Netz der Hydra<\/b><\/div>\n<div class=\"s0\">\n<div class=\"s16\"><em><b>Themen, Stichworte:<br \/>\n<\/b><\/em><\/div>\n<\/div>\n<\/div>\n<div class=\"s0\"><span style=\"color: #000000; font-size: 12pt;\">Drake-Formel\u00a0<\/span><\/div>\n<p>&nbsp;<\/p>\n<p><a href=\"https:\/\/gerd-kramer.com\/wordpress\/wp-content\/uploads\/2014\/08\/males-391346_1280-1.jpg\"><img loading=\"lazy\" class=\"alignnone size-medium wp-image-741\" src=\"https:\/\/gerd-kramer.com\/wp-content\/uploads\/2014\/08\/males-391346_1280-300x192.jpg\" alt=\"males-391346_1280\" width=\"300\" height=\"192\" \/><\/a><\/p>\n<div class=\"s0\"><\/div>\n","protected":false},"excerpt":{"rendered":"<p>Sind wir alleine? Vieles spricht daf\u00fcr, dass die Entwicklung des Lebens kein Zufall, sondern das Ergebnis von sich selbst organisierender Materie war. Dieser Prozess k\u00f6nnten \u00fcberall im Weltall stattfinden. Heute wei\u00df man, dass es sehr viele Planeten au\u00dferhalb unseres Sonnensystems gibt. Auch die Grundvoraussetzungen f\u00fcr die Entstehung von Lebens sind weit verbreitet. Der Autor ist &hellip; <a href=\"https:\/\/gerd-kramer.com\/wordpress\/wir-sind-nicht-allein\/\" class=\"more-link\"><span class=\"screen-reader-text\">Wir sind nicht allein<\/span> weiterlesen <span class=\"meta-nav\">&rarr;<\/span><\/a><\/p>\n","protected":false},"author":1,"featured_media":0,"parent":0,"menu_order":0,"comment_status":"open","ping_status":"open","template":"","meta":{"ngg_post_thumbnail":0},"yoast_head":"<!-- This site is optimized with the Yoast SEO plugin v15.9.2 - https:\/\/yoast.com\/wordpress\/plugins\/seo\/ -->\n<meta name=\"robots\" content=\"index, follow, max-snippet:-1, max-image-preview:large, max-video-preview:-1\" \/>\n<link rel=\"canonical\" href=\"https:\/\/gerd-kramer.com\/wordpress\/wir-sind-nicht-allein\/\" \/>\n<meta property=\"og:locale\" content=\"de_DE\" \/>\n<meta property=\"og:type\" content=\"article\" \/>\n<meta property=\"og:title\" content=\"Wir sind nicht allein - Gerd Kramer\" \/>\n<meta property=\"og:description\" content=\"Sind wir alleine? Vieles spricht daf\u00fcr, dass die Entwicklung des Lebens kein Zufall, sondern das Ergebnis von sich selbst organisierender Materie war. Dieser Prozess k\u00f6nnten \u00fcberall im Weltall stattfinden. Heute wei\u00df man, dass es sehr viele Planeten au\u00dferhalb unseres Sonnensystems gibt. Auch die Grundvoraussetzungen f\u00fcr die Entstehung von Lebens sind weit verbreitet. Der Autor ist &hellip; Wir sind nicht allein weiterlesen &rarr;\" \/>\n<meta property=\"og:url\" content=\"https:\/\/gerd-kramer.com\/wordpress\/wir-sind-nicht-allein\/\" \/>\n<meta property=\"og:site_name\" content=\"Gerd Kramer\" \/>\n<meta property=\"og:image\" content=\"http:\/\/gerd-kramer.com\/wp-content\/uploads\/2014\/08\/males-391346_1280-300x192.jpg\" \/>\n<meta name=\"twitter:card\" content=\"summary_large_image\" \/>\n<meta name=\"twitter:label1\" content=\"Gesch\u00e4tzte Lesezeit\">\n\t<meta name=\"twitter:data1\" content=\"1 Minute\">\n<script type=\"application\/ld+json\" class=\"yoast-schema-graph\">{\"@context\":\"https:\/\/schema.org\",\"@graph\":[{\"@type\":\"WebSite\",\"@id\":\"https:\/\/gerd-kramer.com\/wordpress\/#website\",\"url\":\"https:\/\/gerd-kramer.com\/wordpress\/\",\"name\":\"Gerd Kramer\",\"description\":\"Autor\",\"potentialAction\":[{\"@type\":\"SearchAction\",\"target\":\"https:\/\/gerd-kramer.com\/wordpress\/?s={search_term_string}\",\"query-input\":\"required name=search_term_string\"}],\"inLanguage\":\"de-DE\"},{\"@type\":\"ImageObject\",\"@id\":\"https:\/\/gerd-kramer.com\/wordpress\/wir-sind-nicht-allein\/#primaryimage\",\"inLanguage\":\"de-DE\",\"url\":\"https:\/\/gerd-kramer.com\/wp-content\/uploads\/2014\/08\/males-391346_1280-300x192.jpg\"},{\"@type\":\"WebPage\",\"@id\":\"https:\/\/gerd-kramer.com\/wordpress\/wir-sind-nicht-allein\/#webpage\",\"url\":\"https:\/\/gerd-kramer.com\/wordpress\/wir-sind-nicht-allein\/\",\"name\":\"Wir sind nicht allein - Gerd Kramer\",\"isPartOf\":{\"@id\":\"https:\/\/gerd-kramer.com\/wordpress\/#website\"},\"primaryImageOfPage\":{\"@id\":\"https:\/\/gerd-kramer.com\/wordpress\/wir-sind-nicht-allein\/#primaryimage\"},\"datePublished\":\"2014-08-14T06:28:58+00:00\",\"dateModified\":\"2014-08-14T06:28:58+00:00\",\"breadcrumb\":{\"@id\":\"https:\/\/gerd-kramer.com\/wordpress\/wir-sind-nicht-allein\/#breadcrumb\"},\"inLanguage\":\"de-DE\",\"potentialAction\":[{\"@type\":\"ReadAction\",\"target\":[\"https:\/\/gerd-kramer.com\/wordpress\/wir-sind-nicht-allein\/\"]}]},{\"@type\":\"BreadcrumbList\",\"@id\":\"https:\/\/gerd-kramer.com\/wordpress\/wir-sind-nicht-allein\/#breadcrumb\",\"itemListElement\":[{\"@type\":\"ListItem\",\"position\":1,\"item\":{\"@type\":\"WebPage\",\"@id\":\"https:\/\/gerd-kramer.com\/wordpress\/\",\"url\":\"https:\/\/gerd-kramer.com\/wordpress\/\",\"name\":\"Home\"}},{\"@type\":\"ListItem\",\"position\":2,\"item\":{\"@type\":\"WebPage\",\"@id\":\"https:\/\/gerd-kramer.com\/wordpress\/wir-sind-nicht-allein\/\",\"url\":\"https:\/\/gerd-kramer.com\/wordpress\/wir-sind-nicht-allein\/\",\"name\":\"Wir sind nicht allein\"}}]}]}<\/script>\n<!-- \/ Yoast SEO plugin. -->","_links":{"self":[{"href":"https:\/\/gerd-kramer.com\/wordpress\/wp-json\/wp\/v2\/pages\/699"}],"collection":[{"href":"https:\/\/gerd-kramer.com\/wordpress\/wp-json\/wp\/v2\/pages"}],"about":[{"href":"https:\/\/gerd-kramer.com\/wordpress\/wp-json\/wp\/v2\/types\/page"}],"author":[{"embeddable":true,"href":"https:\/\/gerd-kramer.com\/wordpress\/wp-json\/wp\/v2\/users\/1"}],"replies":[{"embeddable":true,"href":"https:\/\/gerd-kramer.com\/wordpress\/wp-json\/wp\/v2\/comments?post=699"}],"version-history":[{"count":0,"href":"https:\/\/gerd-kramer.com\/wordpress\/wp-json\/wp\/v2\/pages\/699\/revisions"}],"wp:attachment":[{"href":"https:\/\/gerd-kramer.com\/wordpress\/wp-json\/wp\/v2\/media?parent=699"}],"curies":[{"name":"wp","href":"https:\/\/api.w.org\/{rel}","templated":true}]}}