{"id":694,"date":"2014-08-14T06:25:33","date_gmt":"2014-08-14T06:25:33","guid":{"rendered":"https:\/\/gerd-kramer.com\/?page_id=694"},"modified":"2014-08-14T06:25:33","modified_gmt":"2014-08-14T06:25:33","slug":"der-urknall","status":"publish","type":"page","link":"https:\/\/gerd-kramer.com\/wordpress\/der-urknall\/","title":{"rendered":"Der Urknall"},"content":{"rendered":"<p>Der Urknall war keine Explosion von irgend etwas. Es war das spontane Erscheinen von Zeit und Raum. Der Raum dehnte sich zun\u00e4chst mit \u00dcberlichtgeschwindigkeit aus. Das ist kein Widerspruch zu Einsteins Relativit\u00e4tstheorie. Auch heute noch entfernen sich ferne Galaxien mit \u00dcberlichtgeschwindigkeit von uns. Das Licht dieser Galaxien wird uns nie erreichen.<\/p>\n<div class=\"s0\"><span style=\"color: #000000; font-size: 12pt;\">Gab es den Urknall wirklich? Die Wissenschaftler haben keine Zweifel mehr daran. Es gibt einfach zu viele \u00fcberpr\u00fcfbare Beweise daf\u00fcr. \u00a0<\/span><\/div>\n<div class=\"s0\"><span style=\"color: #000000; font-size: 12pt;\">\u00a0<\/span><\/div>\n<div class=\"s0\">\n<div class=\"s16\"><b>Das versteckte Experiment &#8211; Im Netz der Hydra<\/b><\/div>\n<div class=\"s16\"><em><b>Themen, Stichworte:<\/b><\/em><\/div>\n<\/div>\n<div class=\"s0\"><span style=\"color: #000000; font-size: 12pt;\">Singularit\u00e4t, Erschaffung von Raum und Zeit, das Hubble-Gesetz, Hintergrundstrahlung, Gr\u00f6\u00dfe und Alter des Universums, Flachheits- und Horizontproblem<\/span><\/div>\n<p>&nbsp;<\/p>\n<div class=\"s0\"><a href=\"https:\/\/gerd-kramer.com\/wordpress\/wp-content\/uploads\/2014\/08\/abstract-110182_1280-1.jpg\"><img loading=\"lazy\" class=\"alignnone size-medium wp-image-697\" src=\"https:\/\/gerd-kramer.com\/wp-content\/uploads\/2014\/08\/abstract-110182_1280-300x187.jpg\" alt=\"abstract-110182_1280\" width=\"300\" height=\"187\" \/><\/a><\/div>\n","protected":false},"excerpt":{"rendered":"<p>Der Urknall war keine Explosion von irgend etwas. Es war das spontane Erscheinen von Zeit und Raum. Der Raum dehnte sich zun\u00e4chst mit \u00dcberlichtgeschwindigkeit aus. Das ist kein Widerspruch zu Einsteins Relativit\u00e4tstheorie. Auch heute noch entfernen sich ferne Galaxien mit \u00dcberlichtgeschwindigkeit von uns. Das Licht dieser Galaxien wird uns nie erreichen. Gab es den Urknall &hellip; <a href=\"https:\/\/gerd-kramer.com\/wordpress\/der-urknall\/\" class=\"more-link\"><span class=\"screen-reader-text\">Der Urknall<\/span> weiterlesen <span class=\"meta-nav\">&rarr;<\/span><\/a><\/p>\n","protected":false},"author":1,"featured_media":0,"parent":0,"menu_order":0,"comment_status":"open","ping_status":"open","template":"","meta":{"ngg_post_thumbnail":0},"yoast_head":"<!-- This site is optimized with the Yoast SEO plugin v15.9.2 - https:\/\/yoast.com\/wordpress\/plugins\/seo\/ -->\n<meta name=\"robots\" content=\"index, follow, max-snippet:-1, max-image-preview:large, max-video-preview:-1\" \/>\n<link rel=\"canonical\" href=\"https:\/\/gerd-kramer.com\/wordpress\/der-urknall\/\" \/>\n<meta property=\"og:locale\" content=\"de_DE\" \/>\n<meta property=\"og:type\" content=\"article\" \/>\n<meta property=\"og:title\" content=\"Der Urknall - Gerd Kramer\" \/>\n<meta property=\"og:description\" content=\"Der Urknall war keine Explosion von irgend etwas. Es war das spontane Erscheinen von Zeit und Raum. Der Raum dehnte sich zun\u00e4chst mit \u00dcberlichtgeschwindigkeit aus. Das ist kein Widerspruch zu Einsteins Relativit\u00e4tstheorie. Auch heute noch entfernen sich ferne Galaxien mit \u00dcberlichtgeschwindigkeit von uns. Das Licht dieser Galaxien wird uns nie erreichen. Gab es den Urknall &hellip; Der Urknall weiterlesen &rarr;\" \/>\n<meta property=\"og:url\" content=\"https:\/\/gerd-kramer.com\/wordpress\/der-urknall\/\" \/>\n<meta property=\"og:site_name\" content=\"Gerd Kramer\" \/>\n<meta property=\"og:image\" content=\"http:\/\/gerd-kramer.com\/wp-content\/uploads\/2014\/08\/abstract-110182_1280-300x187.jpg\" \/>\n<meta name=\"twitter:card\" content=\"summary_large_image\" \/>\n<meta name=\"twitter:label1\" content=\"Gesch\u00e4tzte Lesezeit\">\n\t<meta name=\"twitter:data1\" content=\"1 Minute\">\n<script type=\"application\/ld+json\" class=\"yoast-schema-graph\">{\"@context\":\"https:\/\/schema.org\",\"@graph\":[{\"@type\":\"WebSite\",\"@id\":\"https:\/\/gerd-kramer.com\/wordpress\/#website\",\"url\":\"https:\/\/gerd-kramer.com\/wordpress\/\",\"name\":\"Gerd Kramer\",\"description\":\"Autor\",\"potentialAction\":[{\"@type\":\"SearchAction\",\"target\":\"https:\/\/gerd-kramer.com\/wordpress\/?s={search_term_string}\",\"query-input\":\"required name=search_term_string\"}],\"inLanguage\":\"de-DE\"},{\"@type\":\"ImageObject\",\"@id\":\"https:\/\/gerd-kramer.com\/wordpress\/der-urknall\/#primaryimage\",\"inLanguage\":\"de-DE\",\"url\":\"https:\/\/gerd-kramer.com\/wp-content\/uploads\/2014\/08\/abstract-110182_1280-300x187.jpg\"},{\"@type\":\"WebPage\",\"@id\":\"https:\/\/gerd-kramer.com\/wordpress\/der-urknall\/#webpage\",\"url\":\"https:\/\/gerd-kramer.com\/wordpress\/der-urknall\/\",\"name\":\"Der Urknall - Gerd Kramer\",\"isPartOf\":{\"@id\":\"https:\/\/gerd-kramer.com\/wordpress\/#website\"},\"primaryImageOfPage\":{\"@id\":\"https:\/\/gerd-kramer.com\/wordpress\/der-urknall\/#primaryimage\"},\"datePublished\":\"2014-08-14T06:25:33+00:00\",\"dateModified\":\"2014-08-14T06:25:33+00:00\",\"breadcrumb\":{\"@id\":\"https:\/\/gerd-kramer.com\/wordpress\/der-urknall\/#breadcrumb\"},\"inLanguage\":\"de-DE\",\"potentialAction\":[{\"@type\":\"ReadAction\",\"target\":[\"https:\/\/gerd-kramer.com\/wordpress\/der-urknall\/\"]}]},{\"@type\":\"BreadcrumbList\",\"@id\":\"https:\/\/gerd-kramer.com\/wordpress\/der-urknall\/#breadcrumb\",\"itemListElement\":[{\"@type\":\"ListItem\",\"position\":1,\"item\":{\"@type\":\"WebPage\",\"@id\":\"https:\/\/gerd-kramer.com\/wordpress\/\",\"url\":\"https:\/\/gerd-kramer.com\/wordpress\/\",\"name\":\"Home\"}},{\"@type\":\"ListItem\",\"position\":2,\"item\":{\"@type\":\"WebPage\",\"@id\":\"https:\/\/gerd-kramer.com\/wordpress\/der-urknall\/\",\"url\":\"https:\/\/gerd-kramer.com\/wordpress\/der-urknall\/\",\"name\":\"Der Urknall\"}}]}]}<\/script>\n<!-- \/ Yoast SEO plugin. -->","_links":{"self":[{"href":"https:\/\/gerd-kramer.com\/wordpress\/wp-json\/wp\/v2\/pages\/694"}],"collection":[{"href":"https:\/\/gerd-kramer.com\/wordpress\/wp-json\/wp\/v2\/pages"}],"about":[{"href":"https:\/\/gerd-kramer.com\/wordpress\/wp-json\/wp\/v2\/types\/page"}],"author":[{"embeddable":true,"href":"https:\/\/gerd-kramer.com\/wordpress\/wp-json\/wp\/v2\/users\/1"}],"replies":[{"embeddable":true,"href":"https:\/\/gerd-kramer.com\/wordpress\/wp-json\/wp\/v2\/comments?post=694"}],"version-history":[{"count":0,"href":"https:\/\/gerd-kramer.com\/wordpress\/wp-json\/wp\/v2\/pages\/694\/revisions"}],"wp:attachment":[{"href":"https:\/\/gerd-kramer.com\/wordpress\/wp-json\/wp\/v2\/media?parent=694"}],"curies":[{"name":"wp","href":"https:\/\/api.w.org\/{rel}","templated":true}]}}