{"id":680,"date":"2014-08-14T06:17:17","date_gmt":"2014-08-14T06:17:17","guid":{"rendered":"https:\/\/gerd-kramer.com\/?page_id=680"},"modified":"2014-08-14T06:17:17","modified_gmt":"2014-08-14T06:17:17","slug":"multiversum","status":"publish","type":"page","link":"https:\/\/gerd-kramer.com\/wordpress\/multiversum\/","title":{"rendered":"Multiversum"},"content":{"rendered":"<p>Die Erde ist nicht der Mittelpunkt der Welt, unsere Galaxie, die Milchstra\u00dfe, ist nur eine von Milliarden Galaxien im beobachtbaren Universum. Warum sollte es nicht auch unz\u00e4hlige order gar unendlich viele Universen (ein \u201eMultiversum\u201c) geben? G\u00e4be es unendlich viele Universen, so g\u00e4be es zwangsl\u00e4ufig auch unendlich viele Kopien unserer Erde und von uns. Viele Wissenschaftler, halten das durchaus f\u00fcr m\u00f6glich. Das Multiversum w\u00fcrde auch das Problem der Naturkonstanten l\u00f6sen.<\/p>\n<div class=\"s0\"><span style=\"color: #000000; font-size: 12pt;\">Was ist Realit\u00e4t? Existiert der Mond nur dann, wenn jemand hinsieht?\u00a0<\/span><\/div>\n<div class=\"s0\"><span style=\"color: #000000; font-size: 12pt;\">Sicher ist: jedes Teilchen des Universums ist mit jedem anderen zeitlos verbunden, die Welt ist &#8222;nicht lokal&#8220;.\u00a0<\/span><\/div>\n<div class=\"s0\"><\/div>\n<div class=\"s0\">\n<div class=\"s16\"><b>Das versteckte Experiment &#8211; Im Netz der Hydra<\/b><\/div>\n<div class=\"s16\"><em><b>Themen, Stichworte:<br \/>\n<\/b><\/em><span style=\"color: #000000; font-size: 12pt;\">Multiversum, Quantenuniversen, Schr\u00f6dingers Katze, Paralleluniversen, Welle-Teilchen-Dualismus, Doppelspaltexperiment, das Beamen, die spukhafte Fernwirkung, Nichtlokalit\u00e4t\u00a0<\/span><\/div>\n<\/div>\n<p>&nbsp;<\/p>\n<div class=\"s0\"><a href=\"https:\/\/gerd-kramer.comwp-content\/uploads\/2014\/08\/globe-73397_1280-1.jpg\"><img loading=\"lazy\" class=\"alignnone size-medium wp-image-681\" src=\"https:\/\/gerd-kramer.com\/wp-content\/uploads\/2014\/08\/globe-73397_1280-300x211.jpg\" alt=\"globe-73397_1280\" width=\"300\" height=\"211\" \/><\/a><\/div>\n","protected":false},"excerpt":{"rendered":"<p>Die Erde ist nicht der Mittelpunkt der Welt, unsere Galaxie, die Milchstra\u00dfe, ist nur eine von Milliarden Galaxien im beobachtbaren Universum. Warum sollte es nicht auch unz\u00e4hlige order gar unendlich viele Universen (ein \u201eMultiversum\u201c) geben? G\u00e4be es unendlich viele Universen, so g\u00e4be es zwangsl\u00e4ufig auch unendlich viele Kopien unserer Erde und von uns. Viele Wissenschaftler, &hellip; <a href=\"https:\/\/gerd-kramer.com\/wordpress\/multiversum\/\" class=\"more-link\"><span class=\"screen-reader-text\">Multiversum<\/span> weiterlesen <span class=\"meta-nav\">&rarr;<\/span><\/a><\/p>\n","protected":false},"author":1,"featured_media":0,"parent":0,"menu_order":0,"comment_status":"open","ping_status":"open","template":"","meta":{"ngg_post_thumbnail":0},"yoast_head":"<!-- This site is optimized with the Yoast SEO plugin v15.9.2 - https:\/\/yoast.com\/wordpress\/plugins\/seo\/ -->\n<meta name=\"robots\" content=\"index, follow, max-snippet:-1, max-image-preview:large, max-video-preview:-1\" \/>\n<link rel=\"canonical\" href=\"https:\/\/gerd-kramer.com\/wordpress\/multiversum\/\" \/>\n<meta property=\"og:locale\" content=\"de_DE\" \/>\n<meta property=\"og:type\" content=\"article\" \/>\n<meta property=\"og:title\" content=\"Multiversum - Gerd Kramer\" \/>\n<meta property=\"og:description\" content=\"Die Erde ist nicht der Mittelpunkt der Welt, unsere Galaxie, die Milchstra\u00dfe, ist nur eine von Milliarden Galaxien im beobachtbaren Universum. Warum sollte es nicht auch unz\u00e4hlige order gar unendlich viele Universen (ein \u201eMultiversum\u201c) geben? G\u00e4be es unendlich viele Universen, so g\u00e4be es zwangsl\u00e4ufig auch unendlich viele Kopien unserer Erde und von uns. Viele Wissenschaftler, &hellip; Multiversum weiterlesen &rarr;\" \/>\n<meta property=\"og:url\" content=\"https:\/\/gerd-kramer.com\/wordpress\/multiversum\/\" \/>\n<meta property=\"og:site_name\" content=\"Gerd Kramer\" \/>\n<meta property=\"og:image\" content=\"http:\/\/gerd-kramer.com\/wp-content\/uploads\/2014\/08\/globe-73397_1280-300x211.jpg\" \/>\n<meta name=\"twitter:card\" content=\"summary_large_image\" \/>\n<meta name=\"twitter:label1\" content=\"Gesch\u00e4tzte Lesezeit\">\n\t<meta name=\"twitter:data1\" content=\"1 Minute\">\n<script type=\"application\/ld+json\" class=\"yoast-schema-graph\">{\"@context\":\"https:\/\/schema.org\",\"@graph\":[{\"@type\":\"WebSite\",\"@id\":\"https:\/\/gerd-kramer.com\/wordpress\/#website\",\"url\":\"https:\/\/gerd-kramer.com\/wordpress\/\",\"name\":\"Gerd Kramer\",\"description\":\"Autor\",\"potentialAction\":[{\"@type\":\"SearchAction\",\"target\":\"https:\/\/gerd-kramer.com\/wordpress\/?s={search_term_string}\",\"query-input\":\"required name=search_term_string\"}],\"inLanguage\":\"de-DE\"},{\"@type\":\"ImageObject\",\"@id\":\"https:\/\/gerd-kramer.com\/wordpress\/multiversum\/#primaryimage\",\"inLanguage\":\"de-DE\",\"url\":\"https:\/\/gerd-kramer.com\/wp-content\/uploads\/2014\/08\/globe-73397_1280-300x211.jpg\"},{\"@type\":\"WebPage\",\"@id\":\"https:\/\/gerd-kramer.com\/wordpress\/multiversum\/#webpage\",\"url\":\"https:\/\/gerd-kramer.com\/wordpress\/multiversum\/\",\"name\":\"Multiversum - Gerd Kramer\",\"isPartOf\":{\"@id\":\"https:\/\/gerd-kramer.com\/wordpress\/#website\"},\"primaryImageOfPage\":{\"@id\":\"https:\/\/gerd-kramer.com\/wordpress\/multiversum\/#primaryimage\"},\"datePublished\":\"2014-08-14T06:17:17+00:00\",\"dateModified\":\"2014-08-14T06:17:17+00:00\",\"breadcrumb\":{\"@id\":\"https:\/\/gerd-kramer.com\/wordpress\/multiversum\/#breadcrumb\"},\"inLanguage\":\"de-DE\",\"potentialAction\":[{\"@type\":\"ReadAction\",\"target\":[\"https:\/\/gerd-kramer.com\/wordpress\/multiversum\/\"]}]},{\"@type\":\"BreadcrumbList\",\"@id\":\"https:\/\/gerd-kramer.com\/wordpress\/multiversum\/#breadcrumb\",\"itemListElement\":[{\"@type\":\"ListItem\",\"position\":1,\"item\":{\"@type\":\"WebPage\",\"@id\":\"https:\/\/gerd-kramer.com\/wordpress\/\",\"url\":\"https:\/\/gerd-kramer.com\/wordpress\/\",\"name\":\"Home\"}},{\"@type\":\"ListItem\",\"position\":2,\"item\":{\"@type\":\"WebPage\",\"@id\":\"https:\/\/gerd-kramer.com\/wordpress\/multiversum\/\",\"url\":\"https:\/\/gerd-kramer.com\/wordpress\/multiversum\/\",\"name\":\"Multiversum\"}}]}]}<\/script>\n<!-- \/ Yoast SEO plugin. -->","_links":{"self":[{"href":"https:\/\/gerd-kramer.com\/wordpress\/wp-json\/wp\/v2\/pages\/680"}],"collection":[{"href":"https:\/\/gerd-kramer.com\/wordpress\/wp-json\/wp\/v2\/pages"}],"about":[{"href":"https:\/\/gerd-kramer.com\/wordpress\/wp-json\/wp\/v2\/types\/page"}],"author":[{"embeddable":true,"href":"https:\/\/gerd-kramer.com\/wordpress\/wp-json\/wp\/v2\/users\/1"}],"replies":[{"embeddable":true,"href":"https:\/\/gerd-kramer.com\/wordpress\/wp-json\/wp\/v2\/comments?post=680"}],"version-history":[{"count":0,"href":"https:\/\/gerd-kramer.com\/wordpress\/wp-json\/wp\/v2\/pages\/680\/revisions"}],"wp:attachment":[{"href":"https:\/\/gerd-kramer.com\/wordpress\/wp-json\/wp\/v2\/media?parent=680"}],"curies":[{"name":"wp","href":"https:\/\/api.w.org\/{rel}","templated":true}]}}