{"id":675,"date":"2014-08-14T06:12:45","date_gmt":"2014-08-14T06:12:45","guid":{"rendered":"https:\/\/gerd-kramer.com\/?page_id=675"},"modified":"2014-08-14T06:12:45","modified_gmt":"2014-08-14T06:12:45","slug":"naturkonstanten","status":"publish","type":"page","link":"https:\/\/gerd-kramer.com\/wordpress\/naturkonstanten\/","title":{"rendered":"Naturkonstanten"},"content":{"rendered":"<p>Warum ist die Welt so wie sie ist? Warum sind die Naturkonstanten, die Gravitation, der elektrischen Ladungen und Massen der Elementarteilchen genau so eingestellt, dass es Sterne gibt, Planeten und Leben auf der Erde? \u00a0Die Wahrscheinlichkeit daf\u00fcr, dass die Naturkonstanten durch reinen Zufall so ausgefallen sind, ist geringer als die Wahrscheinlichkeit, dass eine Katze einen umfangreichen Roman fehlerfrei schreibt.<br \/>\n<span style=\"color: #000000; font-size: 12pt;\">Aber vielleicht gibt es unz\u00e4hlige Universen, jedes mit etwas anderen zuf\u00e4lligen Naturkonstanten. Dann w\u00e4re es keine \u00dcberraschung, dass ausgerechnet wir in einem Universum leben, das so gut funktioniert. Oder hat Gott sie so eingestellt?\u00a0<\/span><\/p>\n<div class=\"s0\"><span style=\"font-size: 12pt;\">\u00a0<\/span><\/div>\n<div class=\"s0\">\n<div class=\"s16\"><b>Das versteckte Experiment &#8211; Im Netz der Hydra<\/b><\/div>\n<div class=\"s16\"><em><b>Themen, Stichworte:<\/b><\/em><\/div>\n<\/div>\n<div class=\"s0\"><span style=\"color: #000000; font-size: 12pt;\">Die Rolle der Mathematik, der kosmische Code, Feinabstimmung der Naturkonstanten, die vier Grundkr\u00e4fte der Physik, Ufos, Lee Smolins Theorie der Evolution des Universums\u00a0<\/span><\/div>\n<p>&nbsp;<\/p>\n<div class=\"s0\"><a href=\"https:\/\/gerd-kramer.com\/wordpress\/wp-content\/uploads\/2014\/08\/cat-244060_1280-1.jpg\"><img loading=\"lazy\" class=\"alignnone size-medium wp-image-676\" src=\"https:\/\/gerd-kramer.com\/wp-content\/uploads\/2014\/08\/cat-244060_1280-300x195.jpg\" alt=\"cat-244060_1280\" width=\"300\" height=\"195\" \/><\/a><\/div>\n","protected":false},"excerpt":{"rendered":"<p>Warum ist die Welt so wie sie ist? Warum sind die Naturkonstanten, die Gravitation, der elektrischen Ladungen und Massen der Elementarteilchen genau so eingestellt, dass es Sterne gibt, Planeten und Leben auf der Erde? \u00a0Die Wahrscheinlichkeit daf\u00fcr, dass die Naturkonstanten durch reinen Zufall so ausgefallen sind, ist geringer als die Wahrscheinlichkeit, dass eine Katze einen &hellip; <a href=\"https:\/\/gerd-kramer.com\/wordpress\/naturkonstanten\/\" class=\"more-link\"><span class=\"screen-reader-text\">Naturkonstanten<\/span> weiterlesen <span class=\"meta-nav\">&rarr;<\/span><\/a><\/p>\n","protected":false},"author":1,"featured_media":0,"parent":0,"menu_order":0,"comment_status":"open","ping_status":"open","template":"","meta":{"ngg_post_thumbnail":0},"yoast_head":"<!-- This site is optimized with the Yoast SEO plugin v15.9.2 - https:\/\/yoast.com\/wordpress\/plugins\/seo\/ -->\n<meta name=\"robots\" content=\"index, follow, max-snippet:-1, max-image-preview:large, max-video-preview:-1\" \/>\n<link rel=\"canonical\" href=\"https:\/\/gerd-kramer.com\/wordpress\/naturkonstanten\/\" \/>\n<meta property=\"og:locale\" content=\"de_DE\" \/>\n<meta property=\"og:type\" content=\"article\" \/>\n<meta property=\"og:title\" content=\"Naturkonstanten - Gerd Kramer\" \/>\n<meta property=\"og:description\" content=\"Warum ist die Welt so wie sie ist? Warum sind die Naturkonstanten, die Gravitation, der elektrischen Ladungen und Massen der Elementarteilchen genau so eingestellt, dass es Sterne gibt, Planeten und Leben auf der Erde? \u00a0Die Wahrscheinlichkeit daf\u00fcr, dass die Naturkonstanten durch reinen Zufall so ausgefallen sind, ist geringer als die Wahrscheinlichkeit, dass eine Katze einen &hellip; Naturkonstanten weiterlesen &rarr;\" \/>\n<meta property=\"og:url\" content=\"https:\/\/gerd-kramer.com\/wordpress\/naturkonstanten\/\" \/>\n<meta property=\"og:site_name\" content=\"Gerd Kramer\" \/>\n<meta property=\"og:image\" content=\"http:\/\/gerd-kramer.com\/wp-content\/uploads\/2014\/08\/cat-244060_1280-300x195.jpg\" \/>\n<meta name=\"twitter:card\" content=\"summary_large_image\" \/>\n<meta name=\"twitter:label1\" content=\"Gesch\u00e4tzte Lesezeit\">\n\t<meta name=\"twitter:data1\" content=\"1 Minute\">\n<script type=\"application\/ld+json\" class=\"yoast-schema-graph\">{\"@context\":\"https:\/\/schema.org\",\"@graph\":[{\"@type\":\"WebSite\",\"@id\":\"https:\/\/gerd-kramer.com\/wordpress\/#website\",\"url\":\"https:\/\/gerd-kramer.com\/wordpress\/\",\"name\":\"Gerd Kramer\",\"description\":\"Autor\",\"potentialAction\":[{\"@type\":\"SearchAction\",\"target\":\"https:\/\/gerd-kramer.com\/wordpress\/?s={search_term_string}\",\"query-input\":\"required name=search_term_string\"}],\"inLanguage\":\"de-DE\"},{\"@type\":\"ImageObject\",\"@id\":\"https:\/\/gerd-kramer.com\/wordpress\/naturkonstanten\/#primaryimage\",\"inLanguage\":\"de-DE\",\"url\":\"https:\/\/gerd-kramer.com\/wp-content\/uploads\/2014\/08\/cat-244060_1280-300x195.jpg\"},{\"@type\":\"WebPage\",\"@id\":\"https:\/\/gerd-kramer.com\/wordpress\/naturkonstanten\/#webpage\",\"url\":\"https:\/\/gerd-kramer.com\/wordpress\/naturkonstanten\/\",\"name\":\"Naturkonstanten - Gerd Kramer\",\"isPartOf\":{\"@id\":\"https:\/\/gerd-kramer.com\/wordpress\/#website\"},\"primaryImageOfPage\":{\"@id\":\"https:\/\/gerd-kramer.com\/wordpress\/naturkonstanten\/#primaryimage\"},\"datePublished\":\"2014-08-14T06:12:45+00:00\",\"dateModified\":\"2014-08-14T06:12:45+00:00\",\"breadcrumb\":{\"@id\":\"https:\/\/gerd-kramer.com\/wordpress\/naturkonstanten\/#breadcrumb\"},\"inLanguage\":\"de-DE\",\"potentialAction\":[{\"@type\":\"ReadAction\",\"target\":[\"https:\/\/gerd-kramer.com\/wordpress\/naturkonstanten\/\"]}]},{\"@type\":\"BreadcrumbList\",\"@id\":\"https:\/\/gerd-kramer.com\/wordpress\/naturkonstanten\/#breadcrumb\",\"itemListElement\":[{\"@type\":\"ListItem\",\"position\":1,\"item\":{\"@type\":\"WebPage\",\"@id\":\"https:\/\/gerd-kramer.com\/wordpress\/\",\"url\":\"https:\/\/gerd-kramer.com\/wordpress\/\",\"name\":\"Home\"}},{\"@type\":\"ListItem\",\"position\":2,\"item\":{\"@type\":\"WebPage\",\"@id\":\"https:\/\/gerd-kramer.com\/wordpress\/naturkonstanten\/\",\"url\":\"https:\/\/gerd-kramer.com\/wordpress\/naturkonstanten\/\",\"name\":\"Naturkonstanten\"}}]}]}<\/script>\n<!-- \/ Yoast SEO plugin. -->","_links":{"self":[{"href":"https:\/\/gerd-kramer.com\/wordpress\/wp-json\/wp\/v2\/pages\/675"}],"collection":[{"href":"https:\/\/gerd-kramer.com\/wordpress\/wp-json\/wp\/v2\/pages"}],"about":[{"href":"https:\/\/gerd-kramer.com\/wordpress\/wp-json\/wp\/v2\/types\/page"}],"author":[{"embeddable":true,"href":"https:\/\/gerd-kramer.com\/wordpress\/wp-json\/wp\/v2\/users\/1"}],"replies":[{"embeddable":true,"href":"https:\/\/gerd-kramer.com\/wordpress\/wp-json\/wp\/v2\/comments?post=675"}],"version-history":[{"count":0,"href":"https:\/\/gerd-kramer.com\/wordpress\/wp-json\/wp\/v2\/pages\/675\/revisions"}],"wp:attachment":[{"href":"https:\/\/gerd-kramer.com\/wordpress\/wp-json\/wp\/v2\/media?parent=675"}],"curies":[{"name":"wp","href":"https:\/\/api.w.org\/{rel}","templated":true}]}}