{"id":656,"date":"2014-08-14T05:49:14","date_gmt":"2014-08-14T05:49:14","guid":{"rendered":"https:\/\/gerd-kramer.com\/?page_id=656"},"modified":"2014-08-14T05:49:14","modified_gmt":"2014-08-14T05:49:14","slug":"sonne-mond-und-sterne","status":"publish","type":"page","link":"https:\/\/gerd-kramer.com\/wordpress\/sonne-mond-und-sterne\/","title":{"rendered":"Sonne, Mond und Sterne"},"content":{"rendered":"<p>Es ist schon sehr erstaunlich, was fr\u00fche Kulturen bereits \u00fcber unser Sonnensystem wussten. Bereits im 3. Jahrhundert v. Chr. bewies Eratosthenes, der in der \u00e4gyptischen Stadt Alexandria lebte, auf einfache Weise, dass die Erde eine Kugel und wie gro\u00df der Erdumfang ist.<\/p>\n<div class=\"s16\"><b>Das versteckte Experiment &#8211; Im Netz der Hydra<\/b><\/div>\n<div class=\"s16\"><em><b>Themen, Stichworte:<\/b><\/em><\/div>\n<p>Mondphasen, Sonnenfinsternis, Rotverschiebung<\/p>\n<p><a href=\"https:\/\/gerd-kramer.com\/wordpress\/wp-content\/uploads\/2014\/08\/solar-system-11111_640-1.jpg\"><img loading=\"lazy\" class=\"alignnone size-medium wp-image-657\" src=\"https:\/\/gerd-kramer.com\/wp-content\/uploads\/2014\/08\/solar-system-11111_6401-300x187.jpg\" alt=\"solar-system-11111_640\" width=\"300\" height=\"187\" \/><\/a><\/p>\n","protected":false},"excerpt":{"rendered":"<p>Es ist schon sehr erstaunlich, was fr\u00fche Kulturen bereits \u00fcber unser Sonnensystem wussten. Bereits im 3. Jahrhundert v. Chr. bewies Eratosthenes, der in der \u00e4gyptischen Stadt Alexandria lebte, auf einfache Weise, dass die Erde eine Kugel und wie gro\u00df der Erdumfang ist. Das versteckte Experiment &#8211; Im Netz der Hydra Themen, Stichworte: Mondphasen, Sonnenfinsternis, Rotverschiebung<\/p>\n","protected":false},"author":1,"featured_media":0,"parent":0,"menu_order":0,"comment_status":"open","ping_status":"open","template":"","meta":{"ngg_post_thumbnail":0},"yoast_head":"<!-- This site is optimized with the Yoast SEO plugin v15.9.2 - https:\/\/yoast.com\/wordpress\/plugins\/seo\/ -->\n<meta name=\"robots\" content=\"index, follow, max-snippet:-1, max-image-preview:large, max-video-preview:-1\" \/>\n<link rel=\"canonical\" href=\"https:\/\/gerd-kramer.com\/wordpress\/sonne-mond-und-sterne\/\" \/>\n<meta property=\"og:locale\" content=\"de_DE\" \/>\n<meta property=\"og:type\" content=\"article\" \/>\n<meta property=\"og:title\" content=\"Sonne, Mond und Sterne - Gerd Kramer\" \/>\n<meta property=\"og:description\" content=\"Es ist schon sehr erstaunlich, was fr\u00fche Kulturen bereits \u00fcber unser Sonnensystem wussten. Bereits im 3. Jahrhundert v. Chr. bewies Eratosthenes, der in der \u00e4gyptischen Stadt Alexandria lebte, auf einfache Weise, dass die Erde eine Kugel und wie gro\u00df der Erdumfang ist. Das versteckte Experiment &#8211; Im Netz der Hydra Themen, Stichworte: Mondphasen, Sonnenfinsternis, Rotverschiebung\" \/>\n<meta property=\"og:url\" content=\"https:\/\/gerd-kramer.com\/wordpress\/sonne-mond-und-sterne\/\" \/>\n<meta property=\"og:site_name\" content=\"Gerd Kramer\" \/>\n<meta property=\"og:image\" content=\"http:\/\/gerd-kramer.com\/wp-content\/uploads\/2014\/08\/solar-system-11111_6401-300x187.jpg\" \/>\n<meta name=\"twitter:card\" content=\"summary_large_image\" \/>\n<script type=\"application\/ld+json\" class=\"yoast-schema-graph\">{\"@context\":\"https:\/\/schema.org\",\"@graph\":[{\"@type\":\"WebSite\",\"@id\":\"https:\/\/gerd-kramer.com\/wordpress\/#website\",\"url\":\"https:\/\/gerd-kramer.com\/wordpress\/\",\"name\":\"Gerd Kramer\",\"description\":\"Autor\",\"potentialAction\":[{\"@type\":\"SearchAction\",\"target\":\"https:\/\/gerd-kramer.com\/wordpress\/?s={search_term_string}\",\"query-input\":\"required name=search_term_string\"}],\"inLanguage\":\"de-DE\"},{\"@type\":\"ImageObject\",\"@id\":\"https:\/\/gerd-kramer.com\/wordpress\/sonne-mond-und-sterne\/#primaryimage\",\"inLanguage\":\"de-DE\",\"url\":\"https:\/\/gerd-kramer.com\/wp-content\/uploads\/2014\/08\/solar-system-11111_6401-300x187.jpg\"},{\"@type\":\"WebPage\",\"@id\":\"https:\/\/gerd-kramer.com\/wordpress\/sonne-mond-und-sterne\/#webpage\",\"url\":\"https:\/\/gerd-kramer.com\/wordpress\/sonne-mond-und-sterne\/\",\"name\":\"Sonne, Mond und Sterne - Gerd Kramer\",\"isPartOf\":{\"@id\":\"https:\/\/gerd-kramer.com\/wordpress\/#website\"},\"primaryImageOfPage\":{\"@id\":\"https:\/\/gerd-kramer.com\/wordpress\/sonne-mond-und-sterne\/#primaryimage\"},\"datePublished\":\"2014-08-14T05:49:14+00:00\",\"dateModified\":\"2014-08-14T05:49:14+00:00\",\"breadcrumb\":{\"@id\":\"https:\/\/gerd-kramer.com\/wordpress\/sonne-mond-und-sterne\/#breadcrumb\"},\"inLanguage\":\"de-DE\",\"potentialAction\":[{\"@type\":\"ReadAction\",\"target\":[\"https:\/\/gerd-kramer.com\/wordpress\/sonne-mond-und-sterne\/\"]}]},{\"@type\":\"BreadcrumbList\",\"@id\":\"https:\/\/gerd-kramer.com\/wordpress\/sonne-mond-und-sterne\/#breadcrumb\",\"itemListElement\":[{\"@type\":\"ListItem\",\"position\":1,\"item\":{\"@type\":\"WebPage\",\"@id\":\"https:\/\/gerd-kramer.com\/wordpress\/\",\"url\":\"https:\/\/gerd-kramer.com\/wordpress\/\",\"name\":\"Home\"}},{\"@type\":\"ListItem\",\"position\":2,\"item\":{\"@type\":\"WebPage\",\"@id\":\"https:\/\/gerd-kramer.com\/wordpress\/sonne-mond-und-sterne\/\",\"url\":\"https:\/\/gerd-kramer.com\/wordpress\/sonne-mond-und-sterne\/\",\"name\":\"Sonne, Mond und Sterne\"}}]}]}<\/script>\n<!-- \/ Yoast SEO plugin. -->","_links":{"self":[{"href":"https:\/\/gerd-kramer.com\/wordpress\/wp-json\/wp\/v2\/pages\/656"}],"collection":[{"href":"https:\/\/gerd-kramer.com\/wordpress\/wp-json\/wp\/v2\/pages"}],"about":[{"href":"https:\/\/gerd-kramer.com\/wordpress\/wp-json\/wp\/v2\/types\/page"}],"author":[{"embeddable":true,"href":"https:\/\/gerd-kramer.com\/wordpress\/wp-json\/wp\/v2\/users\/1"}],"replies":[{"embeddable":true,"href":"https:\/\/gerd-kramer.com\/wordpress\/wp-json\/wp\/v2\/comments?post=656"}],"version-history":[{"count":0,"href":"https:\/\/gerd-kramer.com\/wordpress\/wp-json\/wp\/v2\/pages\/656\/revisions"}],"wp:attachment":[{"href":"https:\/\/gerd-kramer.com\/wordpress\/wp-json\/wp\/v2\/media?parent=656"}],"curies":[{"name":"wp","href":"https:\/\/api.w.org\/{rel}","templated":true}]}}