{"id":44,"date":"2014-08-06T09:20:38","date_gmt":"2014-08-06T09:20:38","guid":{"rendered":"http:\/\/gkhp1875.apps-1and1.net\/?page_id=44"},"modified":"2020-11-26T13:43:09","modified_gmt":"2020-11-26T13:43:09","slug":"die-welt-einem-sandkorn","status":"publish","type":"page","link":"https:\/\/gerd-kramer.com\/wordpress\/die-welt-einem-sandkorn\/","title":{"rendered":"Die Welt in einem Sandkorn"},"content":{"rendered":"<p><a href=\"https:\/\/gerd-kramer.com\/wordpress\/wp-content\/uploads\/2014\/08\/CoverFront_PrintKlein-1.jpg\"><img loading=\"lazy\" class=\"size-medium wp-image-1323 alignleft\" src=\"https:\/\/gerd-kramer.com\/wordpress\/wp-content\/uploads\/2014\/08\/CoverFront_PrintKlein-1-192x300.jpg\" alt=\"CoverFront_PrintKlein\" width=\"192\" height=\"300\" srcset=\"https:\/\/gerd-kramer.com\/wordpress\/wp-content\/uploads\/2014\/08\/CoverFront_PrintKlein-1-192x300.jpg 192w, https:\/\/gerd-kramer.com\/wordpress\/wp-content\/uploads\/2014\/08\/CoverFront_PrintKlein-1-657x1024.jpg 657w, https:\/\/gerd-kramer.com\/wordpress\/wp-content\/uploads\/2014\/08\/CoverFront_PrintKlein-1-768x1198.jpg 768w, https:\/\/gerd-kramer.com\/wordpress\/wp-content\/uploads\/2014\/08\/CoverFront_PrintKlein-1.jpg 801w\" sizes=\"(max-width: 192px) 100vw, 192px\" \/><\/a><strong>Klappentext:<br \/>\n<\/strong>Ein Asteroid rast auf die Erde zu und droht die gesamte Menschheit zu vernichten. Da die Forschungsmittel gek\u00fcrzt wurden, stehen keine effektiven Abwehrma\u00dfnahmen zur Verf\u00fcgung. Ulrich Beer, der Wissenschaftler und Entdecker des Himmelsk\u00f6rpers, hat sich mit dem drohenden Ende abgefunden. Die Ehescheidung und finanzielle Probleme haben ihn aus der Bahn geworfen. Dann geschieht etwas Unerkl\u00e4rliches. Der Asteroid verschwindet spurlos. Das Leben auf der Erde scheint der Katastrophe entkommen zu sein. Doch Ulrich Beer und seine Freunde entdecken, dass sich das Universum ver\u00e4ndert hat.&nbsp; Stehen diese Ver\u00e4nderungen im Zusammenhang mit mysteri\u00f6sen Ereignissen auf der Erde? Haben sie gar etwas mit dem ber\u00fchmten Wow!-Signal zu tun, das am 15. August 1977 vom Big-Ear-Radioteleskop in Ohio empfangen wurde?<br \/>\nWas Ulrich Beer und seine Kollegen entdecken, sprengt die Vorstellungskraft der Menschheit.<br \/>\n<strong><em>Mbook 2015<\/em><\/strong><\/p>\n<p>Erh\u00e4ltlich in allen Buchhandlungen (z.B. bei <a href=\"http:\/\/www.amazon.de\/Welt-einem-Sandkorn-Gerd-Kramer-ebook\/dp\/B0158NZ2HE\/ref=tmm_kin_swatch_0?_encoding=UTF8&amp;qid=1443077987&amp;sr=8-3\" target=\"_blank\" rel=\"noopener noreferrer\">Amazon<\/a>)<\/p>\n<p>&nbsp;<\/p>\n<p><a href=\"https:\/\/gerd-kramer.com\/wordpress\/wp-content\/uploads\/2014\/08\/effelsberg-84396_1280-1.jpg\"><img loading=\"lazy\" class=\"alignnone size-medium wp-image-856\" src=\"https:\/\/gerd-kramer.com\/wordpress\/wp-content\/uploads\/2014\/08\/effelsberg-84396_1280-1-300x225.jpg\" alt=\"effelsberg-84396_1280\" width=\"300\" height=\"225\" srcset=\"https:\/\/gerd-kramer.com\/wordpress\/wp-content\/uploads\/2014\/08\/effelsberg-84396_1280-1-300x225.jpg 300w, https:\/\/gerd-kramer.com\/wordpress\/wp-content\/uploads\/2014\/08\/effelsberg-84396_1280-1-1024x768.jpg 1024w, https:\/\/gerd-kramer.com\/wordpress\/wp-content\/uploads\/2014\/08\/effelsberg-84396_1280-1-768x576.jpg 768w, https:\/\/gerd-kramer.com\/wordpress\/wp-content\/uploads\/2014\/08\/effelsberg-84396_1280-1.jpg 1280w\" sizes=\"(max-width: 300px) 100vw, 300px\" \/><\/a><\/p>\n<p>&nbsp;<\/p>\n","protected":false},"excerpt":{"rendered":"<p>Klappentext: Ein Asteroid rast auf die Erde zu und droht die gesamte Menschheit zu vernichten. Da die Forschungsmittel gek\u00fcrzt wurden, stehen keine effektiven Abwehrma\u00dfnahmen zur Verf\u00fcgung. Ulrich Beer, der Wissenschaftler und Entdecker des Himmelsk\u00f6rpers, hat sich mit dem drohenden Ende abgefunden. Die Ehescheidung und finanzielle Probleme haben ihn aus der Bahn geworfen. Dann geschieht etwas &hellip; <a href=\"https:\/\/gerd-kramer.com\/wordpress\/die-welt-einem-sandkorn\/\" class=\"more-link\"><span class=\"screen-reader-text\">Die Welt in einem Sandkorn<\/span> weiterlesen <span class=\"meta-nav\">&rarr;<\/span><\/a><\/p>\n","protected":false},"author":1,"featured_media":0,"parent":0,"menu_order":0,"comment_status":"closed","ping_status":"closed","template":"","meta":{"ngg_post_thumbnail":0},"yoast_head":"<!-- This site is optimized with the Yoast SEO plugin v15.9.2 - https:\/\/yoast.com\/wordpress\/plugins\/seo\/ -->\n<meta name=\"robots\" content=\"index, follow, max-snippet:-1, max-image-preview:large, max-video-preview:-1\" \/>\n<link rel=\"canonical\" href=\"https:\/\/gerd-kramer.com\/wordpress\/die-welt-einem-sandkorn\/\" \/>\n<meta property=\"og:locale\" content=\"de_DE\" \/>\n<meta property=\"og:type\" content=\"article\" \/>\n<meta property=\"og:title\" content=\"Die Welt in einem Sandkorn - Gerd Kramer\" \/>\n<meta property=\"og:description\" content=\"Klappentext: Ein Asteroid rast auf die Erde zu und droht die gesamte Menschheit zu vernichten. Da die Forschungsmittel gek\u00fcrzt wurden, stehen keine effektiven Abwehrma\u00dfnahmen zur Verf\u00fcgung. Ulrich Beer, der Wissenschaftler und Entdecker des Himmelsk\u00f6rpers, hat sich mit dem drohenden Ende abgefunden. Die Ehescheidung und finanzielle Probleme haben ihn aus der Bahn geworfen. Dann geschieht etwas &hellip; Die Welt in einem Sandkorn weiterlesen &rarr;\" \/>\n<meta property=\"og:url\" content=\"https:\/\/gerd-kramer.com\/wordpress\/die-welt-einem-sandkorn\/\" \/>\n<meta property=\"og:site_name\" content=\"Gerd Kramer\" \/>\n<meta property=\"article:modified_time\" content=\"2020-11-26T13:43:09+00:00\" \/>\n<meta property=\"og:image\" content=\"https:\/\/gerd-kramer.com\/wordpress\/wp-content\/uploads\/2014\/08\/CoverFront_PrintKlein-1-192x300.jpg\" \/>\n<meta name=\"twitter:card\" content=\"summary_large_image\" \/>\n<meta name=\"twitter:label1\" content=\"Gesch\u00e4tzte Lesezeit\">\n\t<meta name=\"twitter:data1\" content=\"1 Minute\">\n<script type=\"application\/ld+json\" class=\"yoast-schema-graph\">{\"@context\":\"https:\/\/schema.org\",\"@graph\":[{\"@type\":\"WebSite\",\"@id\":\"https:\/\/gerd-kramer.com\/wordpress\/#website\",\"url\":\"https:\/\/gerd-kramer.com\/wordpress\/\",\"name\":\"Gerd Kramer\",\"description\":\"Autor\",\"potentialAction\":[{\"@type\":\"SearchAction\",\"target\":\"https:\/\/gerd-kramer.com\/wordpress\/?s={search_term_string}\",\"query-input\":\"required name=search_term_string\"}],\"inLanguage\":\"de-DE\"},{\"@type\":\"ImageObject\",\"@id\":\"https:\/\/gerd-kramer.com\/wordpress\/die-welt-einem-sandkorn\/#primaryimage\",\"inLanguage\":\"de-DE\",\"url\":\"https:\/\/gerd-kramer.com\/wordpress\/wp-content\/uploads\/2014\/08\/CoverFront_PrintKlein-1.jpg\",\"width\":801,\"height\":1249},{\"@type\":\"WebPage\",\"@id\":\"https:\/\/gerd-kramer.com\/wordpress\/die-welt-einem-sandkorn\/#webpage\",\"url\":\"https:\/\/gerd-kramer.com\/wordpress\/die-welt-einem-sandkorn\/\",\"name\":\"Die Welt in einem Sandkorn - Gerd Kramer\",\"isPartOf\":{\"@id\":\"https:\/\/gerd-kramer.com\/wordpress\/#website\"},\"primaryImageOfPage\":{\"@id\":\"https:\/\/gerd-kramer.com\/wordpress\/die-welt-einem-sandkorn\/#primaryimage\"},\"datePublished\":\"2014-08-06T09:20:38+00:00\",\"dateModified\":\"2020-11-26T13:43:09+00:00\",\"breadcrumb\":{\"@id\":\"https:\/\/gerd-kramer.com\/wordpress\/die-welt-einem-sandkorn\/#breadcrumb\"},\"inLanguage\":\"de-DE\",\"potentialAction\":[{\"@type\":\"ReadAction\",\"target\":[\"https:\/\/gerd-kramer.com\/wordpress\/die-welt-einem-sandkorn\/\"]}]},{\"@type\":\"BreadcrumbList\",\"@id\":\"https:\/\/gerd-kramer.com\/wordpress\/die-welt-einem-sandkorn\/#breadcrumb\",\"itemListElement\":[{\"@type\":\"ListItem\",\"position\":1,\"item\":{\"@type\":\"WebPage\",\"@id\":\"https:\/\/gerd-kramer.com\/wordpress\/\",\"url\":\"https:\/\/gerd-kramer.com\/wordpress\/\",\"name\":\"Home\"}},{\"@type\":\"ListItem\",\"position\":2,\"item\":{\"@type\":\"WebPage\",\"@id\":\"https:\/\/gerd-kramer.com\/wordpress\/die-welt-einem-sandkorn\/\",\"url\":\"https:\/\/gerd-kramer.com\/wordpress\/die-welt-einem-sandkorn\/\",\"name\":\"Die Welt in einem Sandkorn\"}}]}]}<\/script>\n<!-- \/ Yoast SEO plugin. -->","_links":{"self":[{"href":"https:\/\/gerd-kramer.com\/wordpress\/wp-json\/wp\/v2\/pages\/44"}],"collection":[{"href":"https:\/\/gerd-kramer.com\/wordpress\/wp-json\/wp\/v2\/pages"}],"about":[{"href":"https:\/\/gerd-kramer.com\/wordpress\/wp-json\/wp\/v2\/types\/page"}],"author":[{"embeddable":true,"href":"https:\/\/gerd-kramer.com\/wordpress\/wp-json\/wp\/v2\/users\/1"}],"replies":[{"embeddable":true,"href":"https:\/\/gerd-kramer.com\/wordpress\/wp-json\/wp\/v2\/comments?post=44"}],"version-history":[{"count":1,"href":"https:\/\/gerd-kramer.com\/wordpress\/wp-json\/wp\/v2\/pages\/44\/revisions"}],"predecessor-version":[{"id":2122,"href":"https:\/\/gerd-kramer.com\/wordpress\/wp-json\/wp\/v2\/pages\/44\/revisions\/2122"}],"wp:attachment":[{"href":"https:\/\/gerd-kramer.com\/wordpress\/wp-json\/wp\/v2\/media?parent=44"}],"curies":[{"name":"wp","href":"https:\/\/api.w.org\/{rel}","templated":true}]}}