{"id":434,"date":"2014-08-10T11:04:52","date_gmt":"2014-08-10T11:04:52","guid":{"rendered":"http:\/\/gkhp1875.apps-1and1.net\/?page_id=434"},"modified":"2020-11-12T17:28:12","modified_gmt":"2020-11-12T17:28:12","slug":"impressum-2","status":"publish","type":"page","link":"https:\/\/gerd-kramer.com\/wordpress\/impressum-2\/","title":{"rendered":"Impressum"},"content":{"rendered":"<p><a href=\"https:\/\/gerd-kramer.com\/wordpress\/wp-content\/uploads\/2014\/08\/Impressum-1.jpg\"><img loading=\"lazy\" class=\"alignleft wp-image-437 size-medium\" src=\"https:\/\/gerd-kramer.com\/wordpress\/wp-content\/uploads\/2014\/08\/Impressum-1-300x79.jpg\" alt=\"Impressum\" width=\"300\" height=\"79\" srcset=\"https:\/\/gerd-kramer.com\/wordpress\/wp-content\/uploads\/2014\/08\/Impressum-1-300x79.jpg 300w, https:\/\/gerd-kramer.com\/wordpress\/wp-content\/uploads\/2014\/08\/Impressum-1.jpg 310w\" sizes=\"(max-width: 300px) 100vw, 300px\" \/><\/a><\/p>\n<p>Am Binnenhafen 62<br \/>\n25813 Husum<br \/>\nTel.: 02241 2577323<\/p>\n<p><strong>F\u00fcr den Inhalt dieser Webseite ist verantwortlich:<\/strong><\/p>\n<p>Gerd Kramer<br \/>\nAm Binnenhafen 62<br \/>\n25813 Husum<\/p>\n<p><strong>Urheberrechtshinweis:<\/strong><br \/>\nDie Inhalte dieser Webseite sind urheberrechtlich gesch\u00fctzt.<\/p>\n<p><strong>Externe Links:<\/strong><br \/>\nIch \u00fcbernehme keine Haftung f\u00fcr die Inhalte externer Webseiten,<br \/>\nauf die durch einen Link verwiesen wird. F\u00fcr diese Inhalte ist der<br \/>\njeweilige Betreiber der Webseiten verantwortlich.<\/p>\n","protected":false},"excerpt":{"rendered":"<p>Am Binnenhafen 62 25813 Husum Tel.: 02241 2577323 F\u00fcr den Inhalt dieser Webseite ist verantwortlich: Gerd Kramer Am Binnenhafen 62 25813 Husum Urheberrechtshinweis: Die Inhalte dieser Webseite sind urheberrechtlich gesch\u00fctzt. Externe Links: Ich \u00fcbernehme keine Haftung f\u00fcr die Inhalte externer Webseiten, auf die durch einen Link verwiesen wird. F\u00fcr diese Inhalte ist der jeweilige Betreiber &hellip; <a href=\"https:\/\/gerd-kramer.com\/wordpress\/impressum-2\/\" class=\"more-link\"><span class=\"screen-reader-text\">Impressum<\/span> weiterlesen <span class=\"meta-nav\">&rarr;<\/span><\/a><\/p>\n","protected":false},"author":1,"featured_media":0,"parent":0,"menu_order":0,"comment_status":"open","ping_status":"open","template":"","meta":{"ngg_post_thumbnail":0},"yoast_head":"<!-- This site is optimized with the Yoast SEO plugin v15.9.2 - https:\/\/yoast.com\/wordpress\/plugins\/seo\/ -->\n<meta name=\"robots\" content=\"index, follow, max-snippet:-1, max-image-preview:large, max-video-preview:-1\" \/>\n<link rel=\"canonical\" href=\"https:\/\/gerd-kramer.com\/wordpress\/impressum-2\/\" \/>\n<meta property=\"og:locale\" content=\"de_DE\" \/>\n<meta property=\"og:type\" content=\"article\" \/>\n<meta property=\"og:title\" content=\"Impressum - Gerd Kramer\" \/>\n<meta property=\"og:description\" content=\"Am Binnenhafen 62 25813 Husum Tel.: 02241 2577323 F\u00fcr den Inhalt dieser Webseite ist verantwortlich: Gerd Kramer Am Binnenhafen 62 25813 Husum Urheberrechtshinweis: Die Inhalte dieser Webseite sind urheberrechtlich gesch\u00fctzt. Externe Links: Ich \u00fcbernehme keine Haftung f\u00fcr die Inhalte externer Webseiten, auf die durch einen Link verwiesen wird. F\u00fcr diese Inhalte ist der jeweilige Betreiber &hellip; Impressum weiterlesen &rarr;\" \/>\n<meta property=\"og:url\" content=\"https:\/\/gerd-kramer.com\/wordpress\/impressum-2\/\" \/>\n<meta property=\"og:site_name\" content=\"Gerd Kramer\" \/>\n<meta property=\"article:modified_time\" content=\"2020-11-12T17:28:12+00:00\" \/>\n<meta property=\"og:image\" content=\"https:\/\/gerd-kramer.com\/wordpress\/wp-content\/uploads\/2014\/08\/Impressum-1-300x79.jpg\" \/>\n<meta name=\"twitter:card\" content=\"summary_large_image\" \/>\n<script type=\"application\/ld+json\" class=\"yoast-schema-graph\">{\"@context\":\"https:\/\/schema.org\",\"@graph\":[{\"@type\":\"WebSite\",\"@id\":\"https:\/\/gerd-kramer.com\/wordpress\/#website\",\"url\":\"https:\/\/gerd-kramer.com\/wordpress\/\",\"name\":\"Gerd Kramer\",\"description\":\"Autor\",\"potentialAction\":[{\"@type\":\"SearchAction\",\"target\":\"https:\/\/gerd-kramer.com\/wordpress\/?s={search_term_string}\",\"query-input\":\"required name=search_term_string\"}],\"inLanguage\":\"de-DE\"},{\"@type\":\"ImageObject\",\"@id\":\"https:\/\/gerd-kramer.com\/wordpress\/impressum-2\/#primaryimage\",\"inLanguage\":\"de-DE\",\"url\":\"https:\/\/gerd-kramer.com\/wordpress\/wp-content\/uploads\/2014\/08\/Impressum-1.jpg\",\"width\":310,\"height\":82},{\"@type\":\"WebPage\",\"@id\":\"https:\/\/gerd-kramer.com\/wordpress\/impressum-2\/#webpage\",\"url\":\"https:\/\/gerd-kramer.com\/wordpress\/impressum-2\/\",\"name\":\"Impressum - Gerd Kramer\",\"isPartOf\":{\"@id\":\"https:\/\/gerd-kramer.com\/wordpress\/#website\"},\"primaryImageOfPage\":{\"@id\":\"https:\/\/gerd-kramer.com\/wordpress\/impressum-2\/#primaryimage\"},\"datePublished\":\"2014-08-10T11:04:52+00:00\",\"dateModified\":\"2020-11-12T17:28:12+00:00\",\"breadcrumb\":{\"@id\":\"https:\/\/gerd-kramer.com\/wordpress\/impressum-2\/#breadcrumb\"},\"inLanguage\":\"de-DE\",\"potentialAction\":[{\"@type\":\"ReadAction\",\"target\":[\"https:\/\/gerd-kramer.com\/wordpress\/impressum-2\/\"]}]},{\"@type\":\"BreadcrumbList\",\"@id\":\"https:\/\/gerd-kramer.com\/wordpress\/impressum-2\/#breadcrumb\",\"itemListElement\":[{\"@type\":\"ListItem\",\"position\":1,\"item\":{\"@type\":\"WebPage\",\"@id\":\"https:\/\/gerd-kramer.com\/wordpress\/\",\"url\":\"https:\/\/gerd-kramer.com\/wordpress\/\",\"name\":\"Home\"}},{\"@type\":\"ListItem\",\"position\":2,\"item\":{\"@type\":\"WebPage\",\"@id\":\"https:\/\/gerd-kramer.com\/wordpress\/impressum-2\/\",\"url\":\"https:\/\/gerd-kramer.com\/wordpress\/impressum-2\/\",\"name\":\"Impressum\"}}]}]}<\/script>\n<!-- \/ Yoast SEO plugin. -->","_links":{"self":[{"href":"https:\/\/gerd-kramer.com\/wordpress\/wp-json\/wp\/v2\/pages\/434"}],"collection":[{"href":"https:\/\/gerd-kramer.com\/wordpress\/wp-json\/wp\/v2\/pages"}],"about":[{"href":"https:\/\/gerd-kramer.com\/wordpress\/wp-json\/wp\/v2\/types\/page"}],"author":[{"embeddable":true,"href":"https:\/\/gerd-kramer.com\/wordpress\/wp-json\/wp\/v2\/users\/1"}],"replies":[{"embeddable":true,"href":"https:\/\/gerd-kramer.com\/wordpress\/wp-json\/wp\/v2\/comments?post=434"}],"version-history":[{"count":7,"href":"https:\/\/gerd-kramer.com\/wordpress\/wp-json\/wp\/v2\/pages\/434\/revisions"}],"predecessor-version":[{"id":2087,"href":"https:\/\/gerd-kramer.com\/wordpress\/wp-json\/wp\/v2\/pages\/434\/revisions\/2087"}],"wp:attachment":[{"href":"https:\/\/gerd-kramer.com\/wordpress\/wp-json\/wp\/v2\/media?parent=434"}],"curies":[{"name":"wp","href":"https:\/\/api.w.org\/{rel}","templated":true}]}}