{"id":405,"date":"2014-08-09T20:37:31","date_gmt":"2014-08-09T20:37:31","guid":{"rendered":"http:\/\/gkhp1875.apps-1and1.net\/?page_id=405"},"modified":"2014-08-09T20:37:31","modified_gmt":"2014-08-09T20:37:31","slug":"mein-anliegen","status":"publish","type":"page","link":"https:\/\/gerd-kramer.com\/wordpress\/mein-anliegen\/","title":{"rendered":"Worum es geht"},"content":{"rendered":"<p><em><strong>Sollen sich auch alle sch\u00e4men, die gedankenlos sich der Wunder der Wissenschaft und Technik bedienen und nicht mehr davon geistig erfasst haben als die Kuh von der Botanik der Pflanzen, die sie mit Wohlbehagen frisst.<\/strong><\/em><br \/>\nAlbert Einstein<\/p>\n<p>Nat\u00fcrlich ist es m\u00f6glich, in dieser Welt zu leben, ohne zu wissen, wie sie entstanden ist und wie sie funktioniert. Ich bin aber \u00fcberzeugt, dass ein Grundverst\u00e4ndnis der Zusammenh\u00e4nge helfen kann, unseren Platz im Universum zu erkennen. Mehr noch: Die vielerorts anzutreffende vereinfachte dogmatische Weltsicht ist meiner Meinung nach verantwortlich f\u00fcr viele Konflikte und Kriege auf unserem Planeten.<\/p>\n<p>Bereits als Kind haben mich kleine und gro\u00dfe Fragen unserer Existenz besch\u00e4ftigt:<\/p>\n<ul>\n<li>Wie ist das Universum entstanden?<\/li>\n<li>Wie alt ist es?<\/li>\n<li>Wie gro\u00df ist das Universum? Was ist dahinter?<\/li>\n<li>Gibt es Leben auf anderen Planeten<\/li>\n<\/ul>\n<p>Vieles kann die Wissenschaft beantworten. Einige gro\u00dfe Fragen sind geblieben und sind Gegenstand von Theorien und Hypothesen. Nicht zuletzt diese liefern den Stoff, aus dem sich abenteuerliche Geschichten schreiben lassen.<\/p>\n<ul>\n<li>Was ist das Wesen von Zeit und Raum?<\/li>\n<li>Ist die Zeit umkehrbar?<\/li>\n<li>Was ist Realit\u00e4t? Erschaffen wir unsere eigene Realit\u00e4t?<\/li>\n<li>Gibt es zehn Raumdimensionen?<\/li>\n<li>Die Bedeutung von Dunkler Materie und Dunkler Energie<\/li>\n<li>Ist das Universum ein mathematisches Konstrukt?<\/li>\n<li>Entstand das Universum aus dem Nichts?<\/li>\n<li>&#8230;<\/li>\n<\/ul>\n<p><em><strong>Wenn es mir in meinen B\u00fcchern gelingt, meine Faszination \u00fcber die Geheimnisse des Kosmos mit den Lesern zu teilen, ist mein Anliegen erf\u00fcllt<\/strong><\/em>.<\/p>\n","protected":false},"excerpt":{"rendered":"<p>Sollen sich auch alle sch\u00e4men, die gedankenlos sich der Wunder der Wissenschaft und Technik bedienen und nicht mehr davon geistig erfasst haben als die Kuh von der Botanik der Pflanzen, die sie mit Wohlbehagen frisst. Albert Einstein Nat\u00fcrlich ist es m\u00f6glich, in dieser Welt zu leben, ohne zu wissen, wie sie entstanden ist und wie &hellip; <a href=\"https:\/\/gerd-kramer.com\/wordpress\/mein-anliegen\/\" class=\"more-link\"><span class=\"screen-reader-text\">Worum es geht<\/span> weiterlesen <span class=\"meta-nav\">&rarr;<\/span><\/a><\/p>\n","protected":false},"author":1,"featured_media":0,"parent":0,"menu_order":0,"comment_status":"open","ping_status":"open","template":"","meta":{"ngg_post_thumbnail":0},"yoast_head":"<!-- This site is optimized with the Yoast SEO plugin v15.9.2 - https:\/\/yoast.com\/wordpress\/plugins\/seo\/ -->\n<meta name=\"robots\" content=\"index, follow, max-snippet:-1, max-image-preview:large, max-video-preview:-1\" \/>\n<link rel=\"canonical\" href=\"https:\/\/gerd-kramer.com\/wordpress\/mein-anliegen\/\" \/>\n<meta property=\"og:locale\" content=\"de_DE\" \/>\n<meta property=\"og:type\" content=\"article\" \/>\n<meta property=\"og:title\" content=\"Worum es geht - Gerd Kramer\" \/>\n<meta property=\"og:description\" content=\"Sollen sich auch alle sch\u00e4men, die gedankenlos sich der Wunder der Wissenschaft und Technik bedienen und nicht mehr davon geistig erfasst haben als die Kuh von der Botanik der Pflanzen, die sie mit Wohlbehagen frisst. Albert Einstein Nat\u00fcrlich ist es m\u00f6glich, in dieser Welt zu leben, ohne zu wissen, wie sie entstanden ist und wie &hellip; Worum es geht weiterlesen &rarr;\" \/>\n<meta property=\"og:url\" content=\"https:\/\/gerd-kramer.com\/wordpress\/mein-anliegen\/\" \/>\n<meta property=\"og:site_name\" content=\"Gerd Kramer\" \/>\n<meta name=\"twitter:card\" content=\"summary_large_image\" \/>\n<meta name=\"twitter:label1\" content=\"Gesch\u00e4tzte Lesezeit\">\n\t<meta name=\"twitter:data1\" content=\"1 Minute\">\n<script type=\"application\/ld+json\" class=\"yoast-schema-graph\">{\"@context\":\"https:\/\/schema.org\",\"@graph\":[{\"@type\":\"WebSite\",\"@id\":\"https:\/\/gerd-kramer.com\/wordpress\/#website\",\"url\":\"https:\/\/gerd-kramer.com\/wordpress\/\",\"name\":\"Gerd Kramer\",\"description\":\"Autor\",\"potentialAction\":[{\"@type\":\"SearchAction\",\"target\":\"https:\/\/gerd-kramer.com\/wordpress\/?s={search_term_string}\",\"query-input\":\"required name=search_term_string\"}],\"inLanguage\":\"de-DE\"},{\"@type\":\"WebPage\",\"@id\":\"https:\/\/gerd-kramer.com\/wordpress\/mein-anliegen\/#webpage\",\"url\":\"https:\/\/gerd-kramer.com\/wordpress\/mein-anliegen\/\",\"name\":\"Worum es geht - Gerd Kramer\",\"isPartOf\":{\"@id\":\"https:\/\/gerd-kramer.com\/wordpress\/#website\"},\"datePublished\":\"2014-08-09T20:37:31+00:00\",\"dateModified\":\"2014-08-09T20:37:31+00:00\",\"breadcrumb\":{\"@id\":\"https:\/\/gerd-kramer.com\/wordpress\/mein-anliegen\/#breadcrumb\"},\"inLanguage\":\"de-DE\",\"potentialAction\":[{\"@type\":\"ReadAction\",\"target\":[\"https:\/\/gerd-kramer.com\/wordpress\/mein-anliegen\/\"]}]},{\"@type\":\"BreadcrumbList\",\"@id\":\"https:\/\/gerd-kramer.com\/wordpress\/mein-anliegen\/#breadcrumb\",\"itemListElement\":[{\"@type\":\"ListItem\",\"position\":1,\"item\":{\"@type\":\"WebPage\",\"@id\":\"https:\/\/gerd-kramer.com\/wordpress\/\",\"url\":\"https:\/\/gerd-kramer.com\/wordpress\/\",\"name\":\"Home\"}},{\"@type\":\"ListItem\",\"position\":2,\"item\":{\"@type\":\"WebPage\",\"@id\":\"https:\/\/gerd-kramer.com\/wordpress\/mein-anliegen\/\",\"url\":\"https:\/\/gerd-kramer.com\/wordpress\/mein-anliegen\/\",\"name\":\"Worum es geht\"}}]}]}<\/script>\n<!-- \/ Yoast SEO plugin. -->","_links":{"self":[{"href":"https:\/\/gerd-kramer.com\/wordpress\/wp-json\/wp\/v2\/pages\/405"}],"collection":[{"href":"https:\/\/gerd-kramer.com\/wordpress\/wp-json\/wp\/v2\/pages"}],"about":[{"href":"https:\/\/gerd-kramer.com\/wordpress\/wp-json\/wp\/v2\/types\/page"}],"author":[{"embeddable":true,"href":"https:\/\/gerd-kramer.com\/wordpress\/wp-json\/wp\/v2\/users\/1"}],"replies":[{"embeddable":true,"href":"https:\/\/gerd-kramer.com\/wordpress\/wp-json\/wp\/v2\/comments?post=405"}],"version-history":[{"count":0,"href":"https:\/\/gerd-kramer.com\/wordpress\/wp-json\/wp\/v2\/pages\/405\/revisions"}],"wp:attachment":[{"href":"https:\/\/gerd-kramer.com\/wordpress\/wp-json\/wp\/v2\/media?parent=405"}],"curies":[{"name":"wp","href":"https:\/\/api.w.org\/{rel}","templated":true}]}}