{"id":396,"date":"2014-08-09T20:09:26","date_gmt":"2014-08-09T20:09:26","guid":{"rendered":"http:\/\/gkhp1875.apps-1and1.net\/?page_id=396"},"modified":"2020-11-18T08:18:45","modified_gmt":"2020-11-18T08:18:45","slug":"kurzgeschichten","status":"publish","type":"page","link":"https:\/\/gerd-kramer.com\/wordpress\/kurzgeschichten\/","title":{"rendered":"Kurzgeschichten"},"content":{"rendered":"<p style=\"text-align: left;\"><a href=\"https:\/\/www.heise.de\/ct\/ausgabe\/2018-13-Hoersturz-4069240.html\" target=\"_blank\" rel=\"noopener noreferrer\">\u201eH\u00f6rsturz\u201c<\/a> Heise Zeitschriften Verlag c&#8217;t-Magazin 13\/2018<br \/>\nIn der Computerzeitschrift c&#8217;t wurde meine Kurzgeschichte <strong>\u201eH\u00f6rsturz\u201c<\/strong> ver\u00f6ffentlicht. Sie handelt von einem l\u00e4rmgeplagten Mann, der sein Geh\u00f6r verliert. Ein modernes H\u00f6rger\u00e4t soll Abhilfe schaffen. Es erm\u00f6glicht ihm, unliebsame Ger\u00e4usche auszublenden, was jedoch nicht ohne Folgen bleibt.<\/p>\n<p style=\"text-align: center;\">&#8212;&#8212;&#8212;&#8212;&#8212;&#8212;&#8211;<\/p>\n<p>F\u00fcr die Anthologie<a href=\"https:\/\/www.amazon.de\/Sternenfeuer-Science-Fiction-Stories-DrachenStern-Verlag-Science\/dp\/3956690621?ie=UTF8&amp;keywords=Drachenstern%20sternenfeuer&amp;qid=1458844984&amp;ref_=sr_1_1&amp;sr=8-1\" target=\"_blank\" rel=\"noopener noreferrer\"> Sternenfeuer <\/a>wurden zwanzig&nbsp;Kurzgeschichten aus mehreren hundert Einsendungen ausgew\u00e4hlt.<br \/>\nMeine ist mit dem Titel <em><strong>Amygdala<\/strong><\/em> enthalten.<\/p>\n<p>Als die Sonne zu einem Roten Riesen wird, lassen sich die Menschen digitalisieren und suchen eine neue Heimat in der N\u00e4he einer fernen Sonne. Doch der Bordcomputer Betty24 hat etwas anderes vor.<\/p>\n<p style=\"text-align: center;\">&#8212;&#8212;&#8212;&#8212;&#8212;&#8212;&#8211;<\/p>\n<p>Beim Schreibwettbewerb <a href=\"http:\/\/www.kriminordica.de\/\" target=\"_blank\" rel=\"noopener noreferrer\">KrimiNordica<\/a> hat meine Kurzgeschichte <strong>\u201e<\/strong><em><strong>Der Klang der K\u00fcste\u201c<\/strong><\/em> es&nbsp;unter die 20 besten Beitr\u00e4ge geschafft (von 311 eingereichten). Sie wird&nbsp;im August zusammen mit den anderen ausgew\u00e4hlten in der Anthologie \u201e<strong>Die besten Kurzkrimis von der Waterkant<\/strong>\u201c beim Verlag&nbsp; Ellert &amp; Richter erscheinen.<\/p>\n<p>Der Musiker Fred Hansen hat das absolute Geh\u00f6r. Er&nbsp;hilft Kommissar Flottmann bei der Aufkl\u00e4rung eines Verbrechens und er\u00f6ffnet ihm nebenbei eine weitere Dimension, die Umwelt wahrzunehmen.<\/p>\n<p style=\"text-align: center;\">&#8212;&#8212;&#8212;&#8212;&#8212;&#8212;&#8211;<\/p>\n<p>Meine Kurzgeschichte &#8222;Eine unglaubliche Geschichte&#8220; wurde f\u00fcr&nbsp;die Anthologie \u201eSch\u00f6ne neue Welt- ganz ohne Science-Fiction\u201c ausgew\u00e4hlt. Das Buch erscheint voraussichtlich im September 2015.<\/p>\n<p>&nbsp;<\/p>\n<p><a href=\"https:\/\/gerd-kramer.com\/wordpress\/wp-content\/uploads\/2014\/08\/Woerterkino_cover_final_klein-1.jpg\"><img loading=\"lazy\" width=\"1024\" height=\"1447\" class=\"alignnone size-full wp-image-1120\" alt=\"W\u00f6rterkino_cover_final_klein\" src=\"https:\/\/gerd-kramer.com\/wordpress\/wp-content\/uploads\/2014\/08\/Woerterkino_cover_final_klein-1.jpg\"><\/a><\/p>\n<p><a title=\"W\u00f6rterkino\" href=\"http:\/\/www.amazon.de\/W%C3%B6rterkino-Die-besten-Storys-Film-ebook\/dp\/B00NBB8SP4\/ref=sr_1_1?ie=UTF8&amp;qid=1411140099&amp;sr=8-1&amp;keywords=W%C3%B6rterkino\"><strong>\u201eEine unglaubliche Geschichte\u201c<\/strong><\/a> ist&nbsp;bei <strong><a href=\"http:\/\/www.strombuch.com\/wettbewerb\/\" target=\"_blank\" rel=\"noopener noreferrer\">Strombuch<\/a><\/strong>&nbsp;erschienen.<br \/>\nSie wurde als eine der 11 besten Beitr\u00e4ge ausgew\u00e4hlt.&nbsp;Das Besondere&nbsp;ist, dass zur&nbsp;Story&nbsp;ein Kurzfilm&nbsp; des Animationsk\u00fcnstlers Dennis M\u00fcller geh\u00f6rt.<\/p>\n<p style=\"text-align: center;\">&#8212;&#8212;&#8212;&#8212;&#8212;&#8212;&#8211;<\/p>\n<p>\u201e<a title=\"Kaliyuga\" href=\"https:\/\/www.heise.de\/artikel-archiv\/ct\/2012\/05\/194_Kaliyuga\"><strong>Kaliyuga<strong><span style=\"color: #24890d;\">\u201c<\/span><\/strong>&nbsp;Heise Zeitschriften Verlag, c&#8217;t-Magazin 5\/2012<\/strong><\/a><br \/>\nEin Wissenschaftler entdeckt einen Planeten, auf dem&nbsp;es Leben gibt. Kurz nach der Entdeckung versucht sein Kollege ihn zu t\u00f6ten.&nbsp; Es gibt offenbar kein Motiv f\u00fcr die Tat.&nbsp;&nbsp;Merkw\u00fcrdige Aktivit\u00e4ten im Internet&nbsp;f\u00fchren zu einem ungeheuren Verdacht.<\/p>\n<p style=\"text-align: center;\">&#8212;&#8212;&#8212;&#8212;&#8212;&#8212;&#8211;<\/p>\n<p>\u201e<a title=\"QuBits\" href=\"https:\/\/www.heise.de\/artikel-archiv\/ct\/2012\/11\/196_QuBits\"><strong>QuBits<strong><span style=\"color: #24890d;\">\u201c<\/span><\/strong>&nbsp;Heise Zeitschriften Verlag, c&#8217;t-Magazin 11\/2012<\/strong><\/a><br \/>\nProfessor Bernd G\u00e4rtner forscht auf dem Gebiet der Quantenelektrodynamik. Auf dem Weg zur Kita l\u00f6st sich&nbsp;Tochter Lara von seiner Hand&nbsp;und wird von einem Auto \u00fcberfahren. Der Wissenschaftler verzweifelt an seiner Trauer.<br \/>\nAber was w\u00e4re, wenn er die Vergangenheit ver\u00e4ndern k\u00f6nnte &#8211; nur ein wenig?<\/p>\n<p style=\"text-align: center;\">&#8212;&#8212;&#8212;&#8212;&#8212;&#8212;&#8211;<\/p>\n<p>\u201e<strong>Eine Flasche Korn<strong><span style=\"color: #24890d;\">\u201c<\/span><\/strong> Verlag Ellert &amp; Richter, NordMord &#8211; die besten Kurzkrimis von der Waterkant<\/strong><br \/>\nDie Kurzgeschichte wurde&nbsp;aus 400 Einsendungen von einer Jury f\u00fcr die Ver\u00f6ffentlichung ausgew\u00e4hlt.<\/p>\n<p>J\u00f6rg Weber verbringt nach seiner Scheidung noch einmal einige Tage in der gemeinsamen Ferienwohnung am Husumer Hafen.&nbsp; Er beobachtet einen Mann, der stets bei auflaufendem Wasser am Ufer sitzt und auf das Meer hinaussieht. Als der Fremde eines Tages nicht mehr erscheint, stellt Weber Nachforschungen an.<\/p>\n<p style=\"text-align: center;\">&#8212;&#8212;&#8212;&#8212;&#8212;&#8212;&#8211;<\/p>\n<p>Meine Kurzgeschichte<a href=\"http:\/\/www.amazon.de\/Zauberhafte-Universen-Claus-Karst\/dp\/3958150330\/ref=sr_1_1?ie=UTF8&amp;qid=1435240356&amp;sr=8-1&amp;keywords=zauberhafte+universen\" target=\"_blank\" rel=\"noopener noreferrer\"> <strong>&#8222;Spiegel der Vergangenheit&#8220;<\/strong><\/a> hat es in die Anthologie &#8222;Zauberhafte Universen&#8220; des<strong> Oldigor Verlags<\/strong> geschafft.<br \/>\nProfessor Ralph Beer bittet seinen alten Schulkameraden und&nbsp;Detektiv Marc Henk zu sich. Beer hat eine M\u00f6glichkeit gefunden, in die Vergangenheit zu blicken, was so manchem Zeitgenossen, der etwas zu verbergen hat, nicht gef\u00e4llt.&nbsp; Henk soll ihm helfen, der Gefahr zu begegnen.<\/p>\n<p>&nbsp;<\/p>\n<p>&nbsp;<\/p>\n","protected":false},"excerpt":{"rendered":"<p>\u201eH\u00f6rsturz\u201c Heise Zeitschriften Verlag c&#8217;t-Magazin 13\/2018 In der Computerzeitschrift c&#8217;t wurde meine Kurzgeschichte \u201eH\u00f6rsturz\u201c ver\u00f6ffentlicht. Sie handelt von einem l\u00e4rmgeplagten Mann, der sein Geh\u00f6r verliert. Ein modernes H\u00f6rger\u00e4t soll Abhilfe schaffen. Es erm\u00f6glicht ihm, unliebsame Ger\u00e4usche auszublenden, was jedoch nicht ohne Folgen bleibt. &#8212;&#8212;&#8212;&#8212;&#8212;&#8212;&#8211; F\u00fcr die Anthologie Sternenfeuer wurden zwanzig&nbsp;Kurzgeschichten aus mehreren hundert Einsendungen ausgew\u00e4hlt. &hellip; <a href=\"https:\/\/gerd-kramer.com\/wordpress\/kurzgeschichten\/\" class=\"more-link\"><span class=\"screen-reader-text\">Kurzgeschichten<\/span> weiterlesen <span class=\"meta-nav\">&rarr;<\/span><\/a><\/p>\n","protected":false},"author":1,"featured_media":0,"parent":0,"menu_order":0,"comment_status":"open","ping_status":"open","template":"","meta":{"ngg_post_thumbnail":0},"yoast_head":"<!-- This site is optimized with the Yoast SEO plugin v15.9.2 - https:\/\/yoast.com\/wordpress\/plugins\/seo\/ -->\n<meta name=\"robots\" content=\"index, follow, max-snippet:-1, max-image-preview:large, max-video-preview:-1\" \/>\n<link rel=\"canonical\" href=\"https:\/\/gerd-kramer.com\/wordpress\/kurzgeschichten\/\" \/>\n<meta property=\"og:locale\" content=\"de_DE\" \/>\n<meta property=\"og:type\" content=\"article\" \/>\n<meta property=\"og:title\" content=\"Kurzgeschichten - Gerd Kramer\" \/>\n<meta property=\"og:description\" content=\"\u201eH\u00f6rsturz\u201c Heise Zeitschriften Verlag c&#8217;t-Magazin 13\/2018 In der Computerzeitschrift c&#8217;t wurde meine Kurzgeschichte \u201eH\u00f6rsturz\u201c ver\u00f6ffentlicht. Sie handelt von einem l\u00e4rmgeplagten Mann, der sein Geh\u00f6r verliert. Ein modernes H\u00f6rger\u00e4t soll Abhilfe schaffen. Es erm\u00f6glicht ihm, unliebsame Ger\u00e4usche auszublenden, was jedoch nicht ohne Folgen bleibt. &#8212;&#8212;&#8212;&#8212;&#8212;&#8212;&#8211; F\u00fcr die Anthologie Sternenfeuer wurden zwanzig&nbsp;Kurzgeschichten aus mehreren hundert Einsendungen ausgew\u00e4hlt. &hellip; Kurzgeschichten weiterlesen &rarr;\" \/>\n<meta property=\"og:url\" content=\"https:\/\/gerd-kramer.com\/wordpress\/kurzgeschichten\/\" \/>\n<meta property=\"og:site_name\" content=\"Gerd Kramer\" \/>\n<meta property=\"article:modified_time\" content=\"2020-11-18T08:18:45+00:00\" \/>\n<meta property=\"og:image\" content=\"https:\/\/gerd-kramer.com\/wordpress\/wp-content\/uploads\/2014\/08\/Woerterkino_cover_final_klein-1.jpg\" \/>\n<meta name=\"twitter:card\" content=\"summary_large_image\" \/>\n<meta name=\"twitter:label1\" content=\"Gesch\u00e4tzte Lesezeit\">\n\t<meta name=\"twitter:data1\" content=\"3 Minuten\">\n<script type=\"application\/ld+json\" class=\"yoast-schema-graph\">{\"@context\":\"https:\/\/schema.org\",\"@graph\":[{\"@type\":\"WebSite\",\"@id\":\"https:\/\/gerd-kramer.com\/wordpress\/#website\",\"url\":\"https:\/\/gerd-kramer.com\/wordpress\/\",\"name\":\"Gerd Kramer\",\"description\":\"Autor\",\"potentialAction\":[{\"@type\":\"SearchAction\",\"target\":\"https:\/\/gerd-kramer.com\/wordpress\/?s={search_term_string}\",\"query-input\":\"required name=search_term_string\"}],\"inLanguage\":\"de-DE\"},{\"@type\":\"ImageObject\",\"@id\":\"https:\/\/gerd-kramer.com\/wordpress\/kurzgeschichten\/#primaryimage\",\"inLanguage\":\"de-DE\",\"url\":\"https:\/\/gerd-kramer.com\/wordpress\/wp-content\/uploads\/2014\/08\/Woerterkino_cover_final_klein-1.jpg\",\"width\":1024,\"height\":1447},{\"@type\":\"WebPage\",\"@id\":\"https:\/\/gerd-kramer.com\/wordpress\/kurzgeschichten\/#webpage\",\"url\":\"https:\/\/gerd-kramer.com\/wordpress\/kurzgeschichten\/\",\"name\":\"Kurzgeschichten - Gerd Kramer\",\"isPartOf\":{\"@id\":\"https:\/\/gerd-kramer.com\/wordpress\/#website\"},\"primaryImageOfPage\":{\"@id\":\"https:\/\/gerd-kramer.com\/wordpress\/kurzgeschichten\/#primaryimage\"},\"datePublished\":\"2014-08-09T20:09:26+00:00\",\"dateModified\":\"2020-11-18T08:18:45+00:00\",\"breadcrumb\":{\"@id\":\"https:\/\/gerd-kramer.com\/wordpress\/kurzgeschichten\/#breadcrumb\"},\"inLanguage\":\"de-DE\",\"potentialAction\":[{\"@type\":\"ReadAction\",\"target\":[\"https:\/\/gerd-kramer.com\/wordpress\/kurzgeschichten\/\"]}]},{\"@type\":\"BreadcrumbList\",\"@id\":\"https:\/\/gerd-kramer.com\/wordpress\/kurzgeschichten\/#breadcrumb\",\"itemListElement\":[{\"@type\":\"ListItem\",\"position\":1,\"item\":{\"@type\":\"WebPage\",\"@id\":\"https:\/\/gerd-kramer.com\/wordpress\/\",\"url\":\"https:\/\/gerd-kramer.com\/wordpress\/\",\"name\":\"Home\"}},{\"@type\":\"ListItem\",\"position\":2,\"item\":{\"@type\":\"WebPage\",\"@id\":\"https:\/\/gerd-kramer.com\/wordpress\/kurzgeschichten\/\",\"url\":\"https:\/\/gerd-kramer.com\/wordpress\/kurzgeschichten\/\",\"name\":\"Kurzgeschichten\"}}]}]}<\/script>\n<!-- \/ Yoast SEO plugin. -->","_links":{"self":[{"href":"https:\/\/gerd-kramer.com\/wordpress\/wp-json\/wp\/v2\/pages\/396"}],"collection":[{"href":"https:\/\/gerd-kramer.com\/wordpress\/wp-json\/wp\/v2\/pages"}],"about":[{"href":"https:\/\/gerd-kramer.com\/wordpress\/wp-json\/wp\/v2\/types\/page"}],"author":[{"embeddable":true,"href":"https:\/\/gerd-kramer.com\/wordpress\/wp-json\/wp\/v2\/users\/1"}],"replies":[{"embeddable":true,"href":"https:\/\/gerd-kramer.com\/wordpress\/wp-json\/wp\/v2\/comments?post=396"}],"version-history":[{"count":1,"href":"https:\/\/gerd-kramer.com\/wordpress\/wp-json\/wp\/v2\/pages\/396\/revisions"}],"predecessor-version":[{"id":2095,"href":"https:\/\/gerd-kramer.com\/wordpress\/wp-json\/wp\/v2\/pages\/396\/revisions\/2095"}],"wp:attachment":[{"href":"https:\/\/gerd-kramer.com\/wordpress\/wp-json\/wp\/v2\/media?parent=396"}],"curies":[{"name":"wp","href":"https:\/\/api.w.org\/{rel}","templated":true}]}}