{"id":35,"date":"2014-08-06T08:45:12","date_gmt":"2014-08-06T08:45:12","guid":{"rendered":"http:\/\/gkhp1875.apps-1and1.net\/?page_id=35"},"modified":"2020-11-26T13:42:32","modified_gmt":"2020-11-26T13:42:32","slug":"im-netz-der-hydra","status":"publish","type":"page","link":"https:\/\/gerd-kramer.com\/wordpress\/im-netz-der-hydra\/","title":{"rendered":"Im Netz der Hydra"},"content":{"rendered":"<figure id=\"attachment_121\" aria-describedby=\"caption-attachment-121\" style=\"width: 238px\" class=\"wp-caption alignleft\"><a href=\"http:\/\/www.amazon.de\/Im-Netz-Hydra-Physik-Fiktion\/dp\/149121239X\/ref=sr_1_1_bnp_1_pap?ie=UTF8&amp;qid=1407590589&amp;sr=8-1&amp;keywords=gerd+kramer\"><img loading=\"lazy\" class=\"wp-image-121 size-full\" title=\"Im Netz der Hydra\" src=\"https:\/\/gerd-kramer.com\/wordpress\/wp-content\/uploads\/2014\/08\/CoverMitRand_Hydra.jpg\" alt=\"CoverMitRand_Hydra\" width=\"238\" height=\"330\" srcset=\"https:\/\/gerd-kramer.com\/wordpress\/wp-content\/uploads\/2014\/08\/CoverMitRand_Hydra.jpg 238w, https:\/\/gerd-kramer.com\/wordpress\/wp-content\/uploads\/2014\/08\/CoverMitRand_Hydra-216x300.jpg 216w\" sizes=\"(max-width: 238px) 100vw, 238px\" \/><\/a><figcaption id=\"caption-attachment-121\" class=\"wp-caption-text\">Print und E-Book bei Amazon<\/figcaption><\/figure>\n<p><strong>Klappentext:<\/strong><br \/>\nInterstellare Reisen mit Lichtgeschwindigkeit sind m\u00f6glich. Dazu bedarf es keiner Wurml\u00f6cher oder anderer fiktiver Elemente. Wie real die Bedrohung durch eine Invasion Au\u00dferirdischer ist, m\u00fcssen Jan und Sintja erfahren. Nachdem Wissenschaftler unter mysteri\u00f6sen Umst\u00e4nden zu Tode kommen, geraten auch sie ins Visier der Aliens. Es gilt, die Gefahr von der Erde abzuwenden. Aber Jan sieht auch eine Chance f\u00fcr ein unglaubliches Abenteuer.<br \/>\nDie Handlung des Romans ist in sich geschlossen. Dar\u00fcber hinaus werden aber in einem Prolog die wichtigsten Geschehnisse aus dem Roman \u201eDas versteckte Experiment\u201c dargelegt.<\/p>\n<p><strong>Was die Leser erwartet:<\/strong><br \/>\nEine Fortsetzung des Romans \u201eDas versteckte Experiment<span style=\"color: #000000;\">\u201c<\/span>. Die Handlung ist jedoch in sich abgeschlossen. Im Vorwort werden zus\u00e4tzlich die wichtigsten Ereignisse aus \u201eDas versteckte Experiment\u201c geschildert.<\/p>\n<p><a href=\"https:\/\/www.youtube.com\/watch?v=93-qrabdX9A\"><strong> Video<\/strong><\/a><\/p>\n<p><strong>Die Physik hinter der Story:<\/strong><br \/>\nSchwarze L\u00f6cher<br \/>\nMillimetergro\u00dfe Schwarze L\u00f6cher<br \/>\nRaum und Zeit sind gequantelt (das Universum ist k\u00f6rnig)<br \/>\nReise durch das Sonnensystems<br \/>\nIst die Welt ein Hologramm?<br \/>\nDie Jagd nach Exoplaneten<br \/>\nInformation: der Urstoff des Universums<br \/>\nRadioastronomie<br \/>\nAntimaterie, Antimaterie-Antrieb<br \/>\nIst das Universum ein Computer?<br \/>\nGammablitze<br \/>\nSchleifenquantengravitation<br \/>\nDas Ende des Universums<\/p>\n","protected":false},"excerpt":{"rendered":"<p>Klappentext: Interstellare Reisen mit Lichtgeschwindigkeit sind m\u00f6glich. Dazu bedarf es keiner Wurml\u00f6cher oder anderer fiktiver Elemente. Wie real die Bedrohung durch eine Invasion Au\u00dferirdischer ist, m\u00fcssen Jan und Sintja erfahren. Nachdem Wissenschaftler unter mysteri\u00f6sen Umst\u00e4nden zu Tode kommen, geraten auch sie ins Visier der Aliens. Es gilt, die Gefahr von der Erde abzuwenden. Aber Jan &hellip; <a href=\"https:\/\/gerd-kramer.com\/wordpress\/im-netz-der-hydra\/\" class=\"more-link\"><span class=\"screen-reader-text\">Im Netz der Hydra<\/span> weiterlesen <span class=\"meta-nav\">&rarr;<\/span><\/a><\/p>\n","protected":false},"author":1,"featured_media":0,"parent":0,"menu_order":0,"comment_status":"closed","ping_status":"closed","template":"","meta":{"ngg_post_thumbnail":0},"yoast_head":"<!-- This site is optimized with the Yoast SEO plugin v15.9.2 - https:\/\/yoast.com\/wordpress\/plugins\/seo\/ -->\n<meta name=\"robots\" content=\"index, follow, max-snippet:-1, max-image-preview:large, max-video-preview:-1\" \/>\n<link rel=\"canonical\" href=\"https:\/\/gerd-kramer.com\/wordpress\/im-netz-der-hydra\/\" \/>\n<meta property=\"og:locale\" content=\"de_DE\" \/>\n<meta property=\"og:type\" content=\"article\" \/>\n<meta property=\"og:title\" content=\"Im Netz der Hydra - Gerd Kramer\" \/>\n<meta property=\"og:description\" content=\"Klappentext: Interstellare Reisen mit Lichtgeschwindigkeit sind m\u00f6glich. Dazu bedarf es keiner Wurml\u00f6cher oder anderer fiktiver Elemente. Wie real die Bedrohung durch eine Invasion Au\u00dferirdischer ist, m\u00fcssen Jan und Sintja erfahren. Nachdem Wissenschaftler unter mysteri\u00f6sen Umst\u00e4nden zu Tode kommen, geraten auch sie ins Visier der Aliens. Es gilt, die Gefahr von der Erde abzuwenden. Aber Jan &hellip; Im Netz der Hydra weiterlesen &rarr;\" \/>\n<meta property=\"og:url\" content=\"https:\/\/gerd-kramer.com\/wordpress\/im-netz-der-hydra\/\" \/>\n<meta property=\"og:site_name\" content=\"Gerd Kramer\" \/>\n<meta property=\"article:modified_time\" content=\"2020-11-26T13:42:32+00:00\" \/>\n<meta property=\"og:image\" content=\"https:\/\/gerd-kramer.com\/wordpress\/wp-content\/uploads\/2014\/08\/CoverMitRand_Hydra.jpg\" \/>\n<meta name=\"twitter:card\" content=\"summary_large_image\" \/>\n<meta name=\"twitter:label1\" content=\"Gesch\u00e4tzte Lesezeit\">\n\t<meta name=\"twitter:data1\" content=\"1 Minute\">\n<script type=\"application\/ld+json\" class=\"yoast-schema-graph\">{\"@context\":\"https:\/\/schema.org\",\"@graph\":[{\"@type\":\"WebSite\",\"@id\":\"https:\/\/gerd-kramer.com\/wordpress\/#website\",\"url\":\"https:\/\/gerd-kramer.com\/wordpress\/\",\"name\":\"Gerd Kramer\",\"description\":\"Autor\",\"potentialAction\":[{\"@type\":\"SearchAction\",\"target\":\"https:\/\/gerd-kramer.com\/wordpress\/?s={search_term_string}\",\"query-input\":\"required name=search_term_string\"}],\"inLanguage\":\"de-DE\"},{\"@type\":\"ImageObject\",\"@id\":\"https:\/\/gerd-kramer.com\/wordpress\/im-netz-der-hydra\/#primaryimage\",\"inLanguage\":\"de-DE\",\"url\":\"https:\/\/gerd-kramer.com\/wordpress\/wp-content\/uploads\/2014\/08\/CoverMitRand_Hydra.jpg\",\"width\":238,\"height\":330},{\"@type\":\"WebPage\",\"@id\":\"https:\/\/gerd-kramer.com\/wordpress\/im-netz-der-hydra\/#webpage\",\"url\":\"https:\/\/gerd-kramer.com\/wordpress\/im-netz-der-hydra\/\",\"name\":\"Im Netz der Hydra - Gerd Kramer\",\"isPartOf\":{\"@id\":\"https:\/\/gerd-kramer.com\/wordpress\/#website\"},\"primaryImageOfPage\":{\"@id\":\"https:\/\/gerd-kramer.com\/wordpress\/im-netz-der-hydra\/#primaryimage\"},\"datePublished\":\"2014-08-06T08:45:12+00:00\",\"dateModified\":\"2020-11-26T13:42:32+00:00\",\"breadcrumb\":{\"@id\":\"https:\/\/gerd-kramer.com\/wordpress\/im-netz-der-hydra\/#breadcrumb\"},\"inLanguage\":\"de-DE\",\"potentialAction\":[{\"@type\":\"ReadAction\",\"target\":[\"https:\/\/gerd-kramer.com\/wordpress\/im-netz-der-hydra\/\"]}]},{\"@type\":\"BreadcrumbList\",\"@id\":\"https:\/\/gerd-kramer.com\/wordpress\/im-netz-der-hydra\/#breadcrumb\",\"itemListElement\":[{\"@type\":\"ListItem\",\"position\":1,\"item\":{\"@type\":\"WebPage\",\"@id\":\"https:\/\/gerd-kramer.com\/wordpress\/\",\"url\":\"https:\/\/gerd-kramer.com\/wordpress\/\",\"name\":\"Home\"}},{\"@type\":\"ListItem\",\"position\":2,\"item\":{\"@type\":\"WebPage\",\"@id\":\"https:\/\/gerd-kramer.com\/wordpress\/im-netz-der-hydra\/\",\"url\":\"https:\/\/gerd-kramer.com\/wordpress\/im-netz-der-hydra\/\",\"name\":\"Im Netz der Hydra\"}}]}]}<\/script>\n<!-- \/ Yoast SEO plugin. -->","_links":{"self":[{"href":"https:\/\/gerd-kramer.com\/wordpress\/wp-json\/wp\/v2\/pages\/35"}],"collection":[{"href":"https:\/\/gerd-kramer.com\/wordpress\/wp-json\/wp\/v2\/pages"}],"about":[{"href":"https:\/\/gerd-kramer.com\/wordpress\/wp-json\/wp\/v2\/types\/page"}],"author":[{"embeddable":true,"href":"https:\/\/gerd-kramer.com\/wordpress\/wp-json\/wp\/v2\/users\/1"}],"replies":[{"embeddable":true,"href":"https:\/\/gerd-kramer.com\/wordpress\/wp-json\/wp\/v2\/comments?post=35"}],"version-history":[{"count":1,"href":"https:\/\/gerd-kramer.com\/wordpress\/wp-json\/wp\/v2\/pages\/35\/revisions"}],"predecessor-version":[{"id":2121,"href":"https:\/\/gerd-kramer.com\/wordpress\/wp-json\/wp\/v2\/pages\/35\/revisions\/2121"}],"wp:attachment":[{"href":"https:\/\/gerd-kramer.com\/wordpress\/wp-json\/wp\/v2\/media?parent=35"}],"curies":[{"name":"wp","href":"https:\/\/api.w.org\/{rel}","templated":true}]}}