{"id":26,"date":"2014-08-06T08:09:45","date_gmt":"2014-08-06T08:09:45","guid":{"rendered":"http:\/\/gkhp1875.apps-1and1.net\/?page_id=26"},"modified":"2021-11-15T09:16:37","modified_gmt":"2021-11-15T09:16:37","slug":"das-versteckte-experiment","status":"publish","type":"page","link":"https:\/\/gerd-kramer.com\/wordpress\/das-versteckte-experiment\/","title":{"rendered":"Das versteckte Experiment"},"content":{"rendered":"<figure id=\"attachment_106\" aria-describedby=\"caption-attachment-106\" style=\"width: 169px\" class=\"wp-caption alignleft\"><a href=\"http:\/\/www.amazon.de\/Das-versteckte-Experiment-Entstehung-Universums\/dp\/3862544494\/ref=sr_1_2?ie=UTF8&amp;qid=1407590589&amp;sr=8-2&amp;keywords=gerd+kramer\"><img loading=\"lazy\" class=\"wp-image-106 \" src=\"https:\/\/gerd-kramer.com\/wordpress\/wp-content\/uploads\/2014\/08\/CoverMitRand_blau-e1407836247324-1.jpg\" alt=\"CoverMitRand_blau\" width=\"169\" height=\"227\"><\/a><figcaption id=\"caption-attachment-106\" class=\"wp-caption-text\">Print und E-Book<\/figcaption><\/figure>\n<p><strong>Die Gefahr ist keine Fiktion, sie ist physikalische Realit\u00e4t.<br \/>\nKlappentext:<\/strong><br \/>\nJan S\u00f6rensen trifft im Internet auf eine Chat-Partnerin, die ihm nahezu alle Fragen \u00fcber die Entstehung des Universums beantworten kann. Sie weckt seine Neugier, bringt ihn zum Staunen und ver\u00e4ndert sein Bild von der Welt. Jan merkt zun\u00e4chst nicht, dass sie einen raffinierten Plan verfolgt.<br \/>\nSie will ihn f\u00fcr ein Vorhaben gewinnen, das die Menschheit vor einer Katastrophe bewahren soll.&nbsp; <strong><em>AAVAA-Verlag 2011<\/em><\/strong><\/p>\n<p>Neu Version auf<a href=\"https:\/\/www.amazon.de\/Das-versteckte-Experiment-Entstehung-Universums\/dp\/B09LGJVQ1X\/ref=tmm_pap_swatch_0?_encoding=UTF8&amp;qid=1636967756&amp;sr=8-2\"> Amazon<\/a> verf\u00fcgbar!<\/p>\n<p><strong>Was die Leser erwartet:<\/strong><br \/>\nEine spannende Rahmenhandlung mit Erkl\u00e4rungen \u00fcber die Entstehung und Entwicklung unseres Universums.<\/p>\n<p><strong>Die Physik hinter der Story:<\/strong><br \/>\nWie alt ist das Universum?<br \/>\nWie gro\u00df ist das Universum?<br \/>\nDie Bedeutung von Zeit und Raum<br \/>\nWarum gibt es die Zeit?<br \/>\nIst die Zeit umkehrbar?<br \/>\nWie man in die Vergangenheit sehen kann.<br \/>\nWann die Zeit stehen bleibt.<br \/>\nDie Entstehung des Lebens<br \/>\nDie Rolle der Mathematik bei der Entstehung des Universums<br \/>\nWeshalb kann man nicht mit Lichtgeschwindigkeit reisen?<br \/>\nAllgemeine Relativit\u00e4tstheorie<br \/>\nSpezielle Relativit\u00e4tstheorie<br \/>\nDas Zwillingsparadoxon<br \/>\nDie Gravitation<br \/>\nDas Geheimnis der Massentr\u00e4gheit<br \/>\nGibt es Ufos?<br \/>\nWahrscheinlichkeit au\u00dferirdischen Lebens<br \/>\nDie Entstehung der Naturkonstanten<br \/>\nDas Multiversum<br \/>\nParallelwelten<br \/>\nErschaffen wir unsere eigene Realit\u00e4t?<br \/>\nGibt es unendlich viele Kopien von uns im Universum?<br \/>\nWo und wann fand der Urknall statt?<br \/>\nDie spukhafte Fernwirkung<br \/>\nAnton Zeilingers Experimente zur Teleportation (das \u201eBeamen&#8220;)<br \/>\nDie Welt ist nichtlokal.<br \/>\nDas Vakuum und das Nichts<br \/>\nDie Entstehung des Universums aus dem Nichts<br \/>\nDie ersten Sekunden des Urknalls<br \/>\nDunkle Materie, dunkle Energie<br \/>\nDer LHC in Cern<br \/>\nDas Schwarze Loch in unserer Milchstra\u00dfe<br \/>\nAuch der Raum ist relativ.<br \/>\nDie Stringtheorie<br \/>\nGibt es zehn Raumdimensionen?<br \/>\nIst die Welt eine Simulation?<\/p>\n","protected":false},"excerpt":{"rendered":"<p>Die Gefahr ist keine Fiktion, sie ist physikalische Realit\u00e4t. Klappentext: Jan S\u00f6rensen trifft im Internet auf eine Chat-Partnerin, die ihm nahezu alle Fragen \u00fcber die Entstehung des Universums beantworten kann. Sie weckt seine Neugier, bringt ihn zum Staunen und ver\u00e4ndert sein Bild von der Welt. Jan merkt zun\u00e4chst nicht, dass sie einen raffinierten Plan verfolgt. &hellip; <a href=\"https:\/\/gerd-kramer.com\/wordpress\/das-versteckte-experiment\/\" class=\"more-link\"><span class=\"screen-reader-text\">Das versteckte Experiment<\/span> weiterlesen <span class=\"meta-nav\">&rarr;<\/span><\/a><\/p>\n","protected":false},"author":1,"featured_media":0,"parent":0,"menu_order":0,"comment_status":"closed","ping_status":"closed","template":"","meta":{"ngg_post_thumbnail":0},"yoast_head":"<!-- This site is optimized with the Yoast SEO plugin v15.9.2 - https:\/\/yoast.com\/wordpress\/plugins\/seo\/ -->\n<meta name=\"robots\" content=\"index, follow, max-snippet:-1, max-image-preview:large, max-video-preview:-1\" \/>\n<link rel=\"canonical\" href=\"https:\/\/gerd-kramer.com\/wordpress\/das-versteckte-experiment\/\" \/>\n<meta property=\"og:locale\" content=\"de_DE\" \/>\n<meta property=\"og:type\" content=\"article\" \/>\n<meta property=\"og:title\" content=\"Das versteckte Experiment - Gerd Kramer\" \/>\n<meta property=\"og:description\" content=\"Die Gefahr ist keine Fiktion, sie ist physikalische Realit\u00e4t. Klappentext: Jan S\u00f6rensen trifft im Internet auf eine Chat-Partnerin, die ihm nahezu alle Fragen \u00fcber die Entstehung des Universums beantworten kann. Sie weckt seine Neugier, bringt ihn zum Staunen und ver\u00e4ndert sein Bild von der Welt. Jan merkt zun\u00e4chst nicht, dass sie einen raffinierten Plan verfolgt. &hellip; Das versteckte Experiment weiterlesen &rarr;\" \/>\n<meta property=\"og:url\" content=\"https:\/\/gerd-kramer.com\/wordpress\/das-versteckte-experiment\/\" \/>\n<meta property=\"og:site_name\" content=\"Gerd Kramer\" \/>\n<meta property=\"article:modified_time\" content=\"2021-11-15T09:16:37+00:00\" \/>\n<meta property=\"og:image\" content=\"https:\/\/gerd-kramer.com\/wordpress\/wp-content\/uploads\/2014\/08\/CoverMitRand_blau-e1407836247324-1.jpg\" \/>\n<meta name=\"twitter:card\" content=\"summary_large_image\" \/>\n<meta name=\"twitter:label1\" content=\"Gesch\u00e4tzte Lesezeit\">\n\t<meta name=\"twitter:data1\" content=\"2 Minuten\">\n<script type=\"application\/ld+json\" class=\"yoast-schema-graph\">{\"@context\":\"https:\/\/schema.org\",\"@graph\":[{\"@type\":\"WebSite\",\"@id\":\"https:\/\/gerd-kramer.com\/wordpress\/#website\",\"url\":\"https:\/\/gerd-kramer.com\/wordpress\/\",\"name\":\"Gerd Kramer\",\"description\":\"Autor\",\"potentialAction\":[{\"@type\":\"SearchAction\",\"target\":\"https:\/\/gerd-kramer.com\/wordpress\/?s={search_term_string}\",\"query-input\":\"required name=search_term_string\"}],\"inLanguage\":\"de-DE\"},{\"@type\":\"ImageObject\",\"@id\":\"https:\/\/gerd-kramer.com\/wordpress\/das-versteckte-experiment\/#primaryimage\",\"inLanguage\":\"de-DE\",\"url\":\"https:\/\/gerd-kramer.com\/wordpress\/wp-content\/uploads\/2014\/08\/CoverMitRand_blau-e1407836247324-1.jpg\",\"width\":198,\"height\":266},{\"@type\":\"WebPage\",\"@id\":\"https:\/\/gerd-kramer.com\/wordpress\/das-versteckte-experiment\/#webpage\",\"url\":\"https:\/\/gerd-kramer.com\/wordpress\/das-versteckte-experiment\/\",\"name\":\"Das versteckte Experiment - Gerd Kramer\",\"isPartOf\":{\"@id\":\"https:\/\/gerd-kramer.com\/wordpress\/#website\"},\"primaryImageOfPage\":{\"@id\":\"https:\/\/gerd-kramer.com\/wordpress\/das-versteckte-experiment\/#primaryimage\"},\"datePublished\":\"2014-08-06T08:09:45+00:00\",\"dateModified\":\"2021-11-15T09:16:37+00:00\",\"breadcrumb\":{\"@id\":\"https:\/\/gerd-kramer.com\/wordpress\/das-versteckte-experiment\/#breadcrumb\"},\"inLanguage\":\"de-DE\",\"potentialAction\":[{\"@type\":\"ReadAction\",\"target\":[\"https:\/\/gerd-kramer.com\/wordpress\/das-versteckte-experiment\/\"]}]},{\"@type\":\"BreadcrumbList\",\"@id\":\"https:\/\/gerd-kramer.com\/wordpress\/das-versteckte-experiment\/#breadcrumb\",\"itemListElement\":[{\"@type\":\"ListItem\",\"position\":1,\"item\":{\"@type\":\"WebPage\",\"@id\":\"https:\/\/gerd-kramer.com\/wordpress\/\",\"url\":\"https:\/\/gerd-kramer.com\/wordpress\/\",\"name\":\"Home\"}},{\"@type\":\"ListItem\",\"position\":2,\"item\":{\"@type\":\"WebPage\",\"@id\":\"https:\/\/gerd-kramer.com\/wordpress\/das-versteckte-experiment\/\",\"url\":\"https:\/\/gerd-kramer.com\/wordpress\/das-versteckte-experiment\/\",\"name\":\"Das versteckte Experiment\"}}]}]}<\/script>\n<!-- \/ Yoast SEO plugin. -->","_links":{"self":[{"href":"https:\/\/gerd-kramer.com\/wordpress\/wp-json\/wp\/v2\/pages\/26"}],"collection":[{"href":"https:\/\/gerd-kramer.com\/wordpress\/wp-json\/wp\/v2\/pages"}],"about":[{"href":"https:\/\/gerd-kramer.com\/wordpress\/wp-json\/wp\/v2\/types\/page"}],"author":[{"embeddable":true,"href":"https:\/\/gerd-kramer.com\/wordpress\/wp-json\/wp\/v2\/users\/1"}],"replies":[{"embeddable":true,"href":"https:\/\/gerd-kramer.com\/wordpress\/wp-json\/wp\/v2\/comments?post=26"}],"version-history":[{"count":2,"href":"https:\/\/gerd-kramer.com\/wordpress\/wp-json\/wp\/v2\/pages\/26\/revisions"}],"predecessor-version":[{"id":2223,"href":"https:\/\/gerd-kramer.com\/wordpress\/wp-json\/wp\/v2\/pages\/26\/revisions\/2223"}],"wp:attachment":[{"href":"https:\/\/gerd-kramer.com\/wordpress\/wp-json\/wp\/v2\/media?parent=26"}],"curies":[{"name":"wp","href":"https:\/\/api.w.org\/{rel}","templated":true}]}}