{"id":2430,"date":"2025-05-13T14:46:28","date_gmt":"2025-05-13T14:46:28","guid":{"rendered":"https:\/\/gerd-kramer.com\/wordpress\/?page_id=2430"},"modified":"2025-05-13T14:51:20","modified_gmt":"2025-05-13T14:51:20","slug":"nordfriesische-todesmelodie","status":"publish","type":"page","link":"https:\/\/gerd-kramer.com\/wordpress\/nordfriesische-todesmelodie\/","title":{"rendered":"Nordfriesische Todesmelodie"},"content":{"rendered":"<p><img loading=\"lazy\" class=\"alignnone wp-image-2427\" src=\"https:\/\/gerd-kramer.com\/wordpress\/wp-content\/uploads\/2025\/05\/E-Todesmelodie-1-188x300.jpg\" alt=\"\" width=\"258\" height=\"411\" srcset=\"https:\/\/gerd-kramer.com\/wordpress\/wp-content\/uploads\/2025\/05\/E-Todesmelodie-1-188x300.jpg 188w, https:\/\/gerd-kramer.com\/wordpress\/wp-content\/uploads\/2025\/05\/E-Todesmelodie-1-15x24.jpg 15w, https:\/\/gerd-kramer.com\/wordpress\/wp-content\/uploads\/2025\/05\/E-Todesmelodie-1-23x36.jpg 23w, https:\/\/gerd-kramer.com\/wordpress\/wp-content\/uploads\/2025\/05\/E-Todesmelodie-1-30x48.jpg 30w\" sizes=\"(max-width: 258px) 100vw, 258px\" \/><\/p>\n<p><em><span class=\"a-list-item\"><span class=\"a-text-bold\">tredition, ISBN :&nbsp; <\/span>978-3384598158<\/span><\/em><\/p>\n<p>\u201eAuf Leben und Tod\u201c lautet die Aufschrift auf der CD, die Ulrich Thalberg anonym zugeschickt wird. Darauf befindet sich ein einziges Musikst\u00fcck. Zun\u00e4chst vermutet er einen makabren Scherz. Doch dann kommen ihm Zweifel. Wird er vom Ehemann seiner Geliebten bedroht? Oder holt ihn ein dunkles Ereignis aus der Vergangenheit ein? Wenig sp\u00e4ter wird Thalberg tot im Schlosspark aufgefunden.<br \/>\nW\u00e4hrend die Husumer Kommissare Brauer und Jacobsen zusammen mit dem Flensburger Kommissariat 1 ermitteln, geschieht ein weiterer Mord. Bei dem Toten wird eine CD gleicher Aufmachung sichergestellt. Brauer ist \u00fcberzeugt, dass die Tontr\u00e4ger der Schl\u00fcssel zur L\u00f6sung des Falls sind. Und er bef\u00fcrchtet, dass der T\u00e4ter erneut zuschlagen wird.<br \/>\n<strong>Kommissar Brauers zweiter Fall<\/strong><\/p>\n","protected":false},"excerpt":{"rendered":"<p>tredition, ISBN :&nbsp; 978-3384598158 \u201eAuf Leben und Tod\u201c lautet die Aufschrift auf der CD, die Ulrich Thalberg anonym zugeschickt wird. Darauf befindet sich ein einziges Musikst\u00fcck. Zun\u00e4chst vermutet er einen makabren Scherz. Doch dann kommen ihm Zweifel. Wird er vom Ehemann seiner Geliebten bedroht? Oder holt ihn ein dunkles Ereignis aus der Vergangenheit ein? Wenig &hellip; <a href=\"https:\/\/gerd-kramer.com\/wordpress\/nordfriesische-todesmelodie\/\" class=\"more-link\"><span class=\"screen-reader-text\">Nordfriesische Todesmelodie<\/span> weiterlesen <span class=\"meta-nav\">&rarr;<\/span><\/a><\/p>\n","protected":false},"author":1,"featured_media":0,"parent":0,"menu_order":0,"comment_status":"closed","ping_status":"closed","template":"","meta":{"ngg_post_thumbnail":0},"yoast_head":"<!-- This site is optimized with the Yoast SEO plugin v15.9.2 - https:\/\/yoast.com\/wordpress\/plugins\/seo\/ -->\n<meta name=\"robots\" content=\"index, follow, max-snippet:-1, max-image-preview:large, max-video-preview:-1\" \/>\n<link rel=\"canonical\" href=\"https:\/\/gerd-kramer.com\/wordpress\/nordfriesische-todesmelodie\/\" \/>\n<meta property=\"og:locale\" content=\"de_DE\" \/>\n<meta property=\"og:type\" content=\"article\" \/>\n<meta property=\"og:title\" content=\"Nordfriesische Todesmelodie - Gerd Kramer\" \/>\n<meta property=\"og:description\" content=\"tredition, ISBN :&nbsp; 978-3384598158 \u201eAuf Leben und Tod\u201c lautet die Aufschrift auf der CD, die Ulrich Thalberg anonym zugeschickt wird. Darauf befindet sich ein einziges Musikst\u00fcck. Zun\u00e4chst vermutet er einen makabren Scherz. Doch dann kommen ihm Zweifel. Wird er vom Ehemann seiner Geliebten bedroht? Oder holt ihn ein dunkles Ereignis aus der Vergangenheit ein? Wenig &hellip; Nordfriesische Todesmelodie weiterlesen &rarr;\" \/>\n<meta property=\"og:url\" content=\"https:\/\/gerd-kramer.com\/wordpress\/nordfriesische-todesmelodie\/\" \/>\n<meta property=\"og:site_name\" content=\"Gerd Kramer\" \/>\n<meta property=\"article:modified_time\" content=\"2025-05-13T14:51:20+00:00\" \/>\n<meta property=\"og:image\" content=\"https:\/\/gerd-kramer.com\/wordpress\/wp-content\/uploads\/2025\/05\/E-Todesmelodie-1-188x300.jpg\" \/>\n<meta name=\"twitter:card\" content=\"summary_large_image\" \/>\n<meta name=\"twitter:label1\" content=\"Gesch\u00e4tzte Lesezeit\">\n\t<meta name=\"twitter:data1\" content=\"1 Minute\">\n<script type=\"application\/ld+json\" class=\"yoast-schema-graph\">{\"@context\":\"https:\/\/schema.org\",\"@graph\":[{\"@type\":\"WebSite\",\"@id\":\"https:\/\/gerd-kramer.com\/wordpress\/#website\",\"url\":\"https:\/\/gerd-kramer.com\/wordpress\/\",\"name\":\"Gerd Kramer\",\"description\":\"Autor\",\"potentialAction\":[{\"@type\":\"SearchAction\",\"target\":\"https:\/\/gerd-kramer.com\/wordpress\/?s={search_term_string}\",\"query-input\":\"required name=search_term_string\"}],\"inLanguage\":\"de-DE\"},{\"@type\":\"ImageObject\",\"@id\":\"https:\/\/gerd-kramer.com\/wordpress\/nordfriesische-todesmelodie\/#primaryimage\",\"inLanguage\":\"de-DE\",\"url\":\"https:\/\/gerd-kramer.com\/wordpress\/wp-content\/uploads\/2025\/05\/E-Todesmelodie-1.jpg\",\"width\":625,\"height\":1000},{\"@type\":\"WebPage\",\"@id\":\"https:\/\/gerd-kramer.com\/wordpress\/nordfriesische-todesmelodie\/#webpage\",\"url\":\"https:\/\/gerd-kramer.com\/wordpress\/nordfriesische-todesmelodie\/\",\"name\":\"Nordfriesische Todesmelodie - Gerd Kramer\",\"isPartOf\":{\"@id\":\"https:\/\/gerd-kramer.com\/wordpress\/#website\"},\"primaryImageOfPage\":{\"@id\":\"https:\/\/gerd-kramer.com\/wordpress\/nordfriesische-todesmelodie\/#primaryimage\"},\"datePublished\":\"2025-05-13T14:46:28+00:00\",\"dateModified\":\"2025-05-13T14:51:20+00:00\",\"breadcrumb\":{\"@id\":\"https:\/\/gerd-kramer.com\/wordpress\/nordfriesische-todesmelodie\/#breadcrumb\"},\"inLanguage\":\"de-DE\",\"potentialAction\":[{\"@type\":\"ReadAction\",\"target\":[\"https:\/\/gerd-kramer.com\/wordpress\/nordfriesische-todesmelodie\/\"]}]},{\"@type\":\"BreadcrumbList\",\"@id\":\"https:\/\/gerd-kramer.com\/wordpress\/nordfriesische-todesmelodie\/#breadcrumb\",\"itemListElement\":[{\"@type\":\"ListItem\",\"position\":1,\"item\":{\"@type\":\"WebPage\",\"@id\":\"https:\/\/gerd-kramer.com\/wordpress\/\",\"url\":\"https:\/\/gerd-kramer.com\/wordpress\/\",\"name\":\"Home\"}},{\"@type\":\"ListItem\",\"position\":2,\"item\":{\"@type\":\"WebPage\",\"@id\":\"https:\/\/gerd-kramer.com\/wordpress\/nordfriesische-todesmelodie\/\",\"url\":\"https:\/\/gerd-kramer.com\/wordpress\/nordfriesische-todesmelodie\/\",\"name\":\"Nordfriesische Todesmelodie\"}}]}]}<\/script>\n<!-- \/ Yoast SEO plugin. -->","_links":{"self":[{"href":"https:\/\/gerd-kramer.com\/wordpress\/wp-json\/wp\/v2\/pages\/2430"}],"collection":[{"href":"https:\/\/gerd-kramer.com\/wordpress\/wp-json\/wp\/v2\/pages"}],"about":[{"href":"https:\/\/gerd-kramer.com\/wordpress\/wp-json\/wp\/v2\/types\/page"}],"author":[{"embeddable":true,"href":"https:\/\/gerd-kramer.com\/wordpress\/wp-json\/wp\/v2\/users\/1"}],"replies":[{"embeddable":true,"href":"https:\/\/gerd-kramer.com\/wordpress\/wp-json\/wp\/v2\/comments?post=2430"}],"version-history":[{"count":4,"href":"https:\/\/gerd-kramer.com\/wordpress\/wp-json\/wp\/v2\/pages\/2430\/revisions"}],"predecessor-version":[{"id":2435,"href":"https:\/\/gerd-kramer.com\/wordpress\/wp-json\/wp\/v2\/pages\/2430\/revisions\/2435"}],"wp:attachment":[{"href":"https:\/\/gerd-kramer.com\/wordpress\/wp-json\/wp\/v2\/media?parent=2430"}],"curies":[{"name":"wp","href":"https:\/\/api.w.org\/{rel}","templated":true}]}}