{"id":2358,"date":"2024-08-20T13:45:41","date_gmt":"2024-08-20T13:45:41","guid":{"rendered":"https:\/\/gerd-kramer.com\/wordpress\/?page_id=2358"},"modified":"2024-09-09T08:51:40","modified_gmt":"2024-09-09T08:51:40","slug":"das-kassandra-syndrom","status":"publish","type":"page","link":"https:\/\/gerd-kramer.com\/wordpress\/das-kassandra-syndrom\/","title":{"rendered":"Das Kassandra-Syndrom"},"content":{"rendered":"<p><a href=\"https:\/\/www.amazon.de\/dp\/B0DDPB85J2\/ref=tmm_pap_swatch_0?_encoding=UTF8&amp;dib_tag=se&amp;dib=eyJ2IjoiMSJ9.dIm6NaQxjxnSB572JeCCwyItz8YZk9msC2uU6EvQ8QJtUKER4OdrEZk6TTWK_MSzHCHZsEXjVEZF4zz6ysgIcH66DvMvwrqqHEu1ZCQUD3bPlhR0DCQ7QvD2xbg1wmFxxdvfhckM9uZpUtUkirsYjEFiSCBnjM4T9jXqFvs2_MbW3_elNYj007hIEtaN_kfd2krwWDSHi48urm2o-Jte8DTZyU3S6gr3QUv_hWnTR712N8_6_mVQI1NGjO7BdKaeSW6G-U6oK33pTSO2zjRmW-dXQorBHxrsb_o1aoOjkUk.O2P5BpM9jymihhvoU6WHiZI2r7wspyZgWH50x6RpoTc&amp;qid=1724152865&amp;sr=8-12\" target=\"_blank\" rel=\"noopener noreferrer\"><img loading=\"lazy\" class=\"alignnone size-medium wp-image-2383\" src=\"https:\/\/gerd-kramer.com\/wordpress\/wp-content\/uploads\/2024\/09\/Kopie-von-E-Kassandra-Syndrom-3-188x300.jpg\" alt=\"\" width=\"188\" height=\"300\" srcset=\"https:\/\/gerd-kramer.com\/wordpress\/wp-content\/uploads\/2024\/09\/Kopie-von-E-Kassandra-Syndrom-3-188x300.jpg 188w, https:\/\/gerd-kramer.com\/wordpress\/wp-content\/uploads\/2024\/09\/Kopie-von-E-Kassandra-Syndrom-3-15x24.jpg 15w, https:\/\/gerd-kramer.com\/wordpress\/wp-content\/uploads\/2024\/09\/Kopie-von-E-Kassandra-Syndrom-3-23x36.jpg 23w, https:\/\/gerd-kramer.com\/wordpress\/wp-content\/uploads\/2024\/09\/Kopie-von-E-Kassandra-Syndrom-3-30x48.jpg 30w, https:\/\/gerd-kramer.com\/wordpress\/wp-content\/uploads\/2024\/09\/Kopie-von-E-Kassandra-Syndrom-3.jpg 625w\" sizes=\"(max-width: 188px) 100vw, 188px\" \/><\/a><\/p>\n<p><strong><span class=\"a-text-bold\">Ein Umweltthriller der anderen Art.<\/span><\/strong><br \/>\nSeltsame Ereignisse beunruhigen die Biologin Nicole Westermann und den Musiker Erik Seidel. Ein Pilz \u00fcberwuchert eine Stra\u00dfe und ein Haus. In einem Badesee vermehren sich unkontrolliert giftige Blaualgen, und ein Mutterkornpilz wird zur Bedrohung f\u00fcr Tiere und Menschen. Die Vorg\u00e4nge verlaufen zun\u00e4chst ohne gro\u00dfe \u00f6ffentliche Aufmerksamkeit und lassen sich mit dem Klimawandel erkl\u00e4ren. Doch bald entsteht der Verdacht, dass sie gezielt herbeigef\u00fchrt werden. Ist eine Organisation am Werk, die auf die schleichenden Ver\u00e4nderungen in der Umwelt hinweisen will? Als sich die Ereignisse zuspitzen, beschlie\u00dfen Nicole und Erik, der Sache auf den Grund zu gehen, und gelangen zu dem Schluss, dass alles ganz anders sein k\u00f6nnte. Je n\u00e4her sie der Wahrheit kommen, desto mehr geraten sie in Gefahr.<\/p>\n","protected":false},"excerpt":{"rendered":"<p>Ein Umweltthriller der anderen Art. Seltsame Ereignisse beunruhigen die Biologin Nicole Westermann und den Musiker Erik Seidel. Ein Pilz \u00fcberwuchert eine Stra\u00dfe und ein Haus. In einem Badesee vermehren sich unkontrolliert giftige Blaualgen, und ein Mutterkornpilz wird zur Bedrohung f\u00fcr Tiere und Menschen. Die Vorg\u00e4nge verlaufen zun\u00e4chst ohne gro\u00dfe \u00f6ffentliche Aufmerksamkeit und lassen sich mit &hellip; <a href=\"https:\/\/gerd-kramer.com\/wordpress\/das-kassandra-syndrom\/\" class=\"more-link\"><span class=\"screen-reader-text\">Das Kassandra-Syndrom<\/span> weiterlesen <span class=\"meta-nav\">&rarr;<\/span><\/a><\/p>\n","protected":false},"author":1,"featured_media":0,"parent":0,"menu_order":0,"comment_status":"closed","ping_status":"closed","template":"","meta":{"ngg_post_thumbnail":0},"yoast_head":"<!-- This site is optimized with the Yoast SEO plugin v15.9.2 - https:\/\/yoast.com\/wordpress\/plugins\/seo\/ -->\n<meta name=\"robots\" content=\"index, follow, max-snippet:-1, max-image-preview:large, max-video-preview:-1\" \/>\n<link rel=\"canonical\" href=\"https:\/\/gerd-kramer.com\/wordpress\/das-kassandra-syndrom\/\" \/>\n<meta property=\"og:locale\" content=\"de_DE\" \/>\n<meta property=\"og:type\" content=\"article\" \/>\n<meta property=\"og:title\" content=\"Das Kassandra-Syndrom - Gerd Kramer\" \/>\n<meta property=\"og:description\" content=\"Ein Umweltthriller der anderen Art. Seltsame Ereignisse beunruhigen die Biologin Nicole Westermann und den Musiker Erik Seidel. Ein Pilz \u00fcberwuchert eine Stra\u00dfe und ein Haus. In einem Badesee vermehren sich unkontrolliert giftige Blaualgen, und ein Mutterkornpilz wird zur Bedrohung f\u00fcr Tiere und Menschen. Die Vorg\u00e4nge verlaufen zun\u00e4chst ohne gro\u00dfe \u00f6ffentliche Aufmerksamkeit und lassen sich mit &hellip; Das Kassandra-Syndrom weiterlesen &rarr;\" \/>\n<meta property=\"og:url\" content=\"https:\/\/gerd-kramer.com\/wordpress\/das-kassandra-syndrom\/\" \/>\n<meta property=\"og:site_name\" content=\"Gerd Kramer\" \/>\n<meta property=\"article:modified_time\" content=\"2024-09-09T08:51:40+00:00\" \/>\n<meta property=\"og:image\" content=\"https:\/\/gerd-kramer.com\/wordpress\/wp-content\/uploads\/2024\/09\/Kopie-von-E-Kassandra-Syndrom-3-188x300.jpg\" \/>\n<meta name=\"twitter:card\" content=\"summary_large_image\" \/>\n<meta name=\"twitter:label1\" content=\"Gesch\u00e4tzte Lesezeit\">\n\t<meta name=\"twitter:data1\" content=\"1 Minute\">\n<script type=\"application\/ld+json\" class=\"yoast-schema-graph\">{\"@context\":\"https:\/\/schema.org\",\"@graph\":[{\"@type\":\"WebSite\",\"@id\":\"https:\/\/gerd-kramer.com\/wordpress\/#website\",\"url\":\"https:\/\/gerd-kramer.com\/wordpress\/\",\"name\":\"Gerd Kramer\",\"description\":\"Autor\",\"potentialAction\":[{\"@type\":\"SearchAction\",\"target\":\"https:\/\/gerd-kramer.com\/wordpress\/?s={search_term_string}\",\"query-input\":\"required name=search_term_string\"}],\"inLanguage\":\"de-DE\"},{\"@type\":\"ImageObject\",\"@id\":\"https:\/\/gerd-kramer.com\/wordpress\/das-kassandra-syndrom\/#primaryimage\",\"inLanguage\":\"de-DE\",\"url\":\"https:\/\/gerd-kramer.com\/wordpress\/wp-content\/uploads\/2024\/09\/Kopie-von-E-Kassandra-Syndrom-3.jpg\",\"width\":625,\"height\":1000},{\"@type\":\"WebPage\",\"@id\":\"https:\/\/gerd-kramer.com\/wordpress\/das-kassandra-syndrom\/#webpage\",\"url\":\"https:\/\/gerd-kramer.com\/wordpress\/das-kassandra-syndrom\/\",\"name\":\"Das Kassandra-Syndrom - Gerd Kramer\",\"isPartOf\":{\"@id\":\"https:\/\/gerd-kramer.com\/wordpress\/#website\"},\"primaryImageOfPage\":{\"@id\":\"https:\/\/gerd-kramer.com\/wordpress\/das-kassandra-syndrom\/#primaryimage\"},\"datePublished\":\"2024-08-20T13:45:41+00:00\",\"dateModified\":\"2024-09-09T08:51:40+00:00\",\"breadcrumb\":{\"@id\":\"https:\/\/gerd-kramer.com\/wordpress\/das-kassandra-syndrom\/#breadcrumb\"},\"inLanguage\":\"de-DE\",\"potentialAction\":[{\"@type\":\"ReadAction\",\"target\":[\"https:\/\/gerd-kramer.com\/wordpress\/das-kassandra-syndrom\/\"]}]},{\"@type\":\"BreadcrumbList\",\"@id\":\"https:\/\/gerd-kramer.com\/wordpress\/das-kassandra-syndrom\/#breadcrumb\",\"itemListElement\":[{\"@type\":\"ListItem\",\"position\":1,\"item\":{\"@type\":\"WebPage\",\"@id\":\"https:\/\/gerd-kramer.com\/wordpress\/\",\"url\":\"https:\/\/gerd-kramer.com\/wordpress\/\",\"name\":\"Home\"}},{\"@type\":\"ListItem\",\"position\":2,\"item\":{\"@type\":\"WebPage\",\"@id\":\"https:\/\/gerd-kramer.com\/wordpress\/das-kassandra-syndrom\/\",\"url\":\"https:\/\/gerd-kramer.com\/wordpress\/das-kassandra-syndrom\/\",\"name\":\"Das Kassandra-Syndrom\"}}]}]}<\/script>\n<!-- \/ Yoast SEO plugin. -->","_links":{"self":[{"href":"https:\/\/gerd-kramer.com\/wordpress\/wp-json\/wp\/v2\/pages\/2358"}],"collection":[{"href":"https:\/\/gerd-kramer.com\/wordpress\/wp-json\/wp\/v2\/pages"}],"about":[{"href":"https:\/\/gerd-kramer.com\/wordpress\/wp-json\/wp\/v2\/types\/page"}],"author":[{"embeddable":true,"href":"https:\/\/gerd-kramer.com\/wordpress\/wp-json\/wp\/v2\/users\/1"}],"replies":[{"embeddable":true,"href":"https:\/\/gerd-kramer.com\/wordpress\/wp-json\/wp\/v2\/comments?post=2358"}],"version-history":[{"count":5,"href":"https:\/\/gerd-kramer.com\/wordpress\/wp-json\/wp\/v2\/pages\/2358\/revisions"}],"predecessor-version":[{"id":2387,"href":"https:\/\/gerd-kramer.com\/wordpress\/wp-json\/wp\/v2\/pages\/2358\/revisions\/2387"}],"wp:attachment":[{"href":"https:\/\/gerd-kramer.com\/wordpress\/wp-json\/wp\/v2\/media?parent=2358"}],"curies":[{"name":"wp","href":"https:\/\/api.w.org\/{rel}","templated":true}]}}