{"id":2349,"date":"2024-05-16T11:26:15","date_gmt":"2024-05-16T11:26:15","guid":{"rendered":"https:\/\/gerd-kramer.com\/wordpress\/?page_id=2349"},"modified":"2024-05-16T11:39:38","modified_gmt":"2024-05-16T11:39:38","slug":"der-kommissar-der-grauen-stadt","status":"publish","type":"page","link":"https:\/\/gerd-kramer.com\/wordpress\/der-kommissar-der-grauen-stadt\/","title":{"rendered":"Der Kommissar der grauen Stadt"},"content":{"rendered":"<p><iframe src=\"\/\/www.youtube.com\/embed\/z2nHTA04LfQ\" width=\"560\" height=\"314\" allowfullscreen=\"allowfullscreen\"><\/iframe>Ein Lied zum Krimi &#8222;Friesische Gl\u00fcckskekse&#8220;.<\/p>\n<p><span style=\"font-size: medium;\">Der Kommissar, ein echter Friese,<br \/>\n<\/span><span style=\"font-size: medium;\">pirscht durch Gassen, Wald und Wiese.<br \/>\n<\/span><span style=\"font-size: medium;\">Akribisch folgt er jeder Spur,<br \/>\n<\/span><span style=\"font-size: medium;\">verbissen und bisweilen stur.<br \/>\n<\/span><span style=\"font-size: medium;\">Er riecht den T\u00e4ter meilenweit,<br \/>\n<\/span><span style=\"font-size: medium;\">erschn\u00fcffelt ihn in kurzer Zeit.<br \/>\n<\/span><span style=\"font-size: medium;\">Sein Riecher gilt als legend\u00e4r,<br \/>\n<\/span><span style=\"font-size: medium;\">und reicht von S\u00fcden bis ans Meer.<\/span><\/p>\n<p><span style=\"font-size: medium;\"><b>Der Kommissar ist genial,<br \/>\n<\/b><\/span><span style=\"font-size: medium;\"><b>er l\u00f6st fast jeden schweren Fall.<br \/>\n<\/b><\/span><span style=\"font-size: medium;\"><b>Kein M\u00f6rder kann sich sicher sein.<br \/>\n<\/b><\/span><span style=\"font-size: medium;\"><b>Eins, zwei, drei, er locht ihn ein.<br \/>\n<\/b><\/span><span style=\"font-size: medium;\"><b>Kein M\u00f6rder kann sich sicher sein.<br \/>\n<\/b><\/span><span style=\"font-size: medium;\"><b>Eins, zwei, drei, er locht ihn ein.<\/b><\/span><\/p>\n<p><span style=\"font-size: medium;\">Der Kommissar der grauen Stadt,<br \/>\n<\/span><span style=\"font-size: medium;\">liebt Rollmops und spricht Platt.<br \/>\n<\/span><span style=\"font-size: medium;\">W\u00e4r\u2019 Jack the Ripper in der Stadt,<br \/>\n<\/span><span style=\"font-size: medium;\">er h\u00e4tt\u2019 den Killer rasch geschnappt.<br \/>\n<\/span><span style=\"font-size: medium;\">Er taucht hinab zehn Meter tief,<br \/>\n<\/span><span style=\"font-size: medium;\">w\u00fchlt im Dreck und faulem Mief.<br \/>\n<\/span><span style=\"font-size: medium;\">Die Waffe fest in seiner Hand,<br \/>\n<\/span><span style=\"font-size: medium;\">sch\u00fctzt er das ganze Land,<\/span><\/p>\n<p><span style=\"font-size: medium;\"><b>Der Kommissar ist genial,<br \/>\n<\/b><\/span><span style=\"font-size: medium;\"><b>er l\u00f6st fast jeden schweren Fall.<br \/>\n<\/b><\/span><span style=\"font-size: medium;\"><b>Kein M\u00f6rder kann sich sicher sein.<br \/>\n<\/b><\/span><span style=\"font-size: medium;\"><b>Eins, zwei, drei, er locht ihn ein.<br \/>\n<\/b><\/span><span style=\"font-size: medium;\"><b>Kein M\u00f6rder kann sich sicher sein.<br \/>\n<\/b><\/span><span style=\"font-size: medium;\"><b>Eins, zwei, drei, er locht ihn ein.<\/b><\/span><\/p>\n<p>&nbsp;<\/p>\n","protected":false},"excerpt":{"rendered":"<p>Ein Lied zum Krimi &#8222;Friesische Gl\u00fcckskekse&#8220;. Der Kommissar, ein echter Friese, pirscht durch Gassen, Wald und Wiese. Akribisch folgt er jeder Spur, verbissen und bisweilen stur. Er riecht den T\u00e4ter meilenweit, erschn\u00fcffelt ihn in kurzer Zeit. Sein Riecher gilt als legend\u00e4r, und reicht von S\u00fcden bis ans Meer. Der Kommissar ist genial, er l\u00f6st fast &hellip; <a href=\"https:\/\/gerd-kramer.com\/wordpress\/der-kommissar-der-grauen-stadt\/\" class=\"more-link\"><span class=\"screen-reader-text\">Der Kommissar der grauen Stadt<\/span> weiterlesen <span class=\"meta-nav\">&rarr;<\/span><\/a><\/p>\n","protected":false},"author":1,"featured_media":0,"parent":0,"menu_order":0,"comment_status":"closed","ping_status":"closed","template":"","meta":{"ngg_post_thumbnail":0},"yoast_head":"<!-- This site is optimized with the Yoast SEO plugin v15.9.2 - https:\/\/yoast.com\/wordpress\/plugins\/seo\/ -->\n<meta name=\"robots\" content=\"index, follow, max-snippet:-1, max-image-preview:large, max-video-preview:-1\" \/>\n<link rel=\"canonical\" href=\"https:\/\/gerd-kramer.com\/wordpress\/der-kommissar-der-grauen-stadt\/\" \/>\n<meta property=\"og:locale\" content=\"de_DE\" \/>\n<meta property=\"og:type\" content=\"article\" \/>\n<meta property=\"og:title\" content=\"Der Kommissar der grauen Stadt - Gerd Kramer\" \/>\n<meta property=\"og:description\" content=\"Ein Lied zum Krimi &#8222;Friesische Gl\u00fcckskekse&#8220;. Der Kommissar, ein echter Friese, pirscht durch Gassen, Wald und Wiese. Akribisch folgt er jeder Spur, verbissen und bisweilen stur. Er riecht den T\u00e4ter meilenweit, erschn\u00fcffelt ihn in kurzer Zeit. Sein Riecher gilt als legend\u00e4r, und reicht von S\u00fcden bis ans Meer. Der Kommissar ist genial, er l\u00f6st fast &hellip; Der Kommissar der grauen Stadt weiterlesen &rarr;\" \/>\n<meta property=\"og:url\" content=\"https:\/\/gerd-kramer.com\/wordpress\/der-kommissar-der-grauen-stadt\/\" \/>\n<meta property=\"og:site_name\" content=\"Gerd Kramer\" \/>\n<meta property=\"article:modified_time\" content=\"2024-05-16T11:39:38+00:00\" \/>\n<meta name=\"twitter:card\" content=\"summary_large_image\" \/>\n<meta name=\"twitter:label1\" content=\"Gesch\u00e4tzte Lesezeit\">\n\t<meta name=\"twitter:data1\" content=\"1 Minute\">\n<script type=\"application\/ld+json\" class=\"yoast-schema-graph\">{\"@context\":\"https:\/\/schema.org\",\"@graph\":[{\"@type\":\"WebSite\",\"@id\":\"https:\/\/gerd-kramer.com\/wordpress\/#website\",\"url\":\"https:\/\/gerd-kramer.com\/wordpress\/\",\"name\":\"Gerd Kramer\",\"description\":\"Autor\",\"potentialAction\":[{\"@type\":\"SearchAction\",\"target\":\"https:\/\/gerd-kramer.com\/wordpress\/?s={search_term_string}\",\"query-input\":\"required name=search_term_string\"}],\"inLanguage\":\"de-DE\"},{\"@type\":\"WebPage\",\"@id\":\"https:\/\/gerd-kramer.com\/wordpress\/der-kommissar-der-grauen-stadt\/#webpage\",\"url\":\"https:\/\/gerd-kramer.com\/wordpress\/der-kommissar-der-grauen-stadt\/\",\"name\":\"Der Kommissar der grauen Stadt - Gerd Kramer\",\"isPartOf\":{\"@id\":\"https:\/\/gerd-kramer.com\/wordpress\/#website\"},\"datePublished\":\"2024-05-16T11:26:15+00:00\",\"dateModified\":\"2024-05-16T11:39:38+00:00\",\"breadcrumb\":{\"@id\":\"https:\/\/gerd-kramer.com\/wordpress\/der-kommissar-der-grauen-stadt\/#breadcrumb\"},\"inLanguage\":\"de-DE\",\"potentialAction\":[{\"@type\":\"ReadAction\",\"target\":[\"https:\/\/gerd-kramer.com\/wordpress\/der-kommissar-der-grauen-stadt\/\"]}]},{\"@type\":\"BreadcrumbList\",\"@id\":\"https:\/\/gerd-kramer.com\/wordpress\/der-kommissar-der-grauen-stadt\/#breadcrumb\",\"itemListElement\":[{\"@type\":\"ListItem\",\"position\":1,\"item\":{\"@type\":\"WebPage\",\"@id\":\"https:\/\/gerd-kramer.com\/wordpress\/\",\"url\":\"https:\/\/gerd-kramer.com\/wordpress\/\",\"name\":\"Home\"}},{\"@type\":\"ListItem\",\"position\":2,\"item\":{\"@type\":\"WebPage\",\"@id\":\"https:\/\/gerd-kramer.com\/wordpress\/der-kommissar-der-grauen-stadt\/\",\"url\":\"https:\/\/gerd-kramer.com\/wordpress\/der-kommissar-der-grauen-stadt\/\",\"name\":\"Der Kommissar der grauen Stadt\"}}]}]}<\/script>\n<!-- \/ Yoast SEO plugin. -->","_links":{"self":[{"href":"https:\/\/gerd-kramer.com\/wordpress\/wp-json\/wp\/v2\/pages\/2349"}],"collection":[{"href":"https:\/\/gerd-kramer.com\/wordpress\/wp-json\/wp\/v2\/pages"}],"about":[{"href":"https:\/\/gerd-kramer.com\/wordpress\/wp-json\/wp\/v2\/types\/page"}],"author":[{"embeddable":true,"href":"https:\/\/gerd-kramer.com\/wordpress\/wp-json\/wp\/v2\/users\/1"}],"replies":[{"embeddable":true,"href":"https:\/\/gerd-kramer.com\/wordpress\/wp-json\/wp\/v2\/comments?post=2349"}],"version-history":[{"count":3,"href":"https:\/\/gerd-kramer.com\/wordpress\/wp-json\/wp\/v2\/pages\/2349\/revisions"}],"predecessor-version":[{"id":2355,"href":"https:\/\/gerd-kramer.com\/wordpress\/wp-json\/wp\/v2\/pages\/2349\/revisions\/2355"}],"wp:attachment":[{"href":"https:\/\/gerd-kramer.com\/wordpress\/wp-json\/wp\/v2\/media?parent=2349"}],"curies":[{"name":"wp","href":"https:\/\/api.w.org\/{rel}","templated":true}]}}