{"id":2337,"date":"2024-01-24T11:01:23","date_gmt":"2024-01-24T11:01:23","guid":{"rendered":"https:\/\/gerd-kramer.com\/wordpress\/?page_id=2337"},"modified":"2024-01-24T12:09:19","modified_gmt":"2024-01-24T12:09:19","slug":"friesische-glueckskekse","status":"publish","type":"page","link":"https:\/\/gerd-kramer.com\/wordpress\/friesische-glueckskekse\/","title":{"rendered":"Friesische Gl\u00fcckskekse"},"content":{"rendered":"<p><img loading=\"lazy\" class=\"alignnone wp-image-2335\" src=\"https:\/\/gerd-kramer.com\/wordpress\/wp-content\/uploads\/2024\/01\/Glueckskeks_Ebook-1-188x300.jpg\" alt=\"\" width=\"284\" height=\"453\" srcset=\"https:\/\/gerd-kramer.com\/wordpress\/wp-content\/uploads\/2024\/01\/Glueckskeks_Ebook-1-188x300.jpg 188w, https:\/\/gerd-kramer.com\/wordpress\/wp-content\/uploads\/2024\/01\/Glueckskeks_Ebook-1-642x1024.jpg 642w, https:\/\/gerd-kramer.com\/wordpress\/wp-content\/uploads\/2024\/01\/Glueckskeks_Ebook-1-768x1226.jpg 768w, https:\/\/gerd-kramer.com\/wordpress\/wp-content\/uploads\/2024\/01\/Glueckskeks_Ebook-1-963x1536.jpg 963w, https:\/\/gerd-kramer.com\/wordpress\/wp-content\/uploads\/2024\/01\/Glueckskeks_Ebook-1-1283x2048.jpg 1283w, https:\/\/gerd-kramer.com\/wordpress\/wp-content\/uploads\/2024\/01\/Glueckskeks_Ebook-1-15x24.jpg 15w, https:\/\/gerd-kramer.com\/wordpress\/wp-content\/uploads\/2024\/01\/Glueckskeks_Ebook-1-23x36.jpg 23w, https:\/\/gerd-kramer.com\/wordpress\/wp-content\/uploads\/2024\/01\/Glueckskeks_Ebook-1-30x48.jpg 30w, https:\/\/gerd-kramer.com\/wordpress\/wp-content\/uploads\/2024\/01\/Glueckskeks_Ebook-1.jpg 1410w\" sizes=\"(max-width: 284px) 100vw, 284px\" \/><\/p>\n<p>Mitten im Watt sto\u00dfen Olivia, Johanna und D\u00f6rte auf einen abgetrennten Arm. Doch wo ist die dazugeh\u00f6rige Leiche? Hauptkommissar Kruse von der Husumer Polizei findet die Identit\u00e4t des Opfers schnell heraus. Ausgerechnet eine Freundin der Frauen ger\u00e4t unter Mordverdacht und wird festgenommen. F\u00fcr das Trio ist es Ehrensache, ihr zu helfen und den wahren T\u00e4ter aufzusp\u00fcren. Da trifft es sich gut, dass D\u00f6rte ein Verh\u00e4ltnis mit einem Rechtsanwalt hat. Aber die Dinge entwickeln sich anders, als die drei es sich vorgestellt haben. Denn sie werden nicht nur in diesen Kriminalfall immer tiefer hineingezogen, sondern auch in einen Strudel verh\u00e4ngnisvoller Ereignisse rund um Olivias Ratgeber \u00bbGiftk\u00fcche\u00ab, der vor nat\u00fcrlichen Giften in Lebensmitteln warnt.<br \/>\n<span class=\"a-text-italic\">Dieser dritte Teil einer Trilogie kann selbstverst\u00e4ndlich unabh\u00e4ngig von Teil 1 (Friesisch morden) und Teil 2 (Friesische Giftk\u00fcche) gelesen werden.<\/span><br \/>\n<strong><span class=\"a-text-bold\">Zutaten:<\/span><\/strong>&nbsp;eine gute Portion Spannung, eine ordentliche Prise Lokalkolorit und trockener, schwarzer Humor \u00e0 la Nordfriesland<\/p>\n<p><a href=\"https:\/\/www.amazon.de\/dp\/B0CSYTX5NH\">Friesische Gl\u00fcckskekse<\/a><\/p>\n","protected":false},"excerpt":{"rendered":"<p>Mitten im Watt sto\u00dfen Olivia, Johanna und D\u00f6rte auf einen abgetrennten Arm. Doch wo ist die dazugeh\u00f6rige Leiche? Hauptkommissar Kruse von der Husumer Polizei findet die Identit\u00e4t des Opfers schnell heraus. Ausgerechnet eine Freundin der Frauen ger\u00e4t unter Mordverdacht und wird festgenommen. F\u00fcr das Trio ist es Ehrensache, ihr zu helfen und den wahren T\u00e4ter &hellip; <a href=\"https:\/\/gerd-kramer.com\/wordpress\/friesische-glueckskekse\/\" class=\"more-link\"><span class=\"screen-reader-text\">Friesische Gl\u00fcckskekse<\/span> weiterlesen <span class=\"meta-nav\">&rarr;<\/span><\/a><\/p>\n","protected":false},"author":1,"featured_media":0,"parent":0,"menu_order":0,"comment_status":"closed","ping_status":"closed","template":"","meta":{"ngg_post_thumbnail":0},"yoast_head":"<!-- This site is optimized with the Yoast SEO plugin v15.9.2 - https:\/\/yoast.com\/wordpress\/plugins\/seo\/ -->\n<meta name=\"robots\" content=\"index, follow, max-snippet:-1, max-image-preview:large, max-video-preview:-1\" \/>\n<link rel=\"canonical\" href=\"https:\/\/gerd-kramer.com\/wordpress\/friesische-glueckskekse\/\" \/>\n<meta property=\"og:locale\" content=\"de_DE\" \/>\n<meta property=\"og:type\" content=\"article\" \/>\n<meta property=\"og:title\" content=\"Friesische Gl\u00fcckskekse - Gerd Kramer\" \/>\n<meta property=\"og:description\" content=\"Mitten im Watt sto\u00dfen Olivia, Johanna und D\u00f6rte auf einen abgetrennten Arm. Doch wo ist die dazugeh\u00f6rige Leiche? Hauptkommissar Kruse von der Husumer Polizei findet die Identit\u00e4t des Opfers schnell heraus. Ausgerechnet eine Freundin der Frauen ger\u00e4t unter Mordverdacht und wird festgenommen. F\u00fcr das Trio ist es Ehrensache, ihr zu helfen und den wahren T\u00e4ter &hellip; Friesische Gl\u00fcckskekse weiterlesen &rarr;\" \/>\n<meta property=\"og:url\" content=\"https:\/\/gerd-kramer.com\/wordpress\/friesische-glueckskekse\/\" \/>\n<meta property=\"og:site_name\" content=\"Gerd Kramer\" \/>\n<meta property=\"article:modified_time\" content=\"2024-01-24T12:09:19+00:00\" \/>\n<meta property=\"og:image\" content=\"https:\/\/gerd-kramer.com\/wordpress\/wp-content\/uploads\/2024\/01\/Glueckskeks_Ebook-1-188x300.jpg\" \/>\n<meta name=\"twitter:card\" content=\"summary_large_image\" \/>\n<meta name=\"twitter:label1\" content=\"Gesch\u00e4tzte Lesezeit\">\n\t<meta name=\"twitter:data1\" content=\"1 Minute\">\n<script type=\"application\/ld+json\" class=\"yoast-schema-graph\">{\"@context\":\"https:\/\/schema.org\",\"@graph\":[{\"@type\":\"WebSite\",\"@id\":\"https:\/\/gerd-kramer.com\/wordpress\/#website\",\"url\":\"https:\/\/gerd-kramer.com\/wordpress\/\",\"name\":\"Gerd Kramer\",\"description\":\"Autor\",\"potentialAction\":[{\"@type\":\"SearchAction\",\"target\":\"https:\/\/gerd-kramer.com\/wordpress\/?s={search_term_string}\",\"query-input\":\"required name=search_term_string\"}],\"inLanguage\":\"de-DE\"},{\"@type\":\"ImageObject\",\"@id\":\"https:\/\/gerd-kramer.com\/wordpress\/friesische-glueckskekse\/#primaryimage\",\"inLanguage\":\"de-DE\",\"url\":\"https:\/\/gerd-kramer.com\/wordpress\/wp-content\/uploads\/2024\/01\/Glueckskeks_Ebook-1.jpg\",\"width\":1410,\"height\":2250},{\"@type\":\"WebPage\",\"@id\":\"https:\/\/gerd-kramer.com\/wordpress\/friesische-glueckskekse\/#webpage\",\"url\":\"https:\/\/gerd-kramer.com\/wordpress\/friesische-glueckskekse\/\",\"name\":\"Friesische Gl\\u00fcckskekse - Gerd Kramer\",\"isPartOf\":{\"@id\":\"https:\/\/gerd-kramer.com\/wordpress\/#website\"},\"primaryImageOfPage\":{\"@id\":\"https:\/\/gerd-kramer.com\/wordpress\/friesische-glueckskekse\/#primaryimage\"},\"datePublished\":\"2024-01-24T11:01:23+00:00\",\"dateModified\":\"2024-01-24T12:09:19+00:00\",\"breadcrumb\":{\"@id\":\"https:\/\/gerd-kramer.com\/wordpress\/friesische-glueckskekse\/#breadcrumb\"},\"inLanguage\":\"de-DE\",\"potentialAction\":[{\"@type\":\"ReadAction\",\"target\":[\"https:\/\/gerd-kramer.com\/wordpress\/friesische-glueckskekse\/\"]}]},{\"@type\":\"BreadcrumbList\",\"@id\":\"https:\/\/gerd-kramer.com\/wordpress\/friesische-glueckskekse\/#breadcrumb\",\"itemListElement\":[{\"@type\":\"ListItem\",\"position\":1,\"item\":{\"@type\":\"WebPage\",\"@id\":\"https:\/\/gerd-kramer.com\/wordpress\/\",\"url\":\"https:\/\/gerd-kramer.com\/wordpress\/\",\"name\":\"Home\"}},{\"@type\":\"ListItem\",\"position\":2,\"item\":{\"@type\":\"WebPage\",\"@id\":\"https:\/\/gerd-kramer.com\/wordpress\/friesische-glueckskekse\/\",\"url\":\"https:\/\/gerd-kramer.com\/wordpress\/friesische-glueckskekse\/\",\"name\":\"Friesische Gl\\u00fcckskekse\"}}]}]}<\/script>\n<!-- \/ Yoast SEO plugin. -->","_links":{"self":[{"href":"https:\/\/gerd-kramer.com\/wordpress\/wp-json\/wp\/v2\/pages\/2337"}],"collection":[{"href":"https:\/\/gerd-kramer.com\/wordpress\/wp-json\/wp\/v2\/pages"}],"about":[{"href":"https:\/\/gerd-kramer.com\/wordpress\/wp-json\/wp\/v2\/types\/page"}],"author":[{"embeddable":true,"href":"https:\/\/gerd-kramer.com\/wordpress\/wp-json\/wp\/v2\/users\/1"}],"replies":[{"embeddable":true,"href":"https:\/\/gerd-kramer.com\/wordpress\/wp-json\/wp\/v2\/comments?post=2337"}],"version-history":[{"count":5,"href":"https:\/\/gerd-kramer.com\/wordpress\/wp-json\/wp\/v2\/pages\/2337\/revisions"}],"predecessor-version":[{"id":2345,"href":"https:\/\/gerd-kramer.com\/wordpress\/wp-json\/wp\/v2\/pages\/2337\/revisions\/2345"}],"wp:attachment":[{"href":"https:\/\/gerd-kramer.com\/wordpress\/wp-json\/wp\/v2\/media?parent=2337"}],"curies":[{"name":"wp","href":"https:\/\/api.w.org\/{rel}","templated":true}]}}