{"id":2315,"date":"2023-05-08T10:09:43","date_gmt":"2023-05-08T10:09:43","guid":{"rendered":"https:\/\/gerd-kramer.com\/wordpress\/?page_id=2315"},"modified":"2023-05-08T10:15:30","modified_gmt":"2023-05-08T10:15:30","slug":"friesische-giftkueche","status":"publish","type":"page","link":"https:\/\/gerd-kramer.com\/wordpress\/friesische-giftkueche\/","title":{"rendered":"Friesische Giftk\u00fcche"},"content":{"rendered":"<p><a href=\"https:\/\/www.amazon.de\/Friesische-Giftk%C3%BCche-Kriminalroman-Kriminalromane-GMEINER-Verlag\/dp\/3839203546\/ref=sr_1_2?__mk_de_DE=%C3%85M%C3%85%C5%BD%C3%95%C3%91&amp;keywords=gerd+kramer&amp;qid=1683540845&amp;sr=8-2\"><img loading=\"lazy\" class=\"alignnone wp-image-2313\" src=\"https:\/\/gerd-kramer.com\/wordpress\/wp-content\/uploads\/2023\/05\/Friesische_Giftkueche_klein.jpg\" alt=\"\" width=\"250\" height=\"416\" srcset=\"https:\/\/gerd-kramer.com\/wordpress\/wp-content\/uploads\/2023\/05\/Friesische_Giftkueche_klein.jpg 568w, https:\/\/gerd-kramer.com\/wordpress\/wp-content\/uploads\/2023\/05\/Friesische_Giftkueche_klein-180x300.jpg 180w, https:\/\/gerd-kramer.com\/wordpress\/wp-content\/uploads\/2023\/05\/Friesische_Giftkueche_klein-14x24.jpg 14w, https:\/\/gerd-kramer.com\/wordpress\/wp-content\/uploads\/2023\/05\/Friesische_Giftkueche_klein-22x36.jpg 22w, https:\/\/gerd-kramer.com\/wordpress\/wp-content\/uploads\/2023\/05\/Friesische_Giftkueche_klein-29x48.jpg 29w\" sizes=\"(max-width: 250px) 100vw, 250px\" \/><\/a><\/p>\n<p>Olivia, Johanna und D\u00f6rte aus Nordfriesland geraten in Bedr\u00e4ngnis. Am liebsten w\u00fcrden sie sich ausschlie\u00dflich um ihr Schlickgesch\u00e4ft k\u00fcmmern. Der Handel mit dem Gold der Nordsee floriert. Aber Hauptkommissar Erik Kruse ist ihnen dicht auf den Fersen. Er will beweisen, dass sie ihre Ehem\u00e4nner auf dem Gewissen haben und auch f\u00fcr mehrere mysteri\u00f6se Todesf\u00e4lle verantwortlich sind. Olivia ahnt: Ihr Ratgeber \u00bbGiftk\u00fcche\u00ab spielt dabei eine zentrale Rolle. Als die drei Frauen versuchen, das Unheil abzuwenden, begeben sie sich in h\u00f6chste Gefahr.<\/p>\n","protected":false},"excerpt":{"rendered":"<p>Olivia, Johanna und D\u00f6rte aus Nordfriesland geraten in Bedr\u00e4ngnis. Am liebsten w\u00fcrden sie sich ausschlie\u00dflich um ihr Schlickgesch\u00e4ft k\u00fcmmern. Der Handel mit dem Gold der Nordsee floriert. Aber Hauptkommissar Erik Kruse ist ihnen dicht auf den Fersen. Er will beweisen, dass sie ihre Ehem\u00e4nner auf dem Gewissen haben und auch f\u00fcr mehrere mysteri\u00f6se Todesf\u00e4lle verantwortlich &hellip; <a href=\"https:\/\/gerd-kramer.com\/wordpress\/friesische-giftkueche\/\" class=\"more-link\"><span class=\"screen-reader-text\">Friesische Giftk\u00fcche<\/span> weiterlesen <span class=\"meta-nav\">&rarr;<\/span><\/a><\/p>\n","protected":false},"author":1,"featured_media":0,"parent":0,"menu_order":0,"comment_status":"closed","ping_status":"closed","template":"","meta":{"ngg_post_thumbnail":0},"yoast_head":"<!-- This site is optimized with the Yoast SEO plugin v15.9.2 - https:\/\/yoast.com\/wordpress\/plugins\/seo\/ -->\n<meta name=\"robots\" content=\"index, follow, max-snippet:-1, max-image-preview:large, max-video-preview:-1\" \/>\n<link rel=\"canonical\" href=\"https:\/\/gerd-kramer.com\/wordpress\/friesische-giftkueche\/\" \/>\n<meta property=\"og:locale\" content=\"de_DE\" \/>\n<meta property=\"og:type\" content=\"article\" \/>\n<meta property=\"og:title\" content=\"Friesische Giftk\u00fcche - Gerd Kramer\" \/>\n<meta property=\"og:description\" content=\"Olivia, Johanna und D\u00f6rte aus Nordfriesland geraten in Bedr\u00e4ngnis. Am liebsten w\u00fcrden sie sich ausschlie\u00dflich um ihr Schlickgesch\u00e4ft k\u00fcmmern. Der Handel mit dem Gold der Nordsee floriert. Aber Hauptkommissar Erik Kruse ist ihnen dicht auf den Fersen. Er will beweisen, dass sie ihre Ehem\u00e4nner auf dem Gewissen haben und auch f\u00fcr mehrere mysteri\u00f6se Todesf\u00e4lle verantwortlich &hellip; Friesische Giftk\u00fcche weiterlesen &rarr;\" \/>\n<meta property=\"og:url\" content=\"https:\/\/gerd-kramer.com\/wordpress\/friesische-giftkueche\/\" \/>\n<meta property=\"og:site_name\" content=\"Gerd Kramer\" \/>\n<meta property=\"article:modified_time\" content=\"2023-05-08T10:15:30+00:00\" \/>\n<meta property=\"og:image\" content=\"https:\/\/gerd-kramer.com\/wordpress\/wp-content\/uploads\/2023\/05\/Friesische_Giftkueche_klein.jpg\" \/>\n<meta name=\"twitter:card\" content=\"summary_large_image\" \/>\n<meta name=\"twitter:label1\" content=\"Gesch\u00e4tzte Lesezeit\">\n\t<meta name=\"twitter:data1\" content=\"1 Minute\">\n<script type=\"application\/ld+json\" class=\"yoast-schema-graph\">{\"@context\":\"https:\/\/schema.org\",\"@graph\":[{\"@type\":\"WebSite\",\"@id\":\"https:\/\/gerd-kramer.com\/wordpress\/#website\",\"url\":\"https:\/\/gerd-kramer.com\/wordpress\/\",\"name\":\"Gerd Kramer\",\"description\":\"Autor\",\"potentialAction\":[{\"@type\":\"SearchAction\",\"target\":\"https:\/\/gerd-kramer.com\/wordpress\/?s={search_term_string}\",\"query-input\":\"required name=search_term_string\"}],\"inLanguage\":\"de-DE\"},{\"@type\":\"ImageObject\",\"@id\":\"https:\/\/gerd-kramer.com\/wordpress\/friesische-giftkueche\/#primaryimage\",\"inLanguage\":\"de-DE\",\"url\":\"https:\/\/gerd-kramer.com\/wordpress\/wp-content\/uploads\/2023\/05\/Friesische_Giftkueche_klein.jpg\",\"width\":568,\"height\":946},{\"@type\":\"WebPage\",\"@id\":\"https:\/\/gerd-kramer.com\/wordpress\/friesische-giftkueche\/#webpage\",\"url\":\"https:\/\/gerd-kramer.com\/wordpress\/friesische-giftkueche\/\",\"name\":\"Friesische Giftk\\u00fcche - Gerd Kramer\",\"isPartOf\":{\"@id\":\"https:\/\/gerd-kramer.com\/wordpress\/#website\"},\"primaryImageOfPage\":{\"@id\":\"https:\/\/gerd-kramer.com\/wordpress\/friesische-giftkueche\/#primaryimage\"},\"datePublished\":\"2023-05-08T10:09:43+00:00\",\"dateModified\":\"2023-05-08T10:15:30+00:00\",\"breadcrumb\":{\"@id\":\"https:\/\/gerd-kramer.com\/wordpress\/friesische-giftkueche\/#breadcrumb\"},\"inLanguage\":\"de-DE\",\"potentialAction\":[{\"@type\":\"ReadAction\",\"target\":[\"https:\/\/gerd-kramer.com\/wordpress\/friesische-giftkueche\/\"]}]},{\"@type\":\"BreadcrumbList\",\"@id\":\"https:\/\/gerd-kramer.com\/wordpress\/friesische-giftkueche\/#breadcrumb\",\"itemListElement\":[{\"@type\":\"ListItem\",\"position\":1,\"item\":{\"@type\":\"WebPage\",\"@id\":\"https:\/\/gerd-kramer.com\/wordpress\/\",\"url\":\"https:\/\/gerd-kramer.com\/wordpress\/\",\"name\":\"Home\"}},{\"@type\":\"ListItem\",\"position\":2,\"item\":{\"@type\":\"WebPage\",\"@id\":\"https:\/\/gerd-kramer.com\/wordpress\/friesische-giftkueche\/\",\"url\":\"https:\/\/gerd-kramer.com\/wordpress\/friesische-giftkueche\/\",\"name\":\"Friesische Giftk\\u00fcche\"}}]}]}<\/script>\n<!-- \/ Yoast SEO plugin. -->","_links":{"self":[{"href":"https:\/\/gerd-kramer.com\/wordpress\/wp-json\/wp\/v2\/pages\/2315"}],"collection":[{"href":"https:\/\/gerd-kramer.com\/wordpress\/wp-json\/wp\/v2\/pages"}],"about":[{"href":"https:\/\/gerd-kramer.com\/wordpress\/wp-json\/wp\/v2\/types\/page"}],"author":[{"embeddable":true,"href":"https:\/\/gerd-kramer.com\/wordpress\/wp-json\/wp\/v2\/users\/1"}],"replies":[{"embeddable":true,"href":"https:\/\/gerd-kramer.com\/wordpress\/wp-json\/wp\/v2\/comments?post=2315"}],"version-history":[{"count":4,"href":"https:\/\/gerd-kramer.com\/wordpress\/wp-json\/wp\/v2\/pages\/2315\/revisions"}],"predecessor-version":[{"id":2320,"href":"https:\/\/gerd-kramer.com\/wordpress\/wp-json\/wp\/v2\/pages\/2315\/revisions\/2320"}],"wp:attachment":[{"href":"https:\/\/gerd-kramer.com\/wordpress\/wp-json\/wp\/v2\/media?parent=2315"}],"curies":[{"name":"wp","href":"https:\/\/api.w.org\/{rel}","templated":true}]}}