{"id":2235,"date":"2021-12-28T12:53:35","date_gmt":"2021-12-28T12:53:35","guid":{"rendered":"https:\/\/gerd-kramer.com\/wordpress\/?page_id=2235"},"modified":"2022-08-31T17:27:31","modified_gmt":"2022-08-31T17:27:31","slug":"friesisch-morden","status":"publish","type":"page","link":"https:\/\/gerd-kramer.com\/wordpress\/friesisch-morden\/","title":{"rendered":"Friesisch morden"},"content":{"rendered":"<p><a href=\"https:\/\/www.amazon.de\/Friesisch-morden-Kriminalroman-Johanna-Nordfriesland-ebook\/dp\/B09LMLXNVZ\/?_encoding=UTF8&amp;pd_rd_w=qXpSM&amp;pf_rd_p=ca01ef13-09ce-4d4c-ba12-0b30664e53a1&amp;pf_rd_r=ES95M66ZF5QJN3EZX4C8&amp;pd_rd_r=2c71401d-a1f2-44c6-afb2-40fe16f76b1e&amp;pd_rd_wg=fzYaW&amp;ref_=pd_gw_ci_mcx_mr_hp_d\"><img loading=\"lazy\" class=\"alignnone wp-image-2232\" src=\"https:\/\/gerd-kramer.com\/wordpress\/wp-content\/uploads\/2021\/12\/0001-180x300.jpg\" alt=\"\" width=\"250\" height=\"416\" srcset=\"https:\/\/gerd-kramer.com\/wordpress\/wp-content\/uploads\/2021\/12\/0001-180x300.jpg 180w, https:\/\/gerd-kramer.com\/wordpress\/wp-content\/uploads\/2021\/12\/0001-614x1024.jpg 614w, https:\/\/gerd-kramer.com\/wordpress\/wp-content\/uploads\/2021\/12\/0001-768x1280.jpg 768w, https:\/\/gerd-kramer.com\/wordpress\/wp-content\/uploads\/2021\/12\/0001-922x1536.jpg 922w, https:\/\/gerd-kramer.com\/wordpress\/wp-content\/uploads\/2021\/12\/0001-1229x2048.jpg 1229w, https:\/\/gerd-kramer.com\/wordpress\/wp-content\/uploads\/2021\/12\/0001-14x24.jpg 14w, https:\/\/gerd-kramer.com\/wordpress\/wp-content\/uploads\/2021\/12\/0001-22x36.jpg 22w, https:\/\/gerd-kramer.com\/wordpress\/wp-content\/uploads\/2021\/12\/0001-29x48.jpg 29w, https:\/\/gerd-kramer.com\/wordpress\/wp-content\/uploads\/2021\/12\/0001.jpg 1418w\" sizes=\"(max-width: 250px) 100vw, 250px\" \/><\/a><\/p>\n<div id=\"bookDescription_feature_div\" class=\"celwidget\" data-feature-name=\"bookDescription\" data-csa-c-id=\"yrfnjp-fc49dj-wehmdf-v2leu0\" data-cel-widget=\"bookDescription_feature_div\">\n<div class=\"a-expander-collapsed-height a-row a-expander-container a-spacing-base a-expander-partial-collapse-container\" aria-live=\"polite\" data-a-expander-name=\"book_description_expander\" data-a-expander-collapsed-height=\"140\">\n<div class=\"a-expander-content a-expander-partial-collapse-content\" aria-expanded=\"false\">Olivia, Johanna und D\u00f6rte aus Nordfriesland beschlie\u00dfen, ihr Leben endlich in die eigene Hand zu nehmen und ihre Tr\u00e4ume wahr werden zu lassen. Der geplanten Selbstverwirklichung steht nur eines im Weg: die angetrauten M\u00e4nner. Da eine Scheidung f\u00fcr alle drei nicht in Frage kommt, finden die Frauen gem\u00e4\u00df der Formel \u00bbbis dass der Tod euch scheidet\u00ab schon bald eine andere L\u00f6sung f\u00fcr ihr Problem. Doch als sie gezwungen sind zu improvisieren, f\u00fchrt das zu ungeahnten Verwicklungen und ruft die Kriminalpolizei auf den Plan \u2026<\/div>\n<\/div>\n<\/div>\n<p>&nbsp;<\/p>\n","protected":false},"excerpt":{"rendered":"<p>Olivia, Johanna und D\u00f6rte aus Nordfriesland beschlie\u00dfen, ihr Leben endlich in die eigene Hand zu nehmen und ihre Tr\u00e4ume wahr werden zu lassen. Der geplanten Selbstverwirklichung steht nur eines im Weg: die angetrauten M\u00e4nner. Da eine Scheidung f\u00fcr alle drei nicht in Frage kommt, finden die Frauen gem\u00e4\u00df der Formel \u00bbbis dass der Tod euch &hellip; <a href=\"https:\/\/gerd-kramer.com\/wordpress\/friesisch-morden\/\" class=\"more-link\"><span class=\"screen-reader-text\">Friesisch morden<\/span> weiterlesen <span class=\"meta-nav\">&rarr;<\/span><\/a><\/p>\n","protected":false},"author":1,"featured_media":0,"parent":0,"menu_order":0,"comment_status":"closed","ping_status":"closed","template":"","meta":{"ngg_post_thumbnail":0},"yoast_head":"<!-- This site is optimized with the Yoast SEO plugin v15.9.2 - https:\/\/yoast.com\/wordpress\/plugins\/seo\/ -->\n<meta name=\"robots\" content=\"index, follow, max-snippet:-1, max-image-preview:large, max-video-preview:-1\" \/>\n<link rel=\"canonical\" href=\"https:\/\/gerd-kramer.com\/wordpress\/friesisch-morden\/\" \/>\n<meta property=\"og:locale\" content=\"de_DE\" \/>\n<meta property=\"og:type\" content=\"article\" \/>\n<meta property=\"og:title\" content=\"Friesisch morden - Gerd Kramer\" \/>\n<meta property=\"og:description\" content=\"Olivia, Johanna und D\u00f6rte aus Nordfriesland beschlie\u00dfen, ihr Leben endlich in die eigene Hand zu nehmen und ihre Tr\u00e4ume wahr werden zu lassen. Der geplanten Selbstverwirklichung steht nur eines im Weg: die angetrauten M\u00e4nner. Da eine Scheidung f\u00fcr alle drei nicht in Frage kommt, finden die Frauen gem\u00e4\u00df der Formel \u00bbbis dass der Tod euch &hellip; Friesisch morden weiterlesen &rarr;\" \/>\n<meta property=\"og:url\" content=\"https:\/\/gerd-kramer.com\/wordpress\/friesisch-morden\/\" \/>\n<meta property=\"og:site_name\" content=\"Gerd Kramer\" \/>\n<meta property=\"article:modified_time\" content=\"2022-08-31T17:27:31+00:00\" \/>\n<meta property=\"og:image\" content=\"https:\/\/gerd-kramer.com\/wordpress\/wp-content\/uploads\/2021\/12\/0001-180x300.jpg\" \/>\n<meta name=\"twitter:card\" content=\"summary_large_image\" \/>\n<meta name=\"twitter:label1\" content=\"Gesch\u00e4tzte Lesezeit\">\n\t<meta name=\"twitter:data1\" content=\"1 Minute\">\n<script type=\"application\/ld+json\" class=\"yoast-schema-graph\">{\"@context\":\"https:\/\/schema.org\",\"@graph\":[{\"@type\":\"WebSite\",\"@id\":\"https:\/\/gerd-kramer.com\/wordpress\/#website\",\"url\":\"https:\/\/gerd-kramer.com\/wordpress\/\",\"name\":\"Gerd Kramer\",\"description\":\"Autor\",\"potentialAction\":[{\"@type\":\"SearchAction\",\"target\":\"https:\/\/gerd-kramer.com\/wordpress\/?s={search_term_string}\",\"query-input\":\"required name=search_term_string\"}],\"inLanguage\":\"de-DE\"},{\"@type\":\"ImageObject\",\"@id\":\"https:\/\/gerd-kramer.com\/wordpress\/friesisch-morden\/#primaryimage\",\"inLanguage\":\"de-DE\",\"url\":\"https:\/\/gerd-kramer.com\/wordpress\/wp-content\/uploads\/2021\/12\/0001.jpg\",\"width\":1418,\"height\":2363},{\"@type\":\"WebPage\",\"@id\":\"https:\/\/gerd-kramer.com\/wordpress\/friesisch-morden\/#webpage\",\"url\":\"https:\/\/gerd-kramer.com\/wordpress\/friesisch-morden\/\",\"name\":\"Friesisch morden - Gerd Kramer\",\"isPartOf\":{\"@id\":\"https:\/\/gerd-kramer.com\/wordpress\/#website\"},\"primaryImageOfPage\":{\"@id\":\"https:\/\/gerd-kramer.com\/wordpress\/friesisch-morden\/#primaryimage\"},\"datePublished\":\"2021-12-28T12:53:35+00:00\",\"dateModified\":\"2022-08-31T17:27:31+00:00\",\"breadcrumb\":{\"@id\":\"https:\/\/gerd-kramer.com\/wordpress\/friesisch-morden\/#breadcrumb\"},\"inLanguage\":\"de-DE\",\"potentialAction\":[{\"@type\":\"ReadAction\",\"target\":[\"https:\/\/gerd-kramer.com\/wordpress\/friesisch-morden\/\"]}]},{\"@type\":\"BreadcrumbList\",\"@id\":\"https:\/\/gerd-kramer.com\/wordpress\/friesisch-morden\/#breadcrumb\",\"itemListElement\":[{\"@type\":\"ListItem\",\"position\":1,\"item\":{\"@type\":\"WebPage\",\"@id\":\"https:\/\/gerd-kramer.com\/wordpress\/\",\"url\":\"https:\/\/gerd-kramer.com\/wordpress\/\",\"name\":\"Home\"}},{\"@type\":\"ListItem\",\"position\":2,\"item\":{\"@type\":\"WebPage\",\"@id\":\"https:\/\/gerd-kramer.com\/wordpress\/friesisch-morden\/\",\"url\":\"https:\/\/gerd-kramer.com\/wordpress\/friesisch-morden\/\",\"name\":\"Friesisch morden\"}}]}]}<\/script>\n<!-- \/ Yoast SEO plugin. -->","_links":{"self":[{"href":"https:\/\/gerd-kramer.com\/wordpress\/wp-json\/wp\/v2\/pages\/2235"}],"collection":[{"href":"https:\/\/gerd-kramer.com\/wordpress\/wp-json\/wp\/v2\/pages"}],"about":[{"href":"https:\/\/gerd-kramer.com\/wordpress\/wp-json\/wp\/v2\/types\/page"}],"author":[{"embeddable":true,"href":"https:\/\/gerd-kramer.com\/wordpress\/wp-json\/wp\/v2\/users\/1"}],"replies":[{"embeddable":true,"href":"https:\/\/gerd-kramer.com\/wordpress\/wp-json\/wp\/v2\/comments?post=2235"}],"version-history":[{"count":5,"href":"https:\/\/gerd-kramer.com\/wordpress\/wp-json\/wp\/v2\/pages\/2235\/revisions"}],"predecessor-version":[{"id":2318,"href":"https:\/\/gerd-kramer.com\/wordpress\/wp-json\/wp\/v2\/pages\/2235\/revisions\/2318"}],"wp:attachment":[{"href":"https:\/\/gerd-kramer.com\/wordpress\/wp-json\/wp\/v2\/media?parent=2235"}],"curies":[{"name":"wp","href":"https:\/\/api.w.org\/{rel}","templated":true}]}}