{"id":2198,"date":"2021-05-30T06:28:54","date_gmt":"2021-05-30T06:28:54","guid":{"rendered":"https:\/\/gerd-kramer.com\/wordpress\/?page_id=2198"},"modified":"2021-05-30T06:28:54","modified_gmt":"2021-05-30T06:28:54","slug":"der-himmel-ueber-nordfriesland","status":"publish","type":"page","link":"https:\/\/gerd-kramer.com\/wordpress\/der-himmel-ueber-nordfriesland\/","title":{"rendered":"Der Himmel \u00fcber Nordfriesland"},"content":{"rendered":"<p><img loading=\"lazy\" class=\"alignnone size-medium wp-image-2199\" src=\"https:\/\/gerd-kramer.com\/wordpress\/wp-content\/uploads\/2021\/05\/Cover_zugeschnitten_klein-300x290.jpg\" alt=\"\" width=\"300\" height=\"290\" srcset=\"https:\/\/gerd-kramer.com\/wordpress\/wp-content\/uploads\/2021\/05\/Cover_zugeschnitten_klein-300x290.jpg 300w, https:\/\/gerd-kramer.com\/wordpress\/wp-content\/uploads\/2021\/05\/Cover_zugeschnitten_klein-1024x990.jpg 1024w, https:\/\/gerd-kramer.com\/wordpress\/wp-content\/uploads\/2021\/05\/Cover_zugeschnitten_klein-768x742.jpg 768w, https:\/\/gerd-kramer.com\/wordpress\/wp-content\/uploads\/2021\/05\/Cover_zugeschnitten_klein-24x24.jpg 24w, https:\/\/gerd-kramer.com\/wordpress\/wp-content\/uploads\/2021\/05\/Cover_zugeschnitten_klein-36x36.jpg 36w, https:\/\/gerd-kramer.com\/wordpress\/wp-content\/uploads\/2021\/05\/Cover_zugeschnitten_klein-48x46.jpg 48w, https:\/\/gerd-kramer.com\/wordpress\/wp-content\/uploads\/2021\/05\/Cover_zugeschnitten_klein.jpg 1438w\" sizes=\"(max-width: 300px) 100vw, 300px\" \/><\/p>\n<p><strong>T\u00f6dliches Watt<\/strong><br \/>\nDie Husumer Polizei verfolgt die Spur eines T\u00e4ters, der seine Opfer entf\u00fchrt und im Watt eingr\u00e4bt, damit sie beim Anblick des Sternenhimmels einen qualvollen Tod erleiden. Gleichzeitig h\u00e4ufen sich in Nordfriesland mysteri\u00f6se Ereignisse: Ein Kornkreis wird gesichtet, und geisterhaftes Glockenl\u00e4uten hallt \u00fcber das Meer. Als auch noch Stimmen aus dem Jenseits ert\u00f6nen, ist Leon Gerbers absolutes Geh\u00f6r gefragt.<\/p>\n","protected":false},"excerpt":{"rendered":"<p>T\u00f6dliches Watt Die Husumer Polizei verfolgt die Spur eines T\u00e4ters, der seine Opfer entf\u00fchrt und im Watt eingr\u00e4bt, damit sie beim Anblick des Sternenhimmels einen qualvollen Tod erleiden. Gleichzeitig h\u00e4ufen sich in Nordfriesland mysteri\u00f6se Ereignisse: Ein Kornkreis wird gesichtet, und geisterhaftes Glockenl\u00e4uten hallt \u00fcber das Meer. Als auch noch Stimmen aus dem Jenseits ert\u00f6nen, ist &hellip; <a href=\"https:\/\/gerd-kramer.com\/wordpress\/der-himmel-ueber-nordfriesland\/\" class=\"more-link\"><span class=\"screen-reader-text\">Der Himmel \u00fcber Nordfriesland<\/span> weiterlesen <span class=\"meta-nav\">&rarr;<\/span><\/a><\/p>\n","protected":false},"author":1,"featured_media":0,"parent":0,"menu_order":0,"comment_status":"closed","ping_status":"closed","template":"","meta":{"ngg_post_thumbnail":0},"yoast_head":"<!-- This site is optimized with the Yoast SEO plugin v15.9.2 - https:\/\/yoast.com\/wordpress\/plugins\/seo\/ -->\n<meta name=\"robots\" content=\"index, follow, max-snippet:-1, max-image-preview:large, max-video-preview:-1\" \/>\n<link rel=\"canonical\" href=\"https:\/\/gerd-kramer.com\/wordpress\/der-himmel-ueber-nordfriesland\/\" \/>\n<meta property=\"og:locale\" content=\"de_DE\" \/>\n<meta property=\"og:type\" content=\"article\" \/>\n<meta property=\"og:title\" content=\"Der Himmel \u00fcber Nordfriesland - Gerd Kramer\" \/>\n<meta property=\"og:description\" content=\"T\u00f6dliches Watt Die Husumer Polizei verfolgt die Spur eines T\u00e4ters, der seine Opfer entf\u00fchrt und im Watt eingr\u00e4bt, damit sie beim Anblick des Sternenhimmels einen qualvollen Tod erleiden. Gleichzeitig h\u00e4ufen sich in Nordfriesland mysteri\u00f6se Ereignisse: Ein Kornkreis wird gesichtet, und geisterhaftes Glockenl\u00e4uten hallt \u00fcber das Meer. Als auch noch Stimmen aus dem Jenseits ert\u00f6nen, ist &hellip; Der Himmel \u00fcber Nordfriesland weiterlesen &rarr;\" \/>\n<meta property=\"og:url\" content=\"https:\/\/gerd-kramer.com\/wordpress\/der-himmel-ueber-nordfriesland\/\" \/>\n<meta property=\"og:site_name\" content=\"Gerd Kramer\" \/>\n<meta property=\"og:image\" content=\"https:\/\/gerd-kramer.com\/wordpress\/wp-content\/uploads\/2021\/05\/Cover_zugeschnitten_klein-300x290.jpg\" \/>\n<meta name=\"twitter:card\" content=\"summary_large_image\" \/>\n<meta name=\"twitter:label1\" content=\"Gesch\u00e4tzte Lesezeit\">\n\t<meta name=\"twitter:data1\" content=\"1 Minute\">\n<script type=\"application\/ld+json\" class=\"yoast-schema-graph\">{\"@context\":\"https:\/\/schema.org\",\"@graph\":[{\"@type\":\"WebSite\",\"@id\":\"https:\/\/gerd-kramer.com\/wordpress\/#website\",\"url\":\"https:\/\/gerd-kramer.com\/wordpress\/\",\"name\":\"Gerd Kramer\",\"description\":\"Autor\",\"potentialAction\":[{\"@type\":\"SearchAction\",\"target\":\"https:\/\/gerd-kramer.com\/wordpress\/?s={search_term_string}\",\"query-input\":\"required name=search_term_string\"}],\"inLanguage\":\"de-DE\"},{\"@type\":\"ImageObject\",\"@id\":\"https:\/\/gerd-kramer.com\/wordpress\/der-himmel-ueber-nordfriesland\/#primaryimage\",\"inLanguage\":\"de-DE\",\"url\":\"https:\/\/gerd-kramer.com\/wordpress\/wp-content\/uploads\/2021\/05\/Cover_zugeschnitten_klein.jpg\",\"width\":1438,\"height\":1390},{\"@type\":\"WebPage\",\"@id\":\"https:\/\/gerd-kramer.com\/wordpress\/der-himmel-ueber-nordfriesland\/#webpage\",\"url\":\"https:\/\/gerd-kramer.com\/wordpress\/der-himmel-ueber-nordfriesland\/\",\"name\":\"Der Himmel \\u00fcber Nordfriesland - Gerd Kramer\",\"isPartOf\":{\"@id\":\"https:\/\/gerd-kramer.com\/wordpress\/#website\"},\"primaryImageOfPage\":{\"@id\":\"https:\/\/gerd-kramer.com\/wordpress\/der-himmel-ueber-nordfriesland\/#primaryimage\"},\"datePublished\":\"2021-05-30T06:28:54+00:00\",\"dateModified\":\"2021-05-30T06:28:54+00:00\",\"breadcrumb\":{\"@id\":\"https:\/\/gerd-kramer.com\/wordpress\/der-himmel-ueber-nordfriesland\/#breadcrumb\"},\"inLanguage\":\"de-DE\",\"potentialAction\":[{\"@type\":\"ReadAction\",\"target\":[\"https:\/\/gerd-kramer.com\/wordpress\/der-himmel-ueber-nordfriesland\/\"]}]},{\"@type\":\"BreadcrumbList\",\"@id\":\"https:\/\/gerd-kramer.com\/wordpress\/der-himmel-ueber-nordfriesland\/#breadcrumb\",\"itemListElement\":[{\"@type\":\"ListItem\",\"position\":1,\"item\":{\"@type\":\"WebPage\",\"@id\":\"https:\/\/gerd-kramer.com\/wordpress\/\",\"url\":\"https:\/\/gerd-kramer.com\/wordpress\/\",\"name\":\"Home\"}},{\"@type\":\"ListItem\",\"position\":2,\"item\":{\"@type\":\"WebPage\",\"@id\":\"https:\/\/gerd-kramer.com\/wordpress\/der-himmel-ueber-nordfriesland\/\",\"url\":\"https:\/\/gerd-kramer.com\/wordpress\/der-himmel-ueber-nordfriesland\/\",\"name\":\"Der Himmel \\u00fcber Nordfriesland\"}}]}]}<\/script>\n<!-- \/ Yoast SEO plugin. -->","_links":{"self":[{"href":"https:\/\/gerd-kramer.com\/wordpress\/wp-json\/wp\/v2\/pages\/2198"}],"collection":[{"href":"https:\/\/gerd-kramer.com\/wordpress\/wp-json\/wp\/v2\/pages"}],"about":[{"href":"https:\/\/gerd-kramer.com\/wordpress\/wp-json\/wp\/v2\/types\/page"}],"author":[{"embeddable":true,"href":"https:\/\/gerd-kramer.com\/wordpress\/wp-json\/wp\/v2\/users\/1"}],"replies":[{"embeddable":true,"href":"https:\/\/gerd-kramer.com\/wordpress\/wp-json\/wp\/v2\/comments?post=2198"}],"version-history":[{"count":1,"href":"https:\/\/gerd-kramer.com\/wordpress\/wp-json\/wp\/v2\/pages\/2198\/revisions"}],"predecessor-version":[{"id":2200,"href":"https:\/\/gerd-kramer.com\/wordpress\/wp-json\/wp\/v2\/pages\/2198\/revisions\/2200"}],"wp:attachment":[{"href":"https:\/\/gerd-kramer.com\/wordpress\/wp-json\/wp\/v2\/media?parent=2198"}],"curies":[{"name":"wp","href":"https:\/\/api.w.org\/{rel}","templated":true}]}}