{"id":2155,"date":"2021-02-06T07:53:04","date_gmt":"2021-02-06T07:53:04","guid":{"rendered":"https:\/\/gerd-kramer.com\/wordpress\/?page_id=2155"},"modified":"2021-02-10T09:32:37","modified_gmt":"2021-02-10T09:32:37","slug":"schroeders-hund-ist-tot","status":"publish","type":"page","link":"https:\/\/gerd-kramer.com\/wordpress\/schroeders-hund-ist-tot\/","title":{"rendered":"Schr\u00f6ders Hund ist tot"},"content":{"rendered":"<p><a href=\"https:\/\/www.amazon.de\/Schr%C3%B6ders-Hund-ist-tot-Universum\/dp\/B08VWY9Z3F\/ref=pd_rhf_gw_p_img_2?_encoding=UTF8&amp;psc=1&amp;refRID=GWX4Y39KHRW70JEY8NEV\"><img loading=\"lazy\" class=\"alignnone wp-image-2141 size-medium\" src=\"https:\/\/gerd-kramer.com\/wordpress\/wp-content\/uploads\/2021\/02\/Cover_front-1-212x300.jpg\" alt=\"\" width=\"212\" height=\"300\" srcset=\"https:\/\/gerd-kramer.com\/wordpress\/wp-content\/uploads\/2021\/02\/Cover_front-1-212x300.jpg 212w, https:\/\/gerd-kramer.com\/wordpress\/wp-content\/uploads\/2021\/02\/Cover_front-1-725x1024.jpg 725w, https:\/\/gerd-kramer.com\/wordpress\/wp-content\/uploads\/2021\/02\/Cover_front-1-768x1085.jpg 768w, https:\/\/gerd-kramer.com\/wordpress\/wp-content\/uploads\/2021\/02\/Cover_front-1-1087x1536.jpg 1087w, https:\/\/gerd-kramer.com\/wordpress\/wp-content\/uploads\/2021\/02\/Cover_front-1-1449x2048.jpg 1449w, https:\/\/gerd-kramer.com\/wordpress\/wp-content\/uploads\/2021\/02\/Cover_front-1-17x24.jpg 17w, https:\/\/gerd-kramer.com\/wordpress\/wp-content\/uploads\/2021\/02\/Cover_front-1-25x36.jpg 25w, https:\/\/gerd-kramer.com\/wordpress\/wp-content\/uploads\/2021\/02\/Cover_front-1-34x48.jpg 34w, https:\/\/gerd-kramer.com\/wordpress\/wp-content\/uploads\/2021\/02\/Cover_front-1.jpg 1745w\" sizes=\"(max-width: 212px) 100vw, 212px\" \/><\/a><\/p>\n<p><a href=\"https:\/\/www.amazon.de\/Schr%C3%B6ders-Hund-ist-tot-Universum\/dp\/B08VWY9Z3F\/ref=pd_rhf_gw_p_img_2?_encoding=UTF8&amp;psc=1&amp;refRID=GWX4Y39KHRW70JEY8NEV\" target=\"_blank\" rel=\"noopener noreferrer\">Erh\u00e4ltlich bei Amazon<\/a><\/p>\n<p><strong>Klappentext:<br \/>\n<\/strong>Der Physiker Dennis Kluge ist der geniale Kopf einer Firma, deren Motto \u00bbWir l\u00f6sen (fast) jedes Problem\u00ab lautet. Er und sein Gesch\u00e4ftspartner Dietrich Dietrichsen erhalten erste Auftr\u00e4ge. Sie klonen einen Pudel und entwickeln eine App, die die Treue des Ehepartners pr\u00fcft. Doch bald werden sie mit wesentlich gr\u00f6\u00dferen Herausforderungen konfrontiert. W\u00e4hrend Dietrichsen und Kluge versuchen, die Auftr\u00e4ge zur Zufriedenheit ihrer Kunden abzuwickeln, kommt es zu ungeahnten Verstrickungen und Turbulenzen. Sogar die Kriminalpolizei tritt auf den Plan und bezichtigt sie des Mordes.<\/p>\n<p><strong>Was erwartet den Leser?<\/strong><br \/>\nEinen humorvollen Roman rund um Quantenphysik und Kosmologie.<\/p>\n<p><strong>Physikalische Themen, die behandelt werden:<\/strong><br \/>\nZeitdilatation, Gravitation, Gravitationswellen, Gravitationslinsen, Dunkle Materie, Dunkle Energie, Entropie, Theorie des Multiversums, Raum, Zeit, Raumzeit, Schwarze L\u00f6cher, Wurml\u00f6cher, Urknall, Blockuniversum, Holografisches Universum, extraterrestrische Intelligenz, das Ende des Universums.<\/p>\n<p>Verschr\u00e4nkung, QuBits, Schr\u00f6dingers Katze, Tachyonen, Stringtheorie, das Wesen der Realit\u00e4t, Kopenhagener Deutung, Viele-Welten-Interpretation.<\/p>\n","protected":false},"excerpt":{"rendered":"<p>Erh\u00e4ltlich bei Amazon Klappentext: Der Physiker Dennis Kluge ist der geniale Kopf einer Firma, deren Motto \u00bbWir l\u00f6sen (fast) jedes Problem\u00ab lautet. Er und sein Gesch\u00e4ftspartner Dietrich Dietrichsen erhalten erste Auftr\u00e4ge. Sie klonen einen Pudel und entwickeln eine App, die die Treue des Ehepartners pr\u00fcft. Doch bald werden sie mit wesentlich gr\u00f6\u00dferen Herausforderungen konfrontiert. W\u00e4hrend &hellip; <a href=\"https:\/\/gerd-kramer.com\/wordpress\/schroeders-hund-ist-tot\/\" class=\"more-link\"><span class=\"screen-reader-text\">Schr\u00f6ders Hund ist tot<\/span> weiterlesen <span class=\"meta-nav\">&rarr;<\/span><\/a><\/p>\n","protected":false},"author":1,"featured_media":0,"parent":0,"menu_order":0,"comment_status":"closed","ping_status":"closed","template":"","meta":{"ngg_post_thumbnail":0},"yoast_head":"<!-- This site is optimized with the Yoast SEO plugin v15.9.2 - https:\/\/yoast.com\/wordpress\/plugins\/seo\/ -->\n<meta name=\"robots\" content=\"index, follow, max-snippet:-1, max-image-preview:large, max-video-preview:-1\" \/>\n<link rel=\"canonical\" href=\"https:\/\/gerd-kramer.com\/wordpress\/schroeders-hund-ist-tot\/\" \/>\n<meta property=\"og:locale\" content=\"de_DE\" \/>\n<meta property=\"og:type\" content=\"article\" \/>\n<meta property=\"og:title\" content=\"Schr\u00f6ders Hund ist tot - Gerd Kramer\" \/>\n<meta property=\"og:description\" content=\"Erh\u00e4ltlich bei Amazon Klappentext: Der Physiker Dennis Kluge ist der geniale Kopf einer Firma, deren Motto \u00bbWir l\u00f6sen (fast) jedes Problem\u00ab lautet. Er und sein Gesch\u00e4ftspartner Dietrich Dietrichsen erhalten erste Auftr\u00e4ge. Sie klonen einen Pudel und entwickeln eine App, die die Treue des Ehepartners pr\u00fcft. Doch bald werden sie mit wesentlich gr\u00f6\u00dferen Herausforderungen konfrontiert. W\u00e4hrend &hellip; Schr\u00f6ders Hund ist tot weiterlesen &rarr;\" \/>\n<meta property=\"og:url\" content=\"https:\/\/gerd-kramer.com\/wordpress\/schroeders-hund-ist-tot\/\" \/>\n<meta property=\"og:site_name\" content=\"Gerd Kramer\" \/>\n<meta property=\"article:modified_time\" content=\"2021-02-10T09:32:37+00:00\" \/>\n<meta property=\"og:image\" content=\"https:\/\/gerd-kramer.com\/wordpress\/wp-content\/uploads\/2021\/02\/Cover_front-1-212x300.jpg\" \/>\n<meta name=\"twitter:card\" content=\"summary_large_image\" \/>\n<meta name=\"twitter:label1\" content=\"Gesch\u00e4tzte Lesezeit\">\n\t<meta name=\"twitter:data1\" content=\"1 Minute\">\n<script type=\"application\/ld+json\" class=\"yoast-schema-graph\">{\"@context\":\"https:\/\/schema.org\",\"@graph\":[{\"@type\":\"WebSite\",\"@id\":\"https:\/\/gerd-kramer.com\/wordpress\/#website\",\"url\":\"https:\/\/gerd-kramer.com\/wordpress\/\",\"name\":\"Gerd Kramer\",\"description\":\"Autor\",\"potentialAction\":[{\"@type\":\"SearchAction\",\"target\":\"https:\/\/gerd-kramer.com\/wordpress\/?s={search_term_string}\",\"query-input\":\"required name=search_term_string\"}],\"inLanguage\":\"de-DE\"},{\"@type\":\"ImageObject\",\"@id\":\"https:\/\/gerd-kramer.com\/wordpress\/schroeders-hund-ist-tot\/#primaryimage\",\"inLanguage\":\"de-DE\",\"url\":\"https:\/\/gerd-kramer.com\/wordpress\/wp-content\/uploads\/2021\/02\/Cover_front-1.jpg\",\"width\":1745,\"height\":2466},{\"@type\":\"WebPage\",\"@id\":\"https:\/\/gerd-kramer.com\/wordpress\/schroeders-hund-ist-tot\/#webpage\",\"url\":\"https:\/\/gerd-kramer.com\/wordpress\/schroeders-hund-ist-tot\/\",\"name\":\"Schr\\u00f6ders Hund ist tot - Gerd Kramer\",\"isPartOf\":{\"@id\":\"https:\/\/gerd-kramer.com\/wordpress\/#website\"},\"primaryImageOfPage\":{\"@id\":\"https:\/\/gerd-kramer.com\/wordpress\/schroeders-hund-ist-tot\/#primaryimage\"},\"datePublished\":\"2021-02-06T07:53:04+00:00\",\"dateModified\":\"2021-02-10T09:32:37+00:00\",\"breadcrumb\":{\"@id\":\"https:\/\/gerd-kramer.com\/wordpress\/schroeders-hund-ist-tot\/#breadcrumb\"},\"inLanguage\":\"de-DE\",\"potentialAction\":[{\"@type\":\"ReadAction\",\"target\":[\"https:\/\/gerd-kramer.com\/wordpress\/schroeders-hund-ist-tot\/\"]}]},{\"@type\":\"BreadcrumbList\",\"@id\":\"https:\/\/gerd-kramer.com\/wordpress\/schroeders-hund-ist-tot\/#breadcrumb\",\"itemListElement\":[{\"@type\":\"ListItem\",\"position\":1,\"item\":{\"@type\":\"WebPage\",\"@id\":\"https:\/\/gerd-kramer.com\/wordpress\/\",\"url\":\"https:\/\/gerd-kramer.com\/wordpress\/\",\"name\":\"Home\"}},{\"@type\":\"ListItem\",\"position\":2,\"item\":{\"@type\":\"WebPage\",\"@id\":\"https:\/\/gerd-kramer.com\/wordpress\/schroeders-hund-ist-tot\/\",\"url\":\"https:\/\/gerd-kramer.com\/wordpress\/schroeders-hund-ist-tot\/\",\"name\":\"Schr\\u00f6ders Hund ist tot\"}}]}]}<\/script>\n<!-- \/ Yoast SEO plugin. -->","_links":{"self":[{"href":"https:\/\/gerd-kramer.com\/wordpress\/wp-json\/wp\/v2\/pages\/2155"}],"collection":[{"href":"https:\/\/gerd-kramer.com\/wordpress\/wp-json\/wp\/v2\/pages"}],"about":[{"href":"https:\/\/gerd-kramer.com\/wordpress\/wp-json\/wp\/v2\/types\/page"}],"author":[{"embeddable":true,"href":"https:\/\/gerd-kramer.com\/wordpress\/wp-json\/wp\/v2\/users\/1"}],"replies":[{"embeddable":true,"href":"https:\/\/gerd-kramer.com\/wordpress\/wp-json\/wp\/v2\/comments?post=2155"}],"version-history":[{"count":5,"href":"https:\/\/gerd-kramer.com\/wordpress\/wp-json\/wp\/v2\/pages\/2155\/revisions"}],"predecessor-version":[{"id":2191,"href":"https:\/\/gerd-kramer.com\/wordpress\/wp-json\/wp\/v2\/pages\/2155\/revisions\/2191"}],"wp:attachment":[{"href":"https:\/\/gerd-kramer.com\/wordpress\/wp-json\/wp\/v2\/media?parent=2155"}],"curies":[{"name":"wp","href":"https:\/\/api.w.org\/{rel}","templated":true}]}}