{"id":18,"date":"2014-08-06T08:01:24","date_gmt":"2014-08-06T08:01:24","guid":{"rendered":"http:\/\/gkhp1875.apps-1and1.net\/?page_id=18"},"modified":"2020-11-26T13:40:12","modified_gmt":"2020-11-26T13:40:12","slug":"das-vernetzte-universum","status":"publish","type":"page","link":"https:\/\/gerd-kramer.com\/wordpress\/das-vernetzte-universum\/","title":{"rendered":"Das vernetzte Universum"},"content":{"rendered":"<figure id=\"attachment_208\" aria-describedby=\"caption-attachment-208\" style=\"width: 217px\" class=\"wp-caption alignleft\"><a href=\"https:\/\/gerd-kramer.com\/wordpress\/wp-content\/uploads\/2014\/08\/CoverMitRand_Vernetzte3-1.jpg\"><img loading=\"lazy\" class=\"wp-image-208 size-full\" src=\"https:\/\/gerd-kramer.com\/wordpress\/wp-content\/uploads\/2014\/08\/CoverMitRand_Vernetzte3-1.jpg\" alt=\"CoverMitRand_Vernetzte\" width=\"217\" height=\"274\"><\/a><figcaption id=\"caption-attachment-208\" class=\"wp-caption-text\">Print, H\u00f6rbuch, E-Book<\/figcaption><\/figure>\n<p><strong>Klap<\/strong><strong>pentext:<\/strong> Bereits Platon wies in seinem H\u00f6hlengleichnis darauf hin, dass die von uns erlebte Welt nur ein Schatten der Wirklichkeit sein k\u00f6nnte. Die moderne Wissenschaft best\u00e4tigt diese Auffassung. Sven Martens ist \u00fcberzeugt, dass er mithilfe der luziden Traumtechnik in eine \u00fcbergeordnete Realit\u00e4t vordringen kann. Auf der Suche nach der Wahrheit und nach Erkl\u00e4rungen f\u00fcr schicksalhafte Ereignisse, wie den Tod seiner Eltern durch einen Flugzeugabsturz, trifft er auf die Biologiestudentin Susanne Wegener. Die beiden beobachten mysteri\u00f6se Vorg\u00e4nge in der Natur. Steckt eine erkl\u00e4rbare Ursache oder gar ein tieferer Sinn dahinter, oder sind sie das Ergebnis unglaublicher Zuf\u00e4lle? Susanne und Sven geraten in Gefahr, als eine verbrecherische Organisation auf Svens Erkenntnisse aufmerksam wird.<br \/>\n<strong><em>Sieben-Verlag 2014<\/em><\/strong><\/p>\n<p>Erh\u00e4ltlich in allen Buchhandlungen oder bei<a title=\"Das vernetzte Universum\" href=\"http:\/\/www.amazon.de\/Das-vernetzte-Universum-Gerd-Kramer\/dp\/3864433843\/ref=tmm_other_meta_binding_title_0\" target=\"_blank\" rel=\"noopener noreferrer\"> Amazon<\/a>.<\/p>\n<p><strong>Was die Leser erwartet:<\/strong> Ein Thriller um die geheimnisvollen Zusammenh\u00e4nge zwischen Geist, Materie und Kosmos &#8211; zwischen Fiktion und Realit\u00e4t.<br \/>\nRoman \u00fcber Klartr\u00e4ume&nbsp;(luzide Tr\u00e4ume), Welterkenntnis und das Wesen der Realit\u00e4t.<\/p>\n<p><strong>Erschienen im Oktober 2014 im Sieben Verlag.<\/strong><\/p>\n<p><strong>Literatur zum Roman:<br \/>\n<\/strong>[1] Tele-Akademie, Ulrich Warnke \u201eInformation und Energie \u2013 die Grundbausteine des Lebens&#8220;, Sendung vom 18.12.2011.<br \/>\n[2] Rupert Sheldrake, \u201eDas Ged\u00e4chtnis der Natur&#8220;, Verlag Scherz, 8. Auf- Lage der Sonderauflage 2000<br \/>\n[3] Thomas G\u00f6rnitz, Brigitte G\u00f6rnitz, \u201eGeist und Materie aus Quanteninfor mation&#8220;, Verlag Spektrum, 1. Auflage 2007<br \/>\n[4] \u201eIst das Universum ein Computer?&#8220;, Spektrum der Wissenschaft, Januar 2005, Seth Lloyd und Y. Jack Ng<br \/>\n[5] Ulrich Warnke, \u201eQuanten-Philosophie und Spiritualit\u00e4t&#8220;, \u201eDer Schl\u00fcssel zu den Geheimnissen des menschlichen Seins&#8220;, Scorpio Verlag, 2. &nbsp;Auflage 2011<br \/>\n[6] \u201eWood Wide Web, das intelligente Netz der Pflanzen&#8220;, P. M. Magazin<br \/>\n[7] \u201eIntelligente und sensible Pflanzen&#8220;, DRadio Wissen, Beitrag 22.02.2010<br \/>\n[8] Stephen LaBerge, Howard Rheingold, &nbsp;&#8222;Tr\u00e4ume, was du tr\u00e4umen willst: Die Kunst des luziden Tr\u00e4umens&#8220;,&nbsp; mvg Verlag, 2014<\/p>\n<figure id=\"attachment_1048\" aria-describedby=\"caption-attachment-1048\" style=\"width: 474px\" class=\"wp-caption alignnone\"><a href=\"https:\/\/gerd-kramer.com\/wordpress\/wp-content\/uploads\/2014\/08\/IMG_1384-1.jpg\"><img loading=\"lazy\" class=\"wp-image-1048 size-large\" src=\"https:\/\/gerd-kramer.com\/wordpress\/wp-content\/uploads\/2014\/08\/IMG_1384-1-768x1024.jpg\" alt=\"IMG_1384\" width=\"474\" height=\"632\" srcset=\"https:\/\/gerd-kramer.com\/wordpress\/wp-content\/uploads\/2014\/08\/IMG_1384-1-768x1024.jpg 768w, https:\/\/gerd-kramer.com\/wordpress\/wp-content\/uploads\/2014\/08\/IMG_1384-1-225x300.jpg 225w, https:\/\/gerd-kramer.com\/wordpress\/wp-content\/uploads\/2014\/08\/IMG_1384-1.jpg 1024w\" sizes=\"(max-width: 474px) 100vw, 474px\" \/><\/a><figcaption id=\"caption-attachment-1048\" class=\"wp-caption-text\">Das Schloss vor Husum: Der Schlossturm spielt eine geheimnisvolle Rolle.<\/figcaption><\/figure>\n<p>&nbsp;<\/p>\n","protected":false},"excerpt":{"rendered":"<p>Klappentext: Bereits Platon wies in seinem H\u00f6hlengleichnis darauf hin, dass die von uns erlebte Welt nur ein Schatten der Wirklichkeit sein k\u00f6nnte. Die moderne Wissenschaft best\u00e4tigt diese Auffassung. Sven Martens ist \u00fcberzeugt, dass er mithilfe der luziden Traumtechnik in eine \u00fcbergeordnete Realit\u00e4t vordringen kann. Auf der Suche nach der Wahrheit und nach Erkl\u00e4rungen f\u00fcr schicksalhafte &hellip; <a href=\"https:\/\/gerd-kramer.com\/wordpress\/das-vernetzte-universum\/\" class=\"more-link\"><span class=\"screen-reader-text\">Das vernetzte Universum<\/span> weiterlesen <span class=\"meta-nav\">&rarr;<\/span><\/a><\/p>\n","protected":false},"author":1,"featured_media":0,"parent":0,"menu_order":0,"comment_status":"closed","ping_status":"closed","template":"","meta":{"ngg_post_thumbnail":0},"yoast_head":"<!-- This site is optimized with the Yoast SEO plugin v15.9.2 - https:\/\/yoast.com\/wordpress\/plugins\/seo\/ -->\n<meta name=\"robots\" content=\"index, follow, max-snippet:-1, max-image-preview:large, max-video-preview:-1\" \/>\n<link rel=\"canonical\" href=\"https:\/\/gerd-kramer.com\/wordpress\/das-vernetzte-universum\/\" \/>\n<meta property=\"og:locale\" content=\"de_DE\" \/>\n<meta property=\"og:type\" content=\"article\" \/>\n<meta property=\"og:title\" content=\"Das vernetzte Universum - Gerd Kramer\" \/>\n<meta property=\"og:description\" content=\"Klappentext: Bereits Platon wies in seinem H\u00f6hlengleichnis darauf hin, dass die von uns erlebte Welt nur ein Schatten der Wirklichkeit sein k\u00f6nnte. Die moderne Wissenschaft best\u00e4tigt diese Auffassung. Sven Martens ist \u00fcberzeugt, dass er mithilfe der luziden Traumtechnik in eine \u00fcbergeordnete Realit\u00e4t vordringen kann. Auf der Suche nach der Wahrheit und nach Erkl\u00e4rungen f\u00fcr schicksalhafte &hellip; Das vernetzte Universum weiterlesen &rarr;\" \/>\n<meta property=\"og:url\" content=\"https:\/\/gerd-kramer.com\/wordpress\/das-vernetzte-universum\/\" \/>\n<meta property=\"og:site_name\" content=\"Gerd Kramer\" \/>\n<meta property=\"article:modified_time\" content=\"2020-11-26T13:40:12+00:00\" \/>\n<meta property=\"og:image\" content=\"https:\/\/gerd-kramer.com\/wordpress\/wp-content\/uploads\/2014\/08\/CoverMitRand_Vernetzte3-1.jpg\" \/>\n<meta name=\"twitter:card\" content=\"summary_large_image\" \/>\n<meta name=\"twitter:label1\" content=\"Gesch\u00e4tzte Lesezeit\">\n\t<meta name=\"twitter:data1\" content=\"2 Minuten\">\n<script type=\"application\/ld+json\" class=\"yoast-schema-graph\">{\"@context\":\"https:\/\/schema.org\",\"@graph\":[{\"@type\":\"WebSite\",\"@id\":\"https:\/\/gerd-kramer.com\/wordpress\/#website\",\"url\":\"https:\/\/gerd-kramer.com\/wordpress\/\",\"name\":\"Gerd Kramer\",\"description\":\"Autor\",\"potentialAction\":[{\"@type\":\"SearchAction\",\"target\":\"https:\/\/gerd-kramer.com\/wordpress\/?s={search_term_string}\",\"query-input\":\"required name=search_term_string\"}],\"inLanguage\":\"de-DE\"},{\"@type\":\"ImageObject\",\"@id\":\"https:\/\/gerd-kramer.com\/wordpress\/das-vernetzte-universum\/#primaryimage\",\"inLanguage\":\"de-DE\",\"url\":\"https:\/\/gerd-kramer.com\/wordpress\/wp-content\/uploads\/2014\/08\/CoverMitRand_Vernetzte3-1.jpg\",\"width\":217,\"height\":274},{\"@type\":\"WebPage\",\"@id\":\"https:\/\/gerd-kramer.com\/wordpress\/das-vernetzte-universum\/#webpage\",\"url\":\"https:\/\/gerd-kramer.com\/wordpress\/das-vernetzte-universum\/\",\"name\":\"Das vernetzte Universum - Gerd Kramer\",\"isPartOf\":{\"@id\":\"https:\/\/gerd-kramer.com\/wordpress\/#website\"},\"primaryImageOfPage\":{\"@id\":\"https:\/\/gerd-kramer.com\/wordpress\/das-vernetzte-universum\/#primaryimage\"},\"datePublished\":\"2014-08-06T08:01:24+00:00\",\"dateModified\":\"2020-11-26T13:40:12+00:00\",\"breadcrumb\":{\"@id\":\"https:\/\/gerd-kramer.com\/wordpress\/das-vernetzte-universum\/#breadcrumb\"},\"inLanguage\":\"de-DE\",\"potentialAction\":[{\"@type\":\"ReadAction\",\"target\":[\"https:\/\/gerd-kramer.com\/wordpress\/das-vernetzte-universum\/\"]}]},{\"@type\":\"BreadcrumbList\",\"@id\":\"https:\/\/gerd-kramer.com\/wordpress\/das-vernetzte-universum\/#breadcrumb\",\"itemListElement\":[{\"@type\":\"ListItem\",\"position\":1,\"item\":{\"@type\":\"WebPage\",\"@id\":\"https:\/\/gerd-kramer.com\/wordpress\/\",\"url\":\"https:\/\/gerd-kramer.com\/wordpress\/\",\"name\":\"Home\"}},{\"@type\":\"ListItem\",\"position\":2,\"item\":{\"@type\":\"WebPage\",\"@id\":\"https:\/\/gerd-kramer.com\/wordpress\/das-vernetzte-universum\/\",\"url\":\"https:\/\/gerd-kramer.com\/wordpress\/das-vernetzte-universum\/\",\"name\":\"Das vernetzte Universum\"}}]}]}<\/script>\n<!-- \/ Yoast SEO plugin. -->","_links":{"self":[{"href":"https:\/\/gerd-kramer.com\/wordpress\/wp-json\/wp\/v2\/pages\/18"}],"collection":[{"href":"https:\/\/gerd-kramer.com\/wordpress\/wp-json\/wp\/v2\/pages"}],"about":[{"href":"https:\/\/gerd-kramer.com\/wordpress\/wp-json\/wp\/v2\/types\/page"}],"author":[{"embeddable":true,"href":"https:\/\/gerd-kramer.com\/wordpress\/wp-json\/wp\/v2\/users\/1"}],"replies":[{"embeddable":true,"href":"https:\/\/gerd-kramer.com\/wordpress\/wp-json\/wp\/v2\/comments?post=18"}],"version-history":[{"count":2,"href":"https:\/\/gerd-kramer.com\/wordpress\/wp-json\/wp\/v2\/pages\/18\/revisions"}],"predecessor-version":[{"id":2120,"href":"https:\/\/gerd-kramer.com\/wordpress\/wp-json\/wp\/v2\/pages\/18\/revisions\/2120"}],"wp:attachment":[{"href":"https:\/\/gerd-kramer.com\/wordpress\/wp-json\/wp\/v2\/media?parent=18"}],"curies":[{"name":"wp","href":"https:\/\/api.w.org\/{rel}","templated":true}]}}