{"id":1769,"date":"2014-08-17T11:36:53","date_gmt":"2014-08-17T11:36:53","guid":{"rendered":"https:\/\/gerd-kramer.com\/?page_id=1021"},"modified":"2014-08-17T11:36:53","modified_gmt":"2014-08-17T11:36:53","slug":"zeppelin","status":"publish","type":"page","link":"https:\/\/gerd-kramer.com\/wordpress\/zeppelin\/","title":{"rendered":"Zeppelin"},"content":{"rendered":"<table style=\"height: 485px;\" width=\"501\">\n<tbody>\n<tr>\n<td>\n<p><figure id=\"attachment_1022\" aria-describedby=\"caption-attachment-1022\" style=\"width: 240px\" class=\"wp-caption aligncenter\"><a href=\"https:\/\/gerd-kramer.com\/wordpress\/wp-content\/uploads\/2014\/08\/Zeppelin_k-1.jpg\"><img loading=\"lazy\" class=\"wp-image-1022\" src=\"https:\/\/gerd-kramer.com\/wordpress\/wp-content\/uploads\/2014\/08\/Zeppelin_k-1.jpg\" alt=\"Zeppelin_k\" width=\"240\" height=\"180\" \/><\/a><figcaption id=\"caption-attachment-1022\" class=\"wp-caption-text\">Der Rhein<\/figcaption><\/figure><\/td>\n<td>\n<p><figure id=\"attachment_1023\" aria-describedby=\"caption-attachment-1023\" style=\"width: 240px\" class=\"wp-caption aligncenter\"><a href=\"https:\/\/gerd-kramer.com\/wordpress\/wp-content\/uploads\/2014\/08\/ZeppelinD_k-1.jpg\"><img loading=\"lazy\" class=\"wp-image-1023\" src=\"https:\/\/gerd-kramer.com\/wordpress\/wp-content\/uploads\/2014\/08\/ZeppelinD_k-1.jpg\" alt=\"ZeppelinD_k\" width=\"240\" height=\"180\" \/><\/a><figcaption id=\"caption-attachment-1023\" class=\"wp-caption-text\">K\u00f6lner Dom und Bahnhof<\/figcaption><\/figure><\/td>\n<\/tr>\n<tr>\n<td>\u00a0<a href=\"https:\/\/gerd-kramer.com\/wordpress\/wp-content\/uploads\/2014\/08\/ZeppelinA_k-1-1.jpg\"><img loading=\"lazy\" class=\"aligncenter wp-image-1024\" src=\"https:\/\/gerd-kramer.com\/wordpress\/wp-content\/uploads\/2014\/08\/ZeppelinA_k-1-1.jpg\" alt=\"ZeppelinA_k\" width=\"240\" height=\"180\" \/><\/a><\/td>\n<td>\n<p align=\"JUSTIFY\">Flug mit dem gr\u00f6\u00dften Zeppelin der Welt. Der Zeppelin NT ist der einzige Luftschiff-Typ, der eine starre Innenstruktur besitzt (anders als die \u00fcblichen Prallluftschiffe).<\/p>\n<p align=\"JUSTIFY\">L\u00e4nge: 75 m,\u00a0 H\u00f6he: 17,4 m<br \/>\nSitzpl\u00e4tze: 12 Flugg\u00e4ste, 2 Piloten<br \/>\nMax. Geschw.: 125 km\/h<br \/>\nReichweite: 900 km<br \/>\nMax. Flugh\u00f6he: 3000 m<br \/>\nMax. Flugdauer: 20 h<\/p>\n<\/td>\n<\/tr>\n<\/tbody>\n<\/table>\n","protected":false},"excerpt":{"rendered":"<p>\u00a0 Flug mit dem gr\u00f6\u00dften Zeppelin der Welt. Der Zeppelin NT ist der einzige Luftschiff-Typ, der eine starre Innenstruktur besitzt (anders als die \u00fcblichen Prallluftschiffe). L\u00e4nge: 75 m,\u00a0 H\u00f6he: 17,4 m Sitzpl\u00e4tze: 12 Flugg\u00e4ste, 2 Piloten Max. Geschw.: 125 km\/h Reichweite: 900 km Max. Flugh\u00f6he: 3000 m Max. Flugdauer: 20 h<\/p>\n","protected":false},"author":1,"featured_media":0,"parent":0,"menu_order":0,"comment_status":"open","ping_status":"open","template":"","meta":{"ngg_post_thumbnail":0},"yoast_head":"<!-- This site is optimized with the Yoast SEO plugin v15.9.2 - https:\/\/yoast.com\/wordpress\/plugins\/seo\/ -->\n<meta name=\"robots\" content=\"index, follow, max-snippet:-1, max-image-preview:large, max-video-preview:-1\" \/>\n<link rel=\"canonical\" href=\"https:\/\/gerd-kramer.com\/wordpress\/zeppelin\/\" \/>\n<meta property=\"og:locale\" content=\"de_DE\" \/>\n<meta property=\"og:type\" content=\"article\" \/>\n<meta property=\"og:title\" content=\"Zeppelin - Gerd Kramer\" \/>\n<meta property=\"og:description\" content=\"\u00a0 Flug mit dem gr\u00f6\u00dften Zeppelin der Welt. Der Zeppelin NT ist der einzige Luftschiff-Typ, der eine starre Innenstruktur besitzt (anders als die \u00fcblichen Prallluftschiffe). L\u00e4nge: 75 m,\u00a0 H\u00f6he: 17,4 m Sitzpl\u00e4tze: 12 Flugg\u00e4ste, 2 Piloten Max. Geschw.: 125 km\/h Reichweite: 900 km Max. Flugh\u00f6he: 3000 m Max. Flugdauer: 20 h\" \/>\n<meta property=\"og:url\" content=\"https:\/\/gerd-kramer.com\/wordpress\/zeppelin\/\" \/>\n<meta property=\"og:site_name\" content=\"Gerd Kramer\" \/>\n<meta property=\"og:image\" content=\"https:\/\/gerd-kramer.com\/wordpress\/wp-content\/uploads\/2014\/08\/Zeppelin_k-1.jpg\" \/>\n<meta name=\"twitter:card\" content=\"summary_large_image\" \/>\n<script type=\"application\/ld+json\" class=\"yoast-schema-graph\">{\"@context\":\"https:\/\/schema.org\",\"@graph\":[{\"@type\":\"WebSite\",\"@id\":\"https:\/\/gerd-kramer.com\/wordpress\/#website\",\"url\":\"https:\/\/gerd-kramer.com\/wordpress\/\",\"name\":\"Gerd Kramer\",\"description\":\"Autor\",\"potentialAction\":[{\"@type\":\"SearchAction\",\"target\":\"https:\/\/gerd-kramer.com\/wordpress\/?s={search_term_string}\",\"query-input\":\"required name=search_term_string\"}],\"inLanguage\":\"de-DE\"},{\"@type\":\"ImageObject\",\"@id\":\"https:\/\/gerd-kramer.com\/wordpress\/zeppelin\/#primaryimage\",\"inLanguage\":\"de-DE\",\"url\":\"https:\/\/gerd-kramer.com\/wordpress\/wp-content\/uploads\/2014\/08\/Zeppelin_k-1.jpg\",\"width\":1024,\"height\":768},{\"@type\":\"WebPage\",\"@id\":\"https:\/\/gerd-kramer.com\/wordpress\/zeppelin\/#webpage\",\"url\":\"https:\/\/gerd-kramer.com\/wordpress\/zeppelin\/\",\"name\":\"Zeppelin - Gerd Kramer\",\"isPartOf\":{\"@id\":\"https:\/\/gerd-kramer.com\/wordpress\/#website\"},\"primaryImageOfPage\":{\"@id\":\"https:\/\/gerd-kramer.com\/wordpress\/zeppelin\/#primaryimage\"},\"datePublished\":\"2014-08-17T11:36:53+00:00\",\"dateModified\":\"2014-08-17T11:36:53+00:00\",\"breadcrumb\":{\"@id\":\"https:\/\/gerd-kramer.com\/wordpress\/zeppelin\/#breadcrumb\"},\"inLanguage\":\"de-DE\",\"potentialAction\":[{\"@type\":\"ReadAction\",\"target\":[\"https:\/\/gerd-kramer.com\/wordpress\/zeppelin\/\"]}]},{\"@type\":\"BreadcrumbList\",\"@id\":\"https:\/\/gerd-kramer.com\/wordpress\/zeppelin\/#breadcrumb\",\"itemListElement\":[{\"@type\":\"ListItem\",\"position\":1,\"item\":{\"@type\":\"WebPage\",\"@id\":\"https:\/\/gerd-kramer.com\/wordpress\/\",\"url\":\"https:\/\/gerd-kramer.com\/wordpress\/\",\"name\":\"Home\"}},{\"@type\":\"ListItem\",\"position\":2,\"item\":{\"@type\":\"WebPage\",\"@id\":\"https:\/\/gerd-kramer.com\/wordpress\/zeppelin\/\",\"url\":\"https:\/\/gerd-kramer.com\/wordpress\/zeppelin\/\",\"name\":\"Zeppelin\"}}]}]}<\/script>\n<!-- \/ Yoast SEO plugin. -->","_links":{"self":[{"href":"https:\/\/gerd-kramer.com\/wordpress\/wp-json\/wp\/v2\/pages\/1769"}],"collection":[{"href":"https:\/\/gerd-kramer.com\/wordpress\/wp-json\/wp\/v2\/pages"}],"about":[{"href":"https:\/\/gerd-kramer.com\/wordpress\/wp-json\/wp\/v2\/types\/page"}],"author":[{"embeddable":true,"href":"https:\/\/gerd-kramer.com\/wordpress\/wp-json\/wp\/v2\/users\/1"}],"replies":[{"embeddable":true,"href":"https:\/\/gerd-kramer.com\/wordpress\/wp-json\/wp\/v2\/comments?post=1769"}],"version-history":[{"count":0,"href":"https:\/\/gerd-kramer.com\/wordpress\/wp-json\/wp\/v2\/pages\/1769\/revisions"}],"wp:attachment":[{"href":"https:\/\/gerd-kramer.com\/wordpress\/wp-json\/wp\/v2\/media?parent=1769"}],"curies":[{"name":"wp","href":"https:\/\/api.w.org\/{rel}","templated":true}]}}