{"id":1739,"date":"2020-05-15T09:11:23","date_gmt":"2020-05-15T07:11:23","guid":{"rendered":"https:\/\/gerd-kramer.com\/?page_id=1739"},"modified":"2020-05-15T09:11:23","modified_gmt":"2020-05-15T07:11:23","slug":"endstation-seeschleuse","status":"publish","type":"page","link":"https:\/\/gerd-kramer.com\/wordpress\/endstation-seeschleuse\/","title":{"rendered":"Endstation Seeschleuse"},"content":{"rendered":"<figure id=\"attachment_1740\" aria-describedby=\"caption-attachment-1740\" style=\"width: 300px\" class=\"wp-caption alignnone\"><img loading=\"lazy\" class=\"size-medium wp-image-1740\" src=\"https:\/\/gerd-kramer.com\/wordpress\/wp-content\/uploads\/2020\/05\/978-3-7408-0917-1_3D_jpg-300x290.jpg\" alt=\"Autor: Gerd Kramer Titel: Endstation Seeschleuse Reihe: K\u00fcsten Krimi, Region: Schleswig-Holstein ET:  Juli 2020 ISBN 978-3-7408-0917-1, (i4)_(0917-1) ebook: 978-3-96041-653-1, (e2)_(653-1)\" width=\"300\" height=\"290\" srcset=\"https:\/\/gerd-kramer.com\/wordpress\/wp-content\/uploads\/2020\/05\/978-3-7408-0917-1_3D_jpg-300x290.jpg 300w, https:\/\/gerd-kramer.com\/wordpress\/wp-content\/uploads\/2020\/05\/978-3-7408-0917-1_3D_jpg-1024x989.jpg 1024w, https:\/\/gerd-kramer.com\/wordpress\/wp-content\/uploads\/2020\/05\/978-3-7408-0917-1_3D_jpg-768x741.jpg 768w, https:\/\/gerd-kramer.com\/wordpress\/wp-content\/uploads\/2020\/05\/978-3-7408-0917-1_3D_jpg-1536x1483.jpg 1536w, https:\/\/gerd-kramer.com\/wordpress\/wp-content\/uploads\/2020\/05\/978-3-7408-0917-1_3D_jpg-2048x1977.jpg 2048w\" sizes=\"(max-width: 300px) 100vw, 300px\" \/><figcaption id=\"caption-attachment-1740\" class=\"wp-caption-text\">Autor: Gerd Kramer<br \/>Titel: Endstation Seeschleuse<br \/>Reihe: K\u00fcsten Krimi, Region: Schleswig-Holstein<br \/>ET: Juli 2020<br \/>ISBN 978-3-7408-0917-1, (i4)_(0917-1)<br \/>ebook: 978-3-96041-653-1, (e2)_(653-1)<\/figcaption><\/figure>\n<p>Klug, ungew\u00f6hnlich, mit feinem Humor &#8230; und besonderem Lokalkolorit.<\/p>\n<p>An der Husumer Au wird eine weibliche Leiche gefunden. Die Obduktion ergibt Parallelen zu dem Opfer eines k\u00fcrzlichen Entf\u00fchrungsfalls. Hilgersen und Flottmann sto\u00dfen bei den Ermittlungen auf eine Gruppe, die sich mit Nahtoderfahrungen besch\u00e4ftigt. Liegt hier der Schl\u00fcssel zur L\u00f6sung? Als der hochsensible Musiker Leon Gerber ins Visier des T\u00e4ters ger\u00e4t, spitzt sich die Lage zu. Doch der Entf\u00fchrer hat nicht mit Gerbers au\u00dferordentlichen F\u00e4higkeiten gerechnet.<\/p>\n","protected":false},"excerpt":{"rendered":"<p>Klug, ungew\u00f6hnlich, mit feinem Humor &#8230; und besonderem Lokalkolorit. An der Husumer Au wird eine weibliche Leiche gefunden. Die Obduktion ergibt Parallelen zu dem Opfer eines k\u00fcrzlichen Entf\u00fchrungsfalls. Hilgersen und Flottmann sto\u00dfen bei den Ermittlungen auf eine Gruppe, die sich mit Nahtoderfahrungen besch\u00e4ftigt. Liegt hier der Schl\u00fcssel zur L\u00f6sung? Als der hochsensible Musiker Leon Gerber &hellip; <a href=\"https:\/\/gerd-kramer.com\/wordpress\/endstation-seeschleuse\/\" class=\"more-link\"><span class=\"screen-reader-text\">Endstation Seeschleuse<\/span> weiterlesen <span class=\"meta-nav\">&rarr;<\/span><\/a><\/p>\n","protected":false},"author":1,"featured_media":0,"parent":0,"menu_order":0,"comment_status":"closed","ping_status":"closed","template":"","meta":{"ngg_post_thumbnail":0},"yoast_head":"<!-- This site is optimized with the Yoast SEO plugin v15.9.2 - https:\/\/yoast.com\/wordpress\/plugins\/seo\/ -->\n<meta name=\"robots\" content=\"index, follow, max-snippet:-1, max-image-preview:large, max-video-preview:-1\" \/>\n<link rel=\"canonical\" href=\"https:\/\/gerd-kramer.com\/wordpress\/endstation-seeschleuse\/\" \/>\n<meta property=\"og:locale\" content=\"de_DE\" \/>\n<meta property=\"og:type\" content=\"article\" \/>\n<meta property=\"og:title\" content=\"Endstation Seeschleuse - Gerd Kramer\" \/>\n<meta property=\"og:description\" content=\"Klug, ungew\u00f6hnlich, mit feinem Humor &#8230; und besonderem Lokalkolorit. An der Husumer Au wird eine weibliche Leiche gefunden. Die Obduktion ergibt Parallelen zu dem Opfer eines k\u00fcrzlichen Entf\u00fchrungsfalls. Hilgersen und Flottmann sto\u00dfen bei den Ermittlungen auf eine Gruppe, die sich mit Nahtoderfahrungen besch\u00e4ftigt. Liegt hier der Schl\u00fcssel zur L\u00f6sung? Als der hochsensible Musiker Leon Gerber &hellip; Endstation Seeschleuse weiterlesen &rarr;\" \/>\n<meta property=\"og:url\" content=\"https:\/\/gerd-kramer.com\/wordpress\/endstation-seeschleuse\/\" \/>\n<meta property=\"og:site_name\" content=\"Gerd Kramer\" \/>\n<meta property=\"og:image\" content=\"https:\/\/gerd-kramer.com\/wordpress\/wp-content\/uploads\/2020\/05\/978-3-7408-0917-1_3D_jpg-300x290.jpg\" \/>\n<meta name=\"twitter:card\" content=\"summary_large_image\" \/>\n<meta name=\"twitter:label1\" content=\"Gesch\u00e4tzte Lesezeit\">\n\t<meta name=\"twitter:data1\" content=\"1 Minute\">\n<script type=\"application\/ld+json\" class=\"yoast-schema-graph\">{\"@context\":\"https:\/\/schema.org\",\"@graph\":[{\"@type\":\"WebSite\",\"@id\":\"https:\/\/gerd-kramer.com\/wordpress\/#website\",\"url\":\"https:\/\/gerd-kramer.com\/wordpress\/\",\"name\":\"Gerd Kramer\",\"description\":\"Autor\",\"potentialAction\":[{\"@type\":\"SearchAction\",\"target\":\"https:\/\/gerd-kramer.com\/wordpress\/?s={search_term_string}\",\"query-input\":\"required name=search_term_string\"}],\"inLanguage\":\"de-DE\"},{\"@type\":\"ImageObject\",\"@id\":\"https:\/\/gerd-kramer.com\/wordpress\/endstation-seeschleuse\/#primaryimage\",\"inLanguage\":\"de-DE\",\"url\":\"https:\/\/gerd-kramer.com\/wordpress\/wp-content\/uploads\/2020\/05\/978-3-7408-0917-1_3D_jpg.jpg\",\"width\":2055,\"height\":1984,\"caption\":\"Autor: Gerd Kramer Titel: Endstation Seeschleuse Reihe: K\\u00fcsten Krimi, Region: Schleswig-Holstein ET: Juli 2020 ISBN 978-3-7408-0917-1, (i4)_(0917-1) ebook: 978-3-96041-653-1, (e2)_(653-1)\"},{\"@type\":\"WebPage\",\"@id\":\"https:\/\/gerd-kramer.com\/wordpress\/endstation-seeschleuse\/#webpage\",\"url\":\"https:\/\/gerd-kramer.com\/wordpress\/endstation-seeschleuse\/\",\"name\":\"Endstation Seeschleuse - Gerd Kramer\",\"isPartOf\":{\"@id\":\"https:\/\/gerd-kramer.com\/wordpress\/#website\"},\"primaryImageOfPage\":{\"@id\":\"https:\/\/gerd-kramer.com\/wordpress\/endstation-seeschleuse\/#primaryimage\"},\"datePublished\":\"2020-05-15T07:11:23+00:00\",\"dateModified\":\"2020-05-15T07:11:23+00:00\",\"breadcrumb\":{\"@id\":\"https:\/\/gerd-kramer.com\/wordpress\/endstation-seeschleuse\/#breadcrumb\"},\"inLanguage\":\"de-DE\",\"potentialAction\":[{\"@type\":\"ReadAction\",\"target\":[\"https:\/\/gerd-kramer.com\/wordpress\/endstation-seeschleuse\/\"]}]},{\"@type\":\"BreadcrumbList\",\"@id\":\"https:\/\/gerd-kramer.com\/wordpress\/endstation-seeschleuse\/#breadcrumb\",\"itemListElement\":[{\"@type\":\"ListItem\",\"position\":1,\"item\":{\"@type\":\"WebPage\",\"@id\":\"https:\/\/gerd-kramer.com\/wordpress\/\",\"url\":\"https:\/\/gerd-kramer.com\/wordpress\/\",\"name\":\"Home\"}},{\"@type\":\"ListItem\",\"position\":2,\"item\":{\"@type\":\"WebPage\",\"@id\":\"https:\/\/gerd-kramer.com\/wordpress\/endstation-seeschleuse\/\",\"url\":\"https:\/\/gerd-kramer.com\/wordpress\/endstation-seeschleuse\/\",\"name\":\"Endstation Seeschleuse\"}}]}]}<\/script>\n<!-- \/ Yoast SEO plugin. -->","_links":{"self":[{"href":"https:\/\/gerd-kramer.com\/wordpress\/wp-json\/wp\/v2\/pages\/1739"}],"collection":[{"href":"https:\/\/gerd-kramer.com\/wordpress\/wp-json\/wp\/v2\/pages"}],"about":[{"href":"https:\/\/gerd-kramer.com\/wordpress\/wp-json\/wp\/v2\/types\/page"}],"author":[{"embeddable":true,"href":"https:\/\/gerd-kramer.com\/wordpress\/wp-json\/wp\/v2\/users\/1"}],"replies":[{"embeddable":true,"href":"https:\/\/gerd-kramer.com\/wordpress\/wp-json\/wp\/v2\/comments?post=1739"}],"version-history":[{"count":0,"href":"https:\/\/gerd-kramer.com\/wordpress\/wp-json\/wp\/v2\/pages\/1739\/revisions"}],"wp:attachment":[{"href":"https:\/\/gerd-kramer.com\/wordpress\/wp-json\/wp\/v2\/media?parent=1739"}],"curies":[{"name":"wp","href":"https:\/\/api.w.org\/{rel}","templated":true}]}}