{"id":1620,"date":"2018-10-19T09:30:00","date_gmt":"2018-10-19T07:30:00","guid":{"rendered":"https:\/\/gerd-kramer.com\/?page_id=1620"},"modified":"2026-04-01T09:59:20","modified_gmt":"2026-04-01T09:59:20","slug":"lesungen","status":"publish","type":"page","link":"https:\/\/gerd-kramer.com\/wordpress\/lesungen\/","title":{"rendered":"Lesungen"},"content":{"rendered":"<div>\n<div>Lesung am 29.03.2026<\/div>\n<div>15:00 Uhr Lesung aus &#8222;TideTod&#8220; im Husumer<\/div>\n<div>Speicher<\/div>\n<div>\n<div>&nbsp;<\/div>\n<div>Lesung 21.09.2022<\/div>\n<div>20:00 Uhr Lesung \u201eNordfriesische Verschw\u00f6rung\u201c<\/div>\n<div>in Buchhandlung Jan St\u00fcmpel<\/div>\n<div>25840 Friedrichstadt,&nbsp; Am F\u00fcrstenburgwall 1<\/div>\n<div>Tel. Anmeldung: 04881 936571<\/div>\n<div>&nbsp;<\/div>\n<div>&nbsp;<\/div>\n<div>Der neue Termin f\u00fcr die Lesung im Caf\u00e9 Wanda:<\/div>\n<div>&nbsp;<\/div>\n<div>18.05. 2022<\/div>\n<div>18.00 Uhr Lesung \u201eDer Himmel \u00fcber Nordfriesland\u201c<\/div>\n<div>im Caf\u00e9 Wanda<\/div>\n<div>\n<p>K\u00f6ln, Zum alten Paulshof 1-3<\/p>\n<\/div>\n<\/div>\n<div>19.01. 2022<\/div>\n<div>18.00 Uhr Lesung \u201eEndstation Seeschleuse\u201c<\/div>\n<div>im Caf\u00e9 Wanda<\/div>\n<div>\n<p>K\u00f6ln, Zum alten Paulshof 1-3<\/p>\n<p><strong><em>Die Lesung muss leider wg. Corona schon wieder ausfallen.<\/em><\/strong><br \/>\n<strong><em>Sie wird im Sommer nachgeholt werden.<\/em><\/strong><\/p>\n<\/div>\n<\/div>\n<div>&#8212;&#8212;&#8212;&#8212;&#8212;&#8212;&#8212;&#8212;&#8212;&#8212;&#8212;&#8212;&#8212;&#8212;&#8212;&#8212;&#8212;&#8212;&#8212;&#8212;&#8212;&#8212;&#8212;&#8212;&#8212;&#8212;&#8212;&#8212;<\/div>\n<div>09.10.2020, 19.00 Uhr Premierenlesung&nbsp;\u201eEndstation Seeschleuse\u201c<\/div>\n<div>in Stadtbibliothek Husum (Nissenhaus)<\/div>\n<div>&nbsp;<\/div>\n<div>&#8212;&#8212;&#8212;&#8212;&#8212;&#8212;&#8212;&#8212;&#8212;&#8212;&#8212;&#8212;&#8212;&#8212;&#8212;&#8212;&#8212;&#8212;&#8212;&#8212;&#8212;&#8212;&#8212;&#8212;&#8212;&#8212;&#8212;&#8212;<\/div>\n<div>Die Lesung am 13.3. f\u00e4llt leider wegen des Coronavirus aus!<\/div>\n<div>Sie ist auf den 21.06.2020 verschoben (11.00 Uhr, voraussichtlich im Garten der &#8222;Freir\u00e4ume&#8220;).<\/div>\n<div>&#8211;<\/div>\n<div>&nbsp;<\/div>\n<div>13.03.2020, 19.30&nbsp; Lesung &#8222;Tod an der Seebr\u00fccke&#8220;<\/div>\n<div>in &#8222;Freir\u00e4ume&#8220;, Bonn Vilich-M\u00fcldorf<\/div>\n<div>&nbsp;<\/div>\n<div>&nbsp;<a href=\"https:\/\/gerd-kramer.com\/wp-content\/uploads\/2018\/10\/Plakat.bmp\"><img loading=\"lazy\" class=\"alignnone size-full wp-image-1728\" src=\"https:\/\/gerd-kramer.com\/wp-content\/uploads\/2018\/10\/Plakat.bmp\" alt=\"Plakat\" width=\"497\" height=\"702\"><\/a><\/div>\n<div>&#8212;&#8212;&#8212;&#8212;&#8212;&#8212;&#8212;&#8212;&#8212;&#8212;&#8212;&#8212;&#8212;&#8212;&#8212;&#8212;&#8212;&#8212;&#8212;&#8212;&#8212;&#8212;&#8212;&#8212;&#8212;&#8212;&#8212;&#8212;<\/div>\n<div>01.12.2019, 11.00 Uhr Weihnachtslesung mit verschiedenen Autoren<\/div>\n<div>&nbsp;<a href=\"https:\/\/gerd-kramer.com\/wp-content\/uploads\/2018\/10\/Unbenannt.bmp\"><img loading=\"lazy\" class=\"alignnone size-full wp-image-1711\" src=\"https:\/\/gerd-kramer.com\/wp-content\/uploads\/2018\/10\/Unbenannt.bmp\" alt=\"Unbenannt\" width=\"601\" height=\"840\"><\/a><\/div>\n<div>&nbsp;<\/div>\n<div>&nbsp;&nbsp;&#8212;&#8212;&#8212;&#8212;&#8212;&#8212;&#8212;&#8212;&#8212;&#8212;&#8212;&#8212;&#8212;&#8212;&#8212;&#8212;&#8212;&#8212;&#8212;&#8212;&#8212;&#8212;&#8212;&#8212;&#8212;&#8212;&#8212;&#8212;<\/div>\n<div>&nbsp;<\/div>\n<div>&nbsp;<\/div>\n<div>31.01.2020, 19.00 Uhr: Krimidinner<\/div>\n<div>\u201eTod an der Seebr\u00fccke\u201c<\/div>\n<div>im \u201eTraubenwirt\u201c St. Augustin Hangelar<\/div>\n<div><img loading=\"lazy\" class=\"alignnone wp-image-1694 size-large\" src=\"https:\/\/gerd-kramer.com\/wordpress\/wp-content\/uploads\/2014\/09\/Plakat-Traubenwirt-Kramer-31.1.2020-1-736x1024.jpg\" alt=\"Plakat - Traubenwirt - Kramer - 31.1.2020\" width=\"474\" height=\"659\"><\/div>\n<div>&nbsp;<\/div>\n<div>\n<div>&nbsp;&#8212;&#8212;&#8212;&#8212;&#8212;&#8212;&#8212;&#8212;&#8212;&#8212;&#8212;&#8212;&#8212;&#8212;&#8212;&#8212;&#8212;&#8212;&#8212;&#8212;&#8212;&#8212;&#8212;&#8212;&#8212;&#8212;&#8212;&#8212;<\/div>\n<\/div>\n<div>&nbsp;<\/div>\n<div><em>Mittwoch, 9. Oktober 2019, 19.30 Uhr: \u201eK\u00fcsten-Crime Autorenlesung\u201c<br \/>\n\u201eTod an der Seebr\u00fccke\u201c<br \/>\nGemeindeb\u00fccherei St. Peter-Ording<br \/>\n<\/em><\/div>\n<div>\n<div>\n<p>&nbsp; &#8212;&#8212;&#8212;&#8212;&#8212;&#8212;&#8212;&#8212;&#8212;&#8212;&#8212;&#8212;&#8212;&#8212;&#8212;&#8212;&#8212;&#8212;&#8212;&#8212;&#8212;&#8212;&#8212;&#8212;&#8212;&#8212;&#8212;&#8212;<\/p>\n<\/div>\n<\/div>\n<div>&nbsp;<\/div>\n<div>&nbsp;<\/div>\n<div>\n<div>\n<div>\n<figure id=\"attachment_1644\" aria-describedby=\"caption-attachment-1644\" style=\"width: 1600px\" class=\"wp-caption alignnone\"><img loading=\"lazy\" class=\"wp-image-1644 size-full\" style=\"outline: #72777c solid 1px; height: 275px; text-align: left; color: #2b2b2b; text-transform: none; text-indent: 0px; letter-spacing: normal; font-family: Lato,sans-serif; font-size: 16px; font-style: italic; font-variant: normal; font-weight: 400; text-decoration: none; word-spacing: 0px; vertical-align: middle; white-space: normal; max-width: 474px; orphans: 2; -webkit-text-stroke-width: 0px; background-color: transparent;\" src=\"https:\/\/gerd-kramer.com\/wordpress\/wp-content\/uploads\/2018\/10\/IMG-20190406-WA0001.jpg\" alt=\"IMG-20190406-WA0001\" width=\"1600\" height=\"918\" srcset=\"https:\/\/gerd-kramer.com\/wordpress\/wp-content\/uploads\/2018\/10\/IMG-20190406-WA0001.jpg 1600w, https:\/\/gerd-kramer.com\/wordpress\/wp-content\/uploads\/2018\/10\/IMG-20190406-WA0001-300x172.jpg 300w, https:\/\/gerd-kramer.com\/wordpress\/wp-content\/uploads\/2018\/10\/IMG-20190406-WA0001-1024x588.jpg 1024w, https:\/\/gerd-kramer.com\/wordpress\/wp-content\/uploads\/2018\/10\/IMG-20190406-WA0001-768x441.jpg 768w, https:\/\/gerd-kramer.com\/wordpress\/wp-content\/uploads\/2018\/10\/IMG-20190406-WA0001-1536x881.jpg 1536w\" sizes=\"(max-width: 1600px) 100vw, 1600px\" \/><figcaption id=\"caption-attachment-1644\" class=\"wp-caption-text\">Lesung mit Gitarrenbegleitung in FREIR\u00c4UME<\/figcaption><\/figure>\n<\/div>\n<div>&nbsp;&#8212;&#8212;&#8212;&#8212;&#8212;&#8212;&#8212;&#8212;&#8212;&#8212;&#8212;&#8212;&#8212;&#8212;&#8212;&#8212;&#8212;&#8212;&#8212;&#8212;&#8212;&#8212;&#8212;&#8212;&#8212;&#8212;&#8212;&#8212;<\/div>\n<\/div>\n<\/div>\n<div>&nbsp;<strong>01.01.2018<\/strong><\/div>\n<div>\u201eK\u00fcsten-Crime &#8211; Neujahr special\u201c<br \/>\nLesung aus \u201eDas Fl\u00fcstern im Watt\u201c<br \/>\nGemeindeb\u00fccherei St. Peter-Ording<\/div>\n<div>&nbsp;&#8212;&#8212;&#8212;&#8212;&#8212;&#8212;&#8212;&#8212;&#8212;&#8212;&#8212;&#8212;&#8212;&#8212;&#8212;&#8212;&#8212;&#8212;&#8212;&#8212;&#8212;&#8212;&#8212;&#8212;&#8212;&#8212;&#8212;&#8212;<\/div>\n<div>&nbsp;<\/div>\n<div><strong>01.10.2018<\/strong><\/div>\n<div>\u201eNordsee-Krimitage\u201c<br \/>\nPremierenlesung aus \u201eTIDETOD\u201c<br \/>\nGemeindeb\u00fccherei St. Peter-Ording<\/div>\n<div>&nbsp;&#8212;&#8212;&#8212;&#8212;&#8212;&#8212;&#8212;&#8212;&#8212;&#8212;&#8212;&#8212;&#8212;&#8212;&#8212;&#8212;&#8212;&#8212;&#8212;&#8212;&#8212;&#8212;&#8212;&#8212;&#8212;&#8212;&#8212;&#8212;<\/div>\n<div>&nbsp;<\/div>\n<div><strong>10.10.2018<\/strong><\/div>\n<div>auf dem Restaurant-Schiff \u201eNordertor\u201c<br \/>\nLesung aus \u201eTIDETOD\u201c<\/div>\n<div>Husum, Hafen<\/div>\n<div>\n<div>&nbsp;<\/div>\n<div>&nbsp;&#8212;&#8212;&#8212;&#8212;&#8212;&#8212;&#8212;&#8212;&#8212;&#8212;&#8212;&#8212;&#8212;&#8212;&#8212;&#8212;&#8212;&#8212;&#8212;&#8212;&#8212;&#8212;&#8212;&#8212;&#8212;&#8212;&#8212;&#8212;<\/div>\n<\/div>\n<div>&nbsp;<\/div>\n<div><strong>23.10.2018<\/strong><\/div>\n<div>Lesung aus \u201eTIDETOD\u201c<br \/>\nBuchhandlung Jan St\u00fcmpel<\/div>\n<div>Friedrichstadt<\/div>\n<div>\n<div>&nbsp;<\/div>\n<div>&nbsp;&#8212;&#8212;&#8212;&#8212;&#8212;&#8212;&#8212;&#8212;&#8212;&#8212;&#8212;&#8212;&#8212;&#8212;&#8212;&#8212;&#8212;&#8212;&#8212;&#8212;&#8212;&#8212;&#8212;&#8212;&#8212;&#8212;&#8212;&#8212;<\/div>\n<\/div>\n<div>&nbsp;<\/div>\n<div><strong>05.04.2019<\/strong><\/div>\n<div>\n<div>Lesung aus \u201eTIDETOD\u201c<\/div>\n<div>in \u201eFreir\u00e4ume\u201c<\/div>\n<div>Bonn Villich-M\u00fcldorf<\/div>\n<div>Beginn: 19:30<\/div>\n<div><a href=\"https:\/\/gerd-kramer.com\/freiraeume\/\">Info<\/a><\/div>\n<\/div>\n<div>\n<div>&nbsp;<\/div>\n<div>&nbsp;&#8212;&#8212;&#8212;&#8212;&#8212;&#8212;&#8212;&#8212;&#8212;&#8212;&#8212;&#8212;&#8212;&#8212;&#8212;&#8212;&#8212;&#8212;&#8212;&#8212;&#8212;&#8212;&#8212;&#8212;&#8212;&#8212;&#8212;&#8212;<\/div>\n<\/div>\n<div><strong>02.05.2019<\/strong><\/div>\n<div>\n<div>Lesung aus \u201eTIDETOD\u201c<\/div>\n<div>Stadtb\u00fccherei Sankt Augustin&nbsp; (Veranstalter Kulturamt St. Augustin)<\/div>\n<div>Beginn: 19:00<\/div>\n<\/div>\n<div>&nbsp;<\/div>\n<div>&nbsp;<\/div>\n","protected":false},"excerpt":{"rendered":"<p>Lesung am 29.03.2026 15:00 Uhr Lesung aus &#8222;TideTod&#8220; im Husumer Speicher &nbsp; Lesung 21.09.2022 20:00 Uhr Lesung \u201eNordfriesische Verschw\u00f6rung\u201c in Buchhandlung Jan St\u00fcmpel 25840 Friedrichstadt,&nbsp; Am F\u00fcrstenburgwall 1 Tel. Anmeldung: 04881 936571 &nbsp; &nbsp; Der neue Termin f\u00fcr die Lesung im Caf\u00e9 Wanda: &nbsp; 18.05. 2022 18.00 Uhr Lesung \u201eDer Himmel \u00fcber Nordfriesland\u201c im Caf\u00e9 &hellip; <a href=\"https:\/\/gerd-kramer.com\/wordpress\/lesungen\/\" class=\"more-link\"><span class=\"screen-reader-text\">Lesungen<\/span> weiterlesen <span class=\"meta-nav\">&rarr;<\/span><\/a><\/p>\n","protected":false},"author":1,"featured_media":0,"parent":0,"menu_order":0,"comment_status":"closed","ping_status":"closed","template":"","meta":{"ngg_post_thumbnail":0},"yoast_head":"<!-- This site is optimized with the Yoast SEO plugin v15.9.2 - https:\/\/yoast.com\/wordpress\/plugins\/seo\/ -->\n<meta name=\"robots\" content=\"index, follow, max-snippet:-1, max-image-preview:large, max-video-preview:-1\" \/>\n<link rel=\"canonical\" href=\"https:\/\/gerd-kramer.com\/wordpress\/lesungen\/\" \/>\n<meta property=\"og:locale\" content=\"de_DE\" \/>\n<meta property=\"og:type\" content=\"article\" \/>\n<meta property=\"og:title\" content=\"Lesungen - Gerd Kramer\" \/>\n<meta property=\"og:description\" content=\"Lesung am 29.03.2026 15:00 Uhr Lesung aus &#8222;TideTod&#8220; im Husumer Speicher &nbsp; Lesung 21.09.2022 20:00 Uhr Lesung \u201eNordfriesische Verschw\u00f6rung\u201c in Buchhandlung Jan St\u00fcmpel 25840 Friedrichstadt,&nbsp; Am F\u00fcrstenburgwall 1 Tel. Anmeldung: 04881 936571 &nbsp; &nbsp; Der neue Termin f\u00fcr die Lesung im Caf\u00e9 Wanda: &nbsp; 18.05. 2022 18.00 Uhr Lesung \u201eDer Himmel \u00fcber Nordfriesland\u201c im Caf\u00e9 &hellip; Lesungen weiterlesen &rarr;\" \/>\n<meta property=\"og:url\" content=\"https:\/\/gerd-kramer.com\/wordpress\/lesungen\/\" \/>\n<meta property=\"og:site_name\" content=\"Gerd Kramer\" \/>\n<meta property=\"article:modified_time\" content=\"2026-04-01T09:59:20+00:00\" \/>\n<meta property=\"og:image\" content=\"https:\/\/gerd-kramer.com\/wp-content\/uploads\/2018\/10\/Plakat.bmp\" \/>\n<meta name=\"twitter:card\" content=\"summary_large_image\" \/>\n<meta name=\"twitter:label1\" content=\"Gesch\u00e4tzte Lesezeit\">\n\t<meta name=\"twitter:data1\" content=\"2 Minuten\">\n<script type=\"application\/ld+json\" class=\"yoast-schema-graph\">{\"@context\":\"https:\/\/schema.org\",\"@graph\":[{\"@type\":\"WebSite\",\"@id\":\"https:\/\/gerd-kramer.com\/wordpress\/#website\",\"url\":\"https:\/\/gerd-kramer.com\/wordpress\/\",\"name\":\"Gerd Kramer\",\"description\":\"Autor\",\"potentialAction\":[{\"@type\":\"SearchAction\",\"target\":\"https:\/\/gerd-kramer.com\/wordpress\/?s={search_term_string}\",\"query-input\":\"required name=search_term_string\"}],\"inLanguage\":\"de-DE\"},{\"@type\":\"ImageObject\",\"@id\":\"https:\/\/gerd-kramer.com\/wordpress\/lesungen\/#primaryimage\",\"inLanguage\":\"de-DE\",\"url\":\"https:\/\/gerd-kramer.com\/wp-content\/uploads\/2018\/10\/Plakat.bmp\"},{\"@type\":\"WebPage\",\"@id\":\"https:\/\/gerd-kramer.com\/wordpress\/lesungen\/#webpage\",\"url\":\"https:\/\/gerd-kramer.com\/wordpress\/lesungen\/\",\"name\":\"Lesungen - Gerd Kramer\",\"isPartOf\":{\"@id\":\"https:\/\/gerd-kramer.com\/wordpress\/#website\"},\"primaryImageOfPage\":{\"@id\":\"https:\/\/gerd-kramer.com\/wordpress\/lesungen\/#primaryimage\"},\"datePublished\":\"2018-10-19T07:30:00+00:00\",\"dateModified\":\"2026-04-01T09:59:20+00:00\",\"breadcrumb\":{\"@id\":\"https:\/\/gerd-kramer.com\/wordpress\/lesungen\/#breadcrumb\"},\"inLanguage\":\"de-DE\",\"potentialAction\":[{\"@type\":\"ReadAction\",\"target\":[\"https:\/\/gerd-kramer.com\/wordpress\/lesungen\/\"]}]},{\"@type\":\"BreadcrumbList\",\"@id\":\"https:\/\/gerd-kramer.com\/wordpress\/lesungen\/#breadcrumb\",\"itemListElement\":[{\"@type\":\"ListItem\",\"position\":1,\"item\":{\"@type\":\"WebPage\",\"@id\":\"https:\/\/gerd-kramer.com\/wordpress\/\",\"url\":\"https:\/\/gerd-kramer.com\/wordpress\/\",\"name\":\"Home\"}},{\"@type\":\"ListItem\",\"position\":2,\"item\":{\"@type\":\"WebPage\",\"@id\":\"https:\/\/gerd-kramer.com\/wordpress\/lesungen\/\",\"url\":\"https:\/\/gerd-kramer.com\/wordpress\/lesungen\/\",\"name\":\"Lesungen\"}}]}]}<\/script>\n<!-- \/ Yoast SEO plugin. -->","_links":{"self":[{"href":"https:\/\/gerd-kramer.com\/wordpress\/wp-json\/wp\/v2\/pages\/1620"}],"collection":[{"href":"https:\/\/gerd-kramer.com\/wordpress\/wp-json\/wp\/v2\/pages"}],"about":[{"href":"https:\/\/gerd-kramer.com\/wordpress\/wp-json\/wp\/v2\/types\/page"}],"author":[{"embeddable":true,"href":"https:\/\/gerd-kramer.com\/wordpress\/wp-json\/wp\/v2\/users\/1"}],"replies":[{"embeddable":true,"href":"https:\/\/gerd-kramer.com\/wordpress\/wp-json\/wp\/v2\/comments?post=1620"}],"version-history":[{"count":7,"href":"https:\/\/gerd-kramer.com\/wordpress\/wp-json\/wp\/v2\/pages\/1620\/revisions"}],"predecessor-version":[{"id":2472,"href":"https:\/\/gerd-kramer.com\/wordpress\/wp-json\/wp\/v2\/pages\/1620\/revisions\/2472"}],"wp:attachment":[{"href":"https:\/\/gerd-kramer.com\/wordpress\/wp-json\/wp\/v2\/media?parent=1620"}],"curies":[{"name":"wp","href":"https:\/\/api.w.org\/{rel}","templated":true}]}}