{"id":1539,"date":"2017-07-27T14:42:01","date_gmt":"2017-07-27T14:42:01","guid":{"rendered":"https:\/\/gerd-kramer.com\/?page_id=1539"},"modified":"2020-11-12T15:02:43","modified_gmt":"2020-11-12T15:02:43","slug":"das-fluestern-im-watt","status":"publish","type":"page","link":"https:\/\/gerd-kramer.com\/wordpress\/das-fluestern-im-watt\/","title":{"rendered":"Das Fl\u00fcstern im Watt"},"content":{"rendered":"<figure id=\"attachment_1534\" aria-describedby=\"caption-attachment-1534\" style=\"width: 317px\" class=\"wp-caption alignnone\"><img loading=\"lazy\" class=\"wp-image-1534 \" src=\"https:\/\/gerd-kramer.com\/wordpress\/wp-content\/uploads\/2014\/09\/i4_0190-8_Kramer_Das_Fluestern_im_Watt-676x1024.jpg\" alt=\"Autor: Gerd Kramer Titel: Das Fl\u00fcstern im Watt Reihe: K\u00fcsten Krimi ISBN 978-3-7408-0190-8 ebook: 978-3-96041-279-3\" width=\"317\" height=\"480\" srcset=\"https:\/\/gerd-kramer.com\/wordpress\/wp-content\/uploads\/2014\/09\/i4_0190-8_Kramer_Das_Fluestern_im_Watt-676x1024.jpg 676w, https:\/\/gerd-kramer.com\/wordpress\/wp-content\/uploads\/2014\/09\/i4_0190-8_Kramer_Das_Fluestern_im_Watt-198x300.jpg 198w, https:\/\/gerd-kramer.com\/wordpress\/wp-content\/uploads\/2014\/09\/i4_0190-8_Kramer_Das_Fluestern_im_Watt-768x1163.jpg 768w, https:\/\/gerd-kramer.com\/wordpress\/wp-content\/uploads\/2014\/09\/i4_0190-8_Kramer_Das_Fluestern_im_Watt.jpg 784w\" sizes=\"(max-width: 317px) 100vw, 317px\" \/><figcaption id=\"caption-attachment-1534\" class=\"wp-caption-text\">Autor: Gerd Kramer<br \/>Titel: Das Fl\u00fcstern im Watt<br \/>Reihe: K\u00fcsten Krimi<br \/>ISBN 978-3-7408-0190-8<br \/>ebook: 978-3-96041-279-3<\/figcaption><\/figure>\n<p>Ein Krimi, der die Melodie der Nordsee einf\u00e4ngt.<\/p>\n<p>Hauptkommissar Flottmann hat sich vom Rheinland nach Norddeutschland versetzen lassen, um Abstand zu bekommen. Doch die Ruhe w\u00e4hrt nicht lang: Skrupellose Entf\u00fchrer treiben ihr Unwesen. Als pl\u00f6tzlich ein Mord geschieht, muss sich Flottmann ungew\u00f6hnlicher Methoden bedienen und sucht Unterst\u00fctzung bei Leon Gerber, einem hochsensiblen Musiker mit au\u00dfergew\u00f6hnlichem Geh\u00f6r.<\/p>\n","protected":false},"excerpt":{"rendered":"<p>Ein Krimi, der die Melodie der Nordsee einf\u00e4ngt. Hauptkommissar Flottmann hat sich vom Rheinland nach Norddeutschland versetzen lassen, um Abstand zu bekommen. Doch die Ruhe w\u00e4hrt nicht lang: Skrupellose Entf\u00fchrer treiben ihr Unwesen. Als pl\u00f6tzlich ein Mord geschieht, muss sich Flottmann ungew\u00f6hnlicher Methoden bedienen und sucht Unterst\u00fctzung bei Leon Gerber, einem hochsensiblen Musiker mit au\u00dfergew\u00f6hnlichem &hellip; <a href=\"https:\/\/gerd-kramer.com\/wordpress\/das-fluestern-im-watt\/\" class=\"more-link\"><span class=\"screen-reader-text\">Das Fl\u00fcstern im Watt<\/span> weiterlesen <span class=\"meta-nav\">&rarr;<\/span><\/a><\/p>\n","protected":false},"author":1,"featured_media":0,"parent":0,"menu_order":0,"comment_status":"closed","ping_status":"closed","template":"","meta":{"ngg_post_thumbnail":0},"yoast_head":"<!-- This site is optimized with the Yoast SEO plugin v15.9.2 - https:\/\/yoast.com\/wordpress\/plugins\/seo\/ -->\n<meta name=\"robots\" content=\"index, follow, max-snippet:-1, max-image-preview:large, max-video-preview:-1\" \/>\n<link rel=\"canonical\" href=\"https:\/\/gerd-kramer.com\/wordpress\/das-fluestern-im-watt\/\" \/>\n<meta property=\"og:locale\" content=\"de_DE\" \/>\n<meta property=\"og:type\" content=\"article\" \/>\n<meta property=\"og:title\" content=\"Das Fl\u00fcstern im Watt - Gerd Kramer\" \/>\n<meta property=\"og:description\" content=\"Ein Krimi, der die Melodie der Nordsee einf\u00e4ngt. Hauptkommissar Flottmann hat sich vom Rheinland nach Norddeutschland versetzen lassen, um Abstand zu bekommen. Doch die Ruhe w\u00e4hrt nicht lang: Skrupellose Entf\u00fchrer treiben ihr Unwesen. Als pl\u00f6tzlich ein Mord geschieht, muss sich Flottmann ungew\u00f6hnlicher Methoden bedienen und sucht Unterst\u00fctzung bei Leon Gerber, einem hochsensiblen Musiker mit au\u00dfergew\u00f6hnlichem &hellip; Das Fl\u00fcstern im Watt weiterlesen &rarr;\" \/>\n<meta property=\"og:url\" content=\"https:\/\/gerd-kramer.com\/wordpress\/das-fluestern-im-watt\/\" \/>\n<meta property=\"og:site_name\" content=\"Gerd Kramer\" \/>\n<meta property=\"article:modified_time\" content=\"2020-11-12T15:02:43+00:00\" \/>\n<meta property=\"og:image\" content=\"https:\/\/gerd-kramer.com\/wordpress\/wp-content\/uploads\/2014\/09\/i4_0190-8_Kramer_Das_Fluestern_im_Watt-676x1024.jpg\" \/>\n<meta name=\"twitter:card\" content=\"summary_large_image\" \/>\n<script type=\"application\/ld+json\" class=\"yoast-schema-graph\">{\"@context\":\"https:\/\/schema.org\",\"@graph\":[{\"@type\":\"WebSite\",\"@id\":\"https:\/\/gerd-kramer.com\/wordpress\/#website\",\"url\":\"https:\/\/gerd-kramer.com\/wordpress\/\",\"name\":\"Gerd Kramer\",\"description\":\"Autor\",\"potentialAction\":[{\"@type\":\"SearchAction\",\"target\":\"https:\/\/gerd-kramer.com\/wordpress\/?s={search_term_string}\",\"query-input\":\"required name=search_term_string\"}],\"inLanguage\":\"de-DE\"},{\"@type\":\"ImageObject\",\"@id\":\"https:\/\/gerd-kramer.com\/wordpress\/das-fluestern-im-watt\/#primaryimage\",\"inLanguage\":\"de-DE\",\"url\":\"https:\/\/gerd-kramer.com\/wordpress\/wp-content\/uploads\/2014\/09\/i4_0190-8_Kramer_Das_Fluestern_im_Watt.jpg\",\"width\":784,\"height\":1187,\"caption\":\"Autor: Gerd Kramer Titel: Das Fl\\u00fcstern im Watt Reihe: K\\u00fcsten Krimi ISBN 978-3-7408-0190-8 ebook: 978-3-96041-279-3\"},{\"@type\":\"WebPage\",\"@id\":\"https:\/\/gerd-kramer.com\/wordpress\/das-fluestern-im-watt\/#webpage\",\"url\":\"https:\/\/gerd-kramer.com\/wordpress\/das-fluestern-im-watt\/\",\"name\":\"Das Fl\\u00fcstern im Watt - Gerd Kramer\",\"isPartOf\":{\"@id\":\"https:\/\/gerd-kramer.com\/wordpress\/#website\"},\"primaryImageOfPage\":{\"@id\":\"https:\/\/gerd-kramer.com\/wordpress\/das-fluestern-im-watt\/#primaryimage\"},\"datePublished\":\"2017-07-27T14:42:01+00:00\",\"dateModified\":\"2020-11-12T15:02:43+00:00\",\"breadcrumb\":{\"@id\":\"https:\/\/gerd-kramer.com\/wordpress\/das-fluestern-im-watt\/#breadcrumb\"},\"inLanguage\":\"de-DE\",\"potentialAction\":[{\"@type\":\"ReadAction\",\"target\":[\"https:\/\/gerd-kramer.com\/wordpress\/das-fluestern-im-watt\/\"]}]},{\"@type\":\"BreadcrumbList\",\"@id\":\"https:\/\/gerd-kramer.com\/wordpress\/das-fluestern-im-watt\/#breadcrumb\",\"itemListElement\":[{\"@type\":\"ListItem\",\"position\":1,\"item\":{\"@type\":\"WebPage\",\"@id\":\"https:\/\/gerd-kramer.com\/wordpress\/\",\"url\":\"https:\/\/gerd-kramer.com\/wordpress\/\",\"name\":\"Home\"}},{\"@type\":\"ListItem\",\"position\":2,\"item\":{\"@type\":\"WebPage\",\"@id\":\"https:\/\/gerd-kramer.com\/wordpress\/das-fluestern-im-watt\/\",\"url\":\"https:\/\/gerd-kramer.com\/wordpress\/das-fluestern-im-watt\/\",\"name\":\"Das Fl\\u00fcstern im Watt\"}}]}]}<\/script>\n<!-- \/ Yoast SEO plugin. -->","_links":{"self":[{"href":"https:\/\/gerd-kramer.com\/wordpress\/wp-json\/wp\/v2\/pages\/1539"}],"collection":[{"href":"https:\/\/gerd-kramer.com\/wordpress\/wp-json\/wp\/v2\/pages"}],"about":[{"href":"https:\/\/gerd-kramer.com\/wordpress\/wp-json\/wp\/v2\/types\/page"}],"author":[{"embeddable":true,"href":"https:\/\/gerd-kramer.com\/wordpress\/wp-json\/wp\/v2\/users\/1"}],"replies":[{"embeddable":true,"href":"https:\/\/gerd-kramer.com\/wordpress\/wp-json\/wp\/v2\/comments?post=1539"}],"version-history":[{"count":1,"href":"https:\/\/gerd-kramer.com\/wordpress\/wp-json\/wp\/v2\/pages\/1539\/revisions"}],"predecessor-version":[{"id":2037,"href":"https:\/\/gerd-kramer.com\/wordpress\/wp-json\/wp\/v2\/pages\/1539\/revisions\/2037"}],"wp:attachment":[{"href":"https:\/\/gerd-kramer.com\/wordpress\/wp-json\/wp\/v2\/media?parent=1539"}],"curies":[{"name":"wp","href":"https:\/\/api.w.org\/{rel}","templated":true}]}}