{"id":1510,"date":"2017-01-20T13:09:27","date_gmt":"2017-01-20T12:09:27","guid":{"rendered":"https:\/\/gerd-kramer.com\/?page_id=1510"},"modified":"2017-01-20T13:09:27","modified_gmt":"2017-01-20T12:09:27","slug":"spielball","status":"publish","type":"page","link":"https:\/\/gerd-kramer.com\/wordpress\/spielball\/","title":{"rendered":"Spielball ferner Welten"},"content":{"rendered":"<p><a href=\"https:\/\/www.amazon.de\/Spielball-ferner-Welten-Gerd-Kramer-ebook\/dp\/B01MUD9LOC\/ref=sr_1_1?ie=UTF8&amp;qid=1485075022&amp;sr=8-1&amp;keywords=9783738099928\" target=\"_blank\" rel=\"noopener noreferrer\"><img loading=\"lazy\" class=\"alignleft wp-image-1505 size-full\" title=\"Spielball fremder Welten\" src=\"https:\/\/gerd-kramer.com\/wordpress\/wp-content\/uploads\/2014\/08\/CoverMitRand_Spielball.jpg\" alt=\"CoverMitRand_Spielball\" width=\"233\" height=\"286\" \/><\/a><strong>Klappentext: <\/strong><span style=\"color: #000000; font-family: Calibri;\">Axel Brink und sein Partner Stefan Herzog sind Gesch\u00e4ftsf\u00fchrer einer Firma, die 4-D-Drucker entwickelt. Eines Tages entdeckt Brink eine handtellergro\u00dfe Spinne im Laborraum. Zun\u00e4chst glaubt er, es handele sich um eingeschlepptes, exotisches Tier. Doch es besitzt ungew\u00f6hnliche Eigenschaften. Es kann sich verkleinern und einen Menschen mit einem Stromschlag t\u00f6ten. Bald taucht der Verdacht auf, dass die Riesenspinne ein Roboter sein k\u00f6nnte.<br \/>\n<\/span><span style=\"color: #000000; font-family: Calibri;\">Brink, dessen Schwester Najda<\/span><span style=\"color: #000000; font-family: Calibri;\">\u00a0 <\/span><span style=\"color: #000000; font-family: Calibri;\">und der Physiker Markus Fischer versuchen, das Geheimnis zu l\u00fcften. Doch die Sache l\u00e4uft ihnen aus dem Ruder, als sie feststellen, dass es hunderte Exemplare gibt. Sie sind intelligent und verfolgen einen Plan.<\/span><\/p>\n<p>Doch was haben sie vor? Und wie lassen sie sich stoppen?<\/p>\n<p>&nbsp;<\/p>\n","protected":false},"excerpt":{"rendered":"<p>Klappentext: Axel Brink und sein Partner Stefan Herzog sind Gesch\u00e4ftsf\u00fchrer einer Firma, die 4-D-Drucker entwickelt. Eines Tages entdeckt Brink eine handtellergro\u00dfe Spinne im Laborraum. Zun\u00e4chst glaubt er, es handele sich um eingeschlepptes, exotisches Tier. Doch es besitzt ungew\u00f6hnliche Eigenschaften. Es kann sich verkleinern und einen Menschen mit einem Stromschlag t\u00f6ten. Bald taucht der Verdacht auf, &hellip; <a href=\"https:\/\/gerd-kramer.com\/wordpress\/spielball\/\" class=\"more-link\"><span class=\"screen-reader-text\">Spielball ferner Welten<\/span> weiterlesen <span class=\"meta-nav\">&rarr;<\/span><\/a><\/p>\n","protected":false},"author":1,"featured_media":0,"parent":0,"menu_order":0,"comment_status":"closed","ping_status":"closed","template":"","meta":{"ngg_post_thumbnail":0},"yoast_head":"<!-- This site is optimized with the Yoast SEO plugin v15.9.2 - https:\/\/yoast.com\/wordpress\/plugins\/seo\/ -->\n<meta name=\"robots\" content=\"index, follow, max-snippet:-1, max-image-preview:large, max-video-preview:-1\" \/>\n<link rel=\"canonical\" href=\"https:\/\/gerd-kramer.com\/wordpress\/spielball\/\" \/>\n<meta property=\"og:locale\" content=\"de_DE\" \/>\n<meta property=\"og:type\" content=\"article\" \/>\n<meta property=\"og:title\" content=\"Spielball ferner Welten\" \/>\n<meta property=\"og:description\" content=\"Klappentext: Axel Brink und sein Partner Stefan Herzog sind Gesch\u00e4ftsf\u00fchrer einer Firma, die 4-D-Drucker entwickelt. Eines Tages entdeckt Brink eine handtellergro\u00dfe Spinne im Laborraum. Zun\u00e4chst glaubt er, es handele sich um eingeschlepptes, exotisches Tier. Doch es besitzt ungew\u00f6hnliche Eigenschaften. Es kann sich verkleinern und einen Menschen mit einem Stromschlag t\u00f6ten. Bald taucht der Verdacht auf, &hellip; Spielball ferner Welten weiterlesen &rarr;\" \/>\n<meta property=\"og:url\" content=\"https:\/\/gerd-kramer.com\/wordpress\/spielball\/\" \/>\n<meta property=\"og:site_name\" content=\"Gerd Kramer\" \/>\n<meta property=\"og:image\" content=\"https:\/\/gerd-kramer.com\/wordpress\/wp-content\/uploads\/2014\/08\/CoverMitRand_Spielball.jpg\" \/>\n<meta name=\"twitter:card\" content=\"summary_large_image\" \/>\n<meta name=\"twitter:label1\" content=\"Gesch\u00e4tzte Lesezeit\">\n\t<meta name=\"twitter:data1\" content=\"1 Minute\">\n<script type=\"application\/ld+json\" class=\"yoast-schema-graph\">{\"@context\":\"https:\/\/schema.org\",\"@graph\":[{\"@type\":\"WebSite\",\"@id\":\"https:\/\/gerd-kramer.com\/wordpress\/#website\",\"url\":\"https:\/\/gerd-kramer.com\/wordpress\/\",\"name\":\"Gerd Kramer\",\"description\":\"Autor\",\"potentialAction\":[{\"@type\":\"SearchAction\",\"target\":\"https:\/\/gerd-kramer.com\/wordpress\/?s={search_term_string}\",\"query-input\":\"required name=search_term_string\"}],\"inLanguage\":\"de-DE\"},{\"@type\":\"ImageObject\",\"@id\":\"https:\/\/gerd-kramer.com\/wordpress\/spielball\/#primaryimage\",\"inLanguage\":\"de-DE\",\"url\":\"https:\/\/gerd-kramer.com\/wordpress\/wp-content\/uploads\/2014\/08\/CoverMitRand_Spielball.jpg\",\"width\":233,\"height\":286},{\"@type\":\"WebPage\",\"@id\":\"https:\/\/gerd-kramer.com\/wordpress\/spielball\/#webpage\",\"url\":\"https:\/\/gerd-kramer.com\/wordpress\/spielball\/\",\"name\":\"Spielball ferner Welten\",\"isPartOf\":{\"@id\":\"https:\/\/gerd-kramer.com\/wordpress\/#website\"},\"primaryImageOfPage\":{\"@id\":\"https:\/\/gerd-kramer.com\/wordpress\/spielball\/#primaryimage\"},\"datePublished\":\"2017-01-20T12:09:27+00:00\",\"dateModified\":\"2017-01-20T12:09:27+00:00\",\"breadcrumb\":{\"@id\":\"https:\/\/gerd-kramer.com\/wordpress\/spielball\/#breadcrumb\"},\"inLanguage\":\"de-DE\",\"potentialAction\":[{\"@type\":\"ReadAction\",\"target\":[\"https:\/\/gerd-kramer.com\/wordpress\/spielball\/\"]}]},{\"@type\":\"BreadcrumbList\",\"@id\":\"https:\/\/gerd-kramer.com\/wordpress\/spielball\/#breadcrumb\",\"itemListElement\":[{\"@type\":\"ListItem\",\"position\":1,\"item\":{\"@type\":\"WebPage\",\"@id\":\"https:\/\/gerd-kramer.com\/wordpress\/\",\"url\":\"https:\/\/gerd-kramer.com\/wordpress\/\",\"name\":\"Home\"}},{\"@type\":\"ListItem\",\"position\":2,\"item\":{\"@type\":\"WebPage\",\"@id\":\"https:\/\/gerd-kramer.com\/wordpress\/spielball\/\",\"url\":\"https:\/\/gerd-kramer.com\/wordpress\/spielball\/\",\"name\":\"Spielball ferner Welten\"}}]}]}<\/script>\n<!-- \/ Yoast SEO plugin. -->","_links":{"self":[{"href":"https:\/\/gerd-kramer.com\/wordpress\/wp-json\/wp\/v2\/pages\/1510"}],"collection":[{"href":"https:\/\/gerd-kramer.com\/wordpress\/wp-json\/wp\/v2\/pages"}],"about":[{"href":"https:\/\/gerd-kramer.com\/wordpress\/wp-json\/wp\/v2\/types\/page"}],"author":[{"embeddable":true,"href":"https:\/\/gerd-kramer.com\/wordpress\/wp-json\/wp\/v2\/users\/1"}],"replies":[{"embeddable":true,"href":"https:\/\/gerd-kramer.com\/wordpress\/wp-json\/wp\/v2\/comments?post=1510"}],"version-history":[{"count":0,"href":"https:\/\/gerd-kramer.com\/wordpress\/wp-json\/wp\/v2\/pages\/1510\/revisions"}],"wp:attachment":[{"href":"https:\/\/gerd-kramer.com\/wordpress\/wp-json\/wp\/v2\/media?parent=1510"}],"curies":[{"name":"wp","href":"https:\/\/api.w.org\/{rel}","templated":true}]}}