{"id":1053,"date":"2014-08-17T15:03:03","date_gmt":"2014-08-17T15:03:03","guid":{"rendered":"https:\/\/gerd-kramer.com\/?page_id=1053"},"modified":"2022-09-05T13:31:28","modified_gmt":"2022-09-05T13:31:28","slug":"privates","status":"publish","type":"page","link":"https:\/\/gerd-kramer.com\/wordpress\/privates\/","title":{"rendered":"Privates"},"content":{"rendered":"<p>Meine Kindheit verbrachte ich in der \u201egrauen Stadt am Meer\u201c, wie&nbsp;Theodor Storm seine und meine Geburtsstadt Husum nannte. \u201eD<em>och h\u00e4ngt mein ganzes Herz an dir\u201c<\/em>, sagt der Dichter in der letzten Strophe.<br \/>\nWir wohnten am Stadtrand.&nbsp; Dort wurde es nach Sonnenuntergang noch richtig dunkel. Keine Lichter st\u00f6rten beim Blick auf den Sternenhimmel, und die Milchstra\u00dfe war klar zu erkennen.<br \/>\nIch bin sicher, dass in dieser Zeit mein Interesse an Astronomie und Kosmologie geboren wurde.<br \/>\nEs hat mich zum Physikstudium bewegt und motiviert, mich bis zum heutigen Tag mit den Themen zu befassen.&nbsp; Die Erkl\u00e4rungen, die die Wissenschaftler \u00fcber den Ursprung und die Entwicklung des Universums im Laufe der letzten Jahrzehnte gefunden haben, haben meine Faszination nicht etwa verringert, sondern stetig gesteigert, was in meinen B\u00fcchern \u201eDas versteckte Experiment\u201c und \u201eIm Netz der Hydra\u201c&nbsp; und \u201eSchr\u00f6ders Hund ist tot\u201c zum Ausdruck kommt.<\/p>\n<p>Neben meiner T\u00e4tigkeit als Autor bin ich als Gutachter im Umweltschutz (L\u00e4rmschutz) und als Softwareentwickler t\u00e4tig.<br \/>\nAber inzwischen hat sich mein Interessenschwerpunkt weitgehend auf das Schreiben von Kriminalromanen verlagert, die an der Nordseek\u00fcste spielen.<\/p>\n<p>&nbsp;<\/p>\n<p>&nbsp;<\/p>\n","protected":false},"excerpt":{"rendered":"<p>Meine Kindheit verbrachte ich in der \u201egrauen Stadt am Meer\u201c, wie&nbsp;Theodor Storm seine und meine Geburtsstadt Husum nannte. \u201eDoch h\u00e4ngt mein ganzes Herz an dir\u201c, sagt der Dichter in der letzten Strophe. Wir wohnten am Stadtrand.&nbsp; Dort wurde es nach Sonnenuntergang noch richtig dunkel. Keine Lichter st\u00f6rten beim Blick auf den Sternenhimmel, und die Milchstra\u00dfe &hellip; <a href=\"https:\/\/gerd-kramer.com\/wordpress\/privates\/\" class=\"more-link\"><span class=\"screen-reader-text\">Privates<\/span> weiterlesen <span class=\"meta-nav\">&rarr;<\/span><\/a><\/p>\n","protected":false},"author":1,"featured_media":0,"parent":0,"menu_order":0,"comment_status":"closed","ping_status":"closed","template":"","meta":{"ngg_post_thumbnail":0},"yoast_head":"<!-- This site is optimized with the Yoast SEO plugin v15.9.2 - https:\/\/yoast.com\/wordpress\/plugins\/seo\/ -->\n<meta name=\"robots\" content=\"index, follow, max-snippet:-1, max-image-preview:large, max-video-preview:-1\" \/>\n<link rel=\"canonical\" href=\"https:\/\/gerd-kramer.com\/wordpress\/privates\/\" \/>\n<meta property=\"og:locale\" content=\"de_DE\" \/>\n<meta property=\"og:type\" content=\"article\" \/>\n<meta property=\"og:title\" content=\"Privates - Gerd Kramer\" \/>\n<meta property=\"og:description\" content=\"Meine Kindheit verbrachte ich in der \u201egrauen Stadt am Meer\u201c, wie&nbsp;Theodor Storm seine und meine Geburtsstadt Husum nannte. \u201eDoch h\u00e4ngt mein ganzes Herz an dir\u201c, sagt der Dichter in der letzten Strophe. Wir wohnten am Stadtrand.&nbsp; Dort wurde es nach Sonnenuntergang noch richtig dunkel. Keine Lichter st\u00f6rten beim Blick auf den Sternenhimmel, und die Milchstra\u00dfe &hellip; Privates weiterlesen &rarr;\" \/>\n<meta property=\"og:url\" content=\"https:\/\/gerd-kramer.com\/wordpress\/privates\/\" \/>\n<meta property=\"og:site_name\" content=\"Gerd Kramer\" \/>\n<meta property=\"article:modified_time\" content=\"2022-09-05T13:31:28+00:00\" \/>\n<meta name=\"twitter:card\" content=\"summary_large_image\" \/>\n<meta name=\"twitter:label1\" content=\"Gesch\u00e4tzte Lesezeit\">\n\t<meta name=\"twitter:data1\" content=\"1 Minute\">\n<script type=\"application\/ld+json\" class=\"yoast-schema-graph\">{\"@context\":\"https:\/\/schema.org\",\"@graph\":[{\"@type\":\"WebSite\",\"@id\":\"https:\/\/gerd-kramer.com\/wordpress\/#website\",\"url\":\"https:\/\/gerd-kramer.com\/wordpress\/\",\"name\":\"Gerd Kramer\",\"description\":\"Autor\",\"potentialAction\":[{\"@type\":\"SearchAction\",\"target\":\"https:\/\/gerd-kramer.com\/wordpress\/?s={search_term_string}\",\"query-input\":\"required name=search_term_string\"}],\"inLanguage\":\"de-DE\"},{\"@type\":\"WebPage\",\"@id\":\"https:\/\/gerd-kramer.com\/wordpress\/privates\/#webpage\",\"url\":\"https:\/\/gerd-kramer.com\/wordpress\/privates\/\",\"name\":\"Privates - Gerd Kramer\",\"isPartOf\":{\"@id\":\"https:\/\/gerd-kramer.com\/wordpress\/#website\"},\"datePublished\":\"2014-08-17T15:03:03+00:00\",\"dateModified\":\"2022-09-05T13:31:28+00:00\",\"breadcrumb\":{\"@id\":\"https:\/\/gerd-kramer.com\/wordpress\/privates\/#breadcrumb\"},\"inLanguage\":\"de-DE\",\"potentialAction\":[{\"@type\":\"ReadAction\",\"target\":[\"https:\/\/gerd-kramer.com\/wordpress\/privates\/\"]}]},{\"@type\":\"BreadcrumbList\",\"@id\":\"https:\/\/gerd-kramer.com\/wordpress\/privates\/#breadcrumb\",\"itemListElement\":[{\"@type\":\"ListItem\",\"position\":1,\"item\":{\"@type\":\"WebPage\",\"@id\":\"https:\/\/gerd-kramer.com\/wordpress\/\",\"url\":\"https:\/\/gerd-kramer.com\/wordpress\/\",\"name\":\"Home\"}},{\"@type\":\"ListItem\",\"position\":2,\"item\":{\"@type\":\"WebPage\",\"@id\":\"https:\/\/gerd-kramer.com\/wordpress\/privates\/\",\"url\":\"https:\/\/gerd-kramer.com\/wordpress\/privates\/\",\"name\":\"Privates\"}}]}]}<\/script>\n<!-- \/ Yoast SEO plugin. -->","_links":{"self":[{"href":"https:\/\/gerd-kramer.com\/wordpress\/wp-json\/wp\/v2\/pages\/1053"}],"collection":[{"href":"https:\/\/gerd-kramer.com\/wordpress\/wp-json\/wp\/v2\/pages"}],"about":[{"href":"https:\/\/gerd-kramer.com\/wordpress\/wp-json\/wp\/v2\/types\/page"}],"author":[{"embeddable":true,"href":"https:\/\/gerd-kramer.com\/wordpress\/wp-json\/wp\/v2\/users\/1"}],"replies":[{"embeddable":true,"href":"https:\/\/gerd-kramer.com\/wordpress\/wp-json\/wp\/v2\/comments?post=1053"}],"version-history":[{"count":6,"href":"https:\/\/gerd-kramer.com\/wordpress\/wp-json\/wp\/v2\/pages\/1053\/revisions"}],"predecessor-version":[{"id":2306,"href":"https:\/\/gerd-kramer.com\/wordpress\/wp-json\/wp\/v2\/pages\/1053\/revisions\/2306"}],"wp:attachment":[{"href":"https:\/\/gerd-kramer.com\/wordpress\/wp-json\/wp\/v2\/media?parent=1053"}],"curies":[{"name":"wp","href":"https:\/\/api.w.org\/{rel}","templated":true}]}}